{"id":7,"date":"2022-08-23T06:48:41","date_gmt":"2022-08-23T06:48:41","guid":{"rendered":"https:\/\/slashmyprice.com\/se\/?page_id=7"},"modified":"2026-03-12T01:48:44","modified_gmt":"2026-03-12T01:48:44","slug":"hem","status":"publish","type":"page","link":"https:\/\/slashmyprice.com\/se\/","title":{"rendered":"Hem"},"content":{"rendered":"","protected":false},"excerpt":{"rendered":"","protected":false},"author":3,"featured_media":0,"parent":0,"menu_order":7,"comment_status":"closed","ping_status":"closed","template":"","meta":{"_acf_changed":false,"footnotes":""},"class_list":["post-7","page","type-page","status-publish","hentry"],"acf":[],"yoast_head":"<!-- This site is optimized with the Yoast SEO plugin v27.1.1 - https:\/\/yoast.com\/product\/yoast-seo-wordpress\/ -->\n<title>slashmyprice.com\/se - Senaste kuponger och rabatter<\/title>\n<meta name=\"description\" content=\"slashmyprice.com\/se ger dig handplockade kuponger och erbjudanden f\u00f6r betydande besparingar p\u00e5 ditt favoritm\u00e4rke.\" \/>\n<meta name=\"robots\" content=\"index, follow, max-snippet:-1, max-image-preview:large, max-video-preview:-1\" \/>\n<link rel=\"canonical\" href=\"https:\/\/slashmyprice.com\/se\/\" \/>\n<meta property=\"og:locale\" content=\"en_US\" \/>\n<meta property=\"og:type\" content=\"article\" \/>\n<meta property=\"og:title\" content=\"slashmyprice.com\/se - Senaste kuponger och rabatter\" \/>\n<meta property=\"og:description\" content=\"slashmyprice.com\/se ger dig handplockade kuponger och erbjudanden f\u00f6r betydande besparingar p\u00e5 ditt favoritm\u00e4rke.\" \/>\n<meta property=\"og:url\" content=\"https:\/\/slashmyprice.com\/se\/\" \/>\n<meta property=\"og:site_name\" content=\"SlashMyPrice\" \/>\n<meta property=\"article:modified_time\" content=\"2026-03-12T01:48:44+00:00\" \/>\n<meta name=\"twitter:card\" content=\"summary_large_image\" \/>\n<script type=\"application\/ld+json\" class=\"yoast-schema-graph\">{\"@context\":\"https:\/\/schema.org\",\"@graph\":[{\"@type\":\"WebPage\",\"@id\":\"https:\/\/slashmyprice.com\/se\/\",\"url\":\"https:\/\/slashmyprice.com\/se\/\",\"name\":\"slashmyprice.com\/se - Senaste kuponger och rabatter\",\"isPartOf\":{\"@id\":\"https:\/\/slashmyprice.com\/se\/#website\"},\"datePublished\":\"2022-08-23T06:48:41+00:00\",\"dateModified\":\"2026-03-12T01:48:44+00:00\",\"description\":\"slashmyprice.com\/se ger dig handplockade kuponger och erbjudanden f\u00f6r betydande besparingar p\u00e5 ditt favoritm\u00e4rke.\",\"breadcrumb\":{\"@id\":\"https:\/\/slashmyprice.com\/se\/#breadcrumb\"},\"inLanguage\":\"en-US\",\"potentialAction\":[{\"@type\":\"ReadAction\",\"target\":[\"https:\/\/slashmyprice.com\/se\/\"]}]},{\"@type\":\"BreadcrumbList\",\"@id\":\"https:\/\/slashmyprice.com\/se\/#breadcrumb\",\"itemListElement\":[{\"@type\":\"ListItem\",\"position\":1,\"name\":\"Home\",\"item\":\"https:\/\/slashmyprice.com\/se\/\"},{\"@type\":\"ListItem\",\"position\":2,\"name\":\"Hem\"}]},{\"@type\":\"WebSite\",\"@id\":\"https:\/\/slashmyprice.com\/se\/#website\",\"url\":\"https:\/\/slashmyprice.com\/se\/\",\"name\":\"SlashMyPrice\",\"description\":\"SlashMyPrice\",\"potentialAction\":[{\"@type\":\"SearchAction\",\"target\":{\"@type\":\"EntryPoint\",\"urlTemplate\":\"https:\/\/slashmyprice.com\/se\/?s={search_term_string}\"},\"query-input\":{\"@type\":\"PropertyValueSpecification\",\"valueRequired\":true,\"valueName\":\"search_term_string\"}}],\"inLanguage\":\"en-US\"}]}<\/script>\n<!-- \/ Yoast SEO plugin. -->","yoast_head_json":{"title":"slashmyprice.com\/se - Senaste kuponger och rabatter","description":"slashmyprice.com\/se ger dig handplockade kuponger och erbjudanden f\u00f6r betydande besparingar p\u00e5 ditt favoritm\u00e4rke.","robots":{"index":"index","follow":"follow","max-snippet":"max-snippet:-1","max-image-preview":"max-image-preview:large","max-video-preview":"max-video-preview:-1"},"canonical":"https:\/\/slashmyprice.com\/se\/","og_locale":"en_US","og_type":"article","og_title":"slashmyprice.com\/se - Senaste kuponger och rabatter","og_description":"slashmyprice.com\/se ger dig handplockade kuponger och erbjudanden f\u00f6r betydande besparingar p\u00e5 ditt favoritm\u00e4rke.","og_url":"https:\/\/slashmyprice.com\/se\/","og_site_name":"SlashMyPrice","article_modified_time":"2026-03-12T01:48:44+00:00","twitter_card":"summary_large_image","schema":{"@context":"https:\/\/schema.org","@graph":[{"@type":"WebPage","@id":"https:\/\/slashmyprice.com\/se\/","url":"https:\/\/slashmyprice.com\/se\/","name":"slashmyprice.com\/se - Senaste kuponger och rabatter","isPartOf":{"@id":"https:\/\/slashmyprice.com\/se\/#website"},"datePublished":"2022-08-23T06:48:41+00:00","dateModified":"2026-03-12T01:48:44+00:00","description":"slashmyprice.com\/se ger dig handplockade kuponger och erbjudanden f\u00f6r betydande besparingar p\u00e5 ditt favoritm\u00e4rke.","breadcrumb":{"@id":"https:\/\/slashmyprice.com\/se\/#breadcrumb"},"inLanguage":"en-US","potentialAction":[{"@type":"ReadAction","target":["https:\/\/slashmyprice.com\/se\/"]}]},{"@type":"BreadcrumbList","@id":"https:\/\/slashmyprice.com\/se\/#breadcrumb","itemListElement":[{"@type":"ListItem","position":1,"name":"Home","item":"https:\/\/slashmyprice.com\/se\/"},{"@type":"ListItem","position":2,"name":"Hem"}]},{"@type":"WebSite","@id":"https:\/\/slashmyprice.com\/se\/#website","url":"https:\/\/slashmyprice.com\/se\/","name":"SlashMyPrice","description":"SlashMyPrice","potentialAction":[{"@type":"SearchAction","target":{"@type":"EntryPoint","urlTemplate":"https:\/\/slashmyprice.com\/se\/?s={search_term_string}"},"query-input":{"@type":"PropertyValueSpecification","valueRequired":true,"valueName":"search_term_string"}}],"inLanguage":"en-US"}]}},"_links":{"self":[{"href":"https:\/\/slashmyprice.com\/se\/wp-json\/wp\/v2\/pages\/7","targetHints":{"allow":["GET"]}}],"collection":[{"href":"https:\/\/slashmyprice.com\/se\/wp-json\/wp\/v2\/pages"}],"about":[{"href":"https:\/\/slashmyprice.com\/se\/wp-json\/wp\/v2\/types\/page"}],"author":[{"embeddable":true,"href":"https:\/\/slashmyprice.com\/se\/wp-json\/wp\/v2\/users\/3"}],"replies":[{"embeddable":true,"href":"https:\/\/slashmyprice.com\/se\/wp-json\/wp\/v2\/comments?post=7"}],"version-history":[{"count":96,"href":"https:\/\/slashmyprice.com\/se\/wp-json\/wp\/v2\/pages\/7\/revisions"}],"predecessor-version":[{"id":73726,"href":"https:\/\/slashmyprice.com\/se\/wp-json\/wp\/v2\/pages\/7\/revisions\/73726"}],"wp:attachment":[{"href":"https:\/\/slashmyprice.com\/se\/wp-json\/wp\/v2\/media?parent=7"}],"curies":[{"name":"wp","href":"https:\/\/api.w.org\/{rel}","templated":true}]}}