{"id":3700,"date":"2024-04-26T12:23:06","date_gmt":"2024-04-26T12:23:06","guid":{"rendered":"https:\/\/slashmyprice.com\/se\/?page_id=3700"},"modified":"2024-04-26T12:23:06","modified_gmt":"2024-04-26T12:23:06","slug":"gdpr-policy","status":"publish","type":"page","link":"https:\/\/slashmyprice.com\/se\/gdpr-policy\/","title":{"rendered":"GDPR Policy"},"content":{"rendered":"<p><strong>SlashMyPrice GDPR Policy<\/strong><\/p>\n<p><strong>Insamling av information:<\/strong><\/p>\n<p>Vi samlar in, bearbetar och anv\u00e4nder information om dig n\u00e4r du:<\/p>\n<ul>\n<li>Registrera dig f\u00f6r v\u00e5ra tj\u00e4nster.<\/li>\n<li>Interagera med v\u00e5ra tj\u00e4nster.<\/li>\n<li>Anslut till v\u00e5ra tj\u00e4nster via tredje part, inklusive konton f\u00f6r sociala medier, e-postkonton och aff\u00e4rspartners (beskrivs i avsnitt 3 nedan).<\/li>\n<li>Kontakta oss f\u00f6r hj\u00e4lp.<\/li>\n<\/ul>\n<p>Vi samlar in viss information n\u00e4r du interagerar med v\u00e5ra tj\u00e4nster online. Vi samlar ocks\u00e5 automatiskt in information om dig och din anv\u00e4ndning av tj\u00e4nsterna genom anv\u00e4ndning av loggprocesser, cookies, teknik f\u00f6r platsidentifiering och andra sp\u00e5rningstekniker. Viss information om dig samlas in av tredje part, inklusive n\u00e4r du ansluter via en tredjepartstj\u00e4nst eller en aff\u00e4rspartners webbplats, eller n\u00e4r information delas av handlare och aff\u00e4rspartners som du ocks\u00e5 har interagerat med.<\/p>\n<p><strong>Typer av information vi kan samla in<\/strong><\/p>\n<p>De typer av information vi samlar in om dig kan innefatta personuppgifter av f\u00f6ljande typer:<\/p>\n<ul>\n<li>Identifierare som du tillhandah\u00e5ller direkt till oss, s\u00e5som ditt f\u00f6r- och efternamn, postadress, e-postadress, skatteinformation (f\u00f6r vinnare av utlottningar, t\u00e4vlingar och kampanjer) och\/eller telefonnummer.<\/li>\n<li>Identifierare som samlas in genom din anv\u00e4ndning av tj\u00e4nsterna, s\u00e5som: Till exempel unika online- eller enhetsidentifierare, IP-adress, enhets- eller sessions-ID och information om din systemkonfiguration (operativsystem och version), n\u00e4tverk och ansluten h\u00e5rdvara (t.ex. dator eller mobil) enhet, etc., tr\u00e5dl\u00f6s operat\u00f6r) och mjukvaruapplikationer (t.ex. andra applikationer installerade p\u00e5 din mobila enhet).<\/li>\n<li>Kundregistreringsinformation som betalkontonamn, betalkontonummer, betalkorts utg\u00e5ngsdatum och faktureringsadress.<\/li>\n<li>Skyddade klassificeringsegenskaper, s\u00e5som ditt k\u00f6n, \u00e5lder, hush\u00e5llsinkomst, civilst\u00e5nd eller din klassificering i n\u00e5gon annan skyddad klassificering enligt kalifornisk lag, endast i den m\u00e5n du tillhandah\u00e5ller s\u00e5dan information till oss som demografisk information i ett enk\u00e4tsvar som \u00e4r identifierbart det \u00e4r du.<\/li>\n<li>Kommersiell information om dig, s\u00e5som: B. Register \u00f6ver produkter, produkttyper, handlare, handlartyper, varor eller tj\u00e4nster som du har k\u00f6pt, tagit emot eller \u00f6verv\u00e4gt, inklusive produkter, handlare och kuponger som du s\u00f6kt efter, tittat p\u00e5 eller klickat p\u00e5, lagt till i kundvagn Artiklar, p\u00e5b\u00f6rjade shoppingresor, p\u00e5b\u00f6rjade shoppingresor, s\u00e4ljarsidor som bes\u00f6kts genom v\u00e5ra tj\u00e4nster, transaktionshistorik relaterad till v\u00e5ra tj\u00e4nster, information om k\u00f6pbekr\u00e4ftelse, ackumulerade cashback, American Express medlemspo\u00e4ng och andra lojalitetsvalutor.<\/li>\n<li>Internet och annan n\u00e4tverksaktivitet, s\u00e5som din surf- och s\u00f6khistorik och din interaktion med v\u00e5ra webbplatser och tj\u00e4nster, inklusive:<\/li>\n<li>Produkter, kuponger, erbjudanden eller handlare som du s\u00f6ker efter, klickar p\u00e5, l\u00e4gger till i dina favoriter och\/eller visar, inklusive klick du g\u00f6r p\u00e5 s\u00e4ljarwebbplatser du bes\u00f6ker.<\/li>\n<li>Datum- och tidsst\u00e4mplar associerade med s\u00e5dan surfning, s\u00f6kningar och klick;<\/li>\n<li>Klicka p\u00e5 str\u00f6mdata, d.v.s. H. de sida-f\u00f6r-sida-klick du g\u00f6r n\u00e4r du navigerar genom v\u00e5ra tj\u00e4nster, inklusive webbsidan som bes\u00f6ktes innan du kom till v\u00e5r webbplats;<\/li>\n<li>Lokala preferenser f\u00f6r din anv\u00e4ndning av tj\u00e4nsterna. Sensorisk information, s\u00e5som ljudinspelningar av din r\u00f6st n\u00e4r du ringer v\u00e5ra medlemsservicerepresentanter, i den utstr\u00e4ckning det \u00e4r till\u00e5tet enligt till\u00e4mplig lag;<\/li>\n<li>Medlemskontots inloggningsinformation, inklusive anv\u00e4ndarnamn och l\u00f6senord; Och<\/li>\n<li>Slutsatser om dig och dina sannolika preferenser, egenskaper, beteenden och attityder fr\u00e5n all information vi samlar in om dig, f\u00f6rutom &#8220;k\u00e4nslig&#8221; information.<\/li>\n<\/ul>\n<p>I vissa jurisdiktioner kan vissa typer av information vi samlar in betraktas som &#8220;k\u00e4nslig&#8221; personlig information, inklusive:<\/p>\n<ul>\n<li>Demografisk information som ditt k\u00f6n, \u00e5lder, hush\u00e5llsinkomst eller civilst\u00e5nd, endast i den utstr\u00e4ckning du tillhandah\u00e5ller den informationen till oss som demografisk information i ett enk\u00e4tsvar som \u00e4r identifierbart f\u00f6r dig<\/li>\n<li>Exakt geolokaliseringsdata, om du har konfigurerat din enhet f\u00f6r att dela denna information med oss.<\/li>\n<\/ul>\n<p>Observera att vi endast anv\u00e4nder denna k\u00e4nsliga information f\u00f6r att f\u00f6rse dig med tj\u00e4nsterna och att vi inte samlar in, anv\u00e4nder eller avsl\u00f6jar denna k\u00e4nsliga information f\u00f6r att dra slutsatser om dina personliga egenskaper. Vi &#8220;s\u00e4ljer&#8221; eller &#8220;delar&#8221; inte k\u00e4nslig personlig information eller anv\u00e4nder k\u00e4nslig information f\u00f6r &#8220;riktad reklam&#8221;, som dessa termer definieras i U.S. statens integritetslagar.<\/p>\n<p><strong>Anv\u00e4ndning av informationen vi samlar in<\/strong><\/p>\n<p>Vi anv\u00e4nder informationen vi samlar in om dig f\u00f6r f\u00f6ljande aff\u00e4rs- och kommersiella \u00e4ndam\u00e5l:<\/p>\n<p><strong>F\u00f6r att tillhandah\u00e5lla v\u00e5ra tj\u00e4nster och hantera ditt konto, inklusive:<\/strong><\/p>\n<ul>\n<li>Behandla din registrering hos v\u00e5ra tj\u00e4nster, inklusive att verifiera att din e-postadress \u00e4r aktiv och giltig och registrera dig i v\u00e5ra program.<\/li>\n<li>Hantera dina konto- och interaktionsinst\u00e4llningar, inklusive sp\u00e5rning av dina favoritbutiker, handlare och f\u00f6redragna platser, s\u00e5v\u00e4l som din transaktionshistorik.<\/li>\n<li>Skicka tekniska meddelanden, uppdateringar, s\u00e4kerhetsvarningar och administrativa meddelanden till dig<\/li>\n<li>Ge medlemmarna tj\u00e4nster och support ang\u00e5ende ditt konto och svara p\u00e5 deras fr\u00e5gor, kommentarer och f\u00f6rfr\u00e5gningar<\/li>\n<\/ul>\n<p><strong>F\u00f6r att anpassa och f\u00f6rb\u00e4ttra v\u00e5ra tj\u00e4nster<\/strong><\/p>\n<p>Vi kan anv\u00e4nda informationen vi samlar in om dig f\u00f6r att skapa en profil \u00f6ver dina preferenser f\u00f6r att personifiera och anpassa inneh\u00e5llet p\u00e5 Tj\u00e4nsterna s\u00e5 att det \u00e4r mer sannolikt att det \u00e4r av intresse f\u00f6r dig. Till exempel kan vi anv\u00e4nda dina mest bes\u00f6kta butiker eller din shoppinghistorik f\u00f6r att visa erbjudanden f\u00f6r liknande butiker i relevanta delar av Tj\u00e4nsterna eller f\u00f6r att presentera specialerbjudanden som kan intressera dig i v\u00e5ra Tj\u00e4nster, inklusive i butik.<\/p>\n<p>Vi kan ocks\u00e5 anv\u00e4nda informationen vi samlar in om dig f\u00f6r att identifiera anv\u00e4ndningstrender och utf\u00f6ra statistiska analyser f\u00f6r att f\u00f6rb\u00e4ttra v\u00e5ra tj\u00e4nster, webbplatser, applikationer, marknadsf\u00f6ringsinsatser och v\u00e5ra aff\u00e4rspartners produkter och tj\u00e4nster som vi rekommenderar eller erbjuder, f\u00f6r att tillhandah\u00e5lla en b\u00e4ttre service f\u00f6r dig i framtiden.<\/p>\n<p><strong>F\u00f6r att ge dig marknadsf\u00f6ringsinformation<\/strong><\/p>\n<p>F\u00f6retaget kan anv\u00e4nda informationen vi samlar in om dig f\u00f6r att ge dig mer personliga erbjudanden, specialerbjudanden, rabatter och\/eller mer relevanta erbjudanden fr\u00e5n v\u00e5ra deltagande handlare via e-post och annan direkt kommunikation, samt genom digital reklam. Vi kan anv\u00e4nda din information f\u00f6r att skicka nyhetsbrev, bel\u00f6ningserbjudanden, rabatter, kampanjkoder, evenemang och allm\u00e4n information om tj\u00e4nsterna direkt via e-post.<\/p>\n<p><strong>F\u00f6r att skydda dig, andra och v\u00e5rt f\u00f6retag<\/strong><\/p>\n<p>Vi kan anv\u00e4nda den insamlade informationen f\u00f6r att bed\u00f6ma risker, unders\u00f6ka och begr\u00e4nsa bedr\u00e4gerier, spam och annan skadlig onlineaktivitet p\u00e5 v\u00e5ra tj\u00e4nster och f\u00f6rb\u00e4ttra v\u00e5ra s\u00e4kerhets\u00e5tg\u00e4rder. Vi kan ocks\u00e5 anv\u00e4nda den insamlade informationen f\u00f6r att h\u00e4vda v\u00e5ra lagliga r\u00e4ttigheter eller f\u00f6r att f\u00f6rsvara v\u00e5ra lagliga r\u00e4ttigheter mot tredje part.<\/p>\n<p><strong>F\u00f6r att f\u00f6lja till\u00e4mpliga lagar<\/strong><\/p>\n<p>Vi kan anv\u00e4nda informationen vi samlar in om dig f\u00f6r att f\u00f6lja till\u00e4mpliga lagar, regler, f\u00f6rordningar och juridiska myndigheter i varje geografisk region d\u00e4r vi \u00e4r verksamma.<\/p>\n<p><strong>Dina integritetsr\u00e4ttigheter<\/strong><\/p>\n<p>Med vissa undantag har du vissa r\u00e4ttigheter enligt till\u00e4mplig lag ang\u00e5ende din personliga information.<\/p>\n<p><strong>R\u00e4tt till kunskap och tillg\u00e5ng<\/strong><\/p>\n<p>Du har r\u00e4tt att beg\u00e4ra tillg\u00e5ng till den personliga information om dig som vi samlat in, anv\u00e4nde, avsl\u00f6jat f\u00f6r aff\u00e4rs\u00e4ndam\u00e5l och s\u00e5lt eller delat f\u00f6r tv\u00e4rkontextuell eller riktad reklam, inklusive de syften f\u00f6r vilka vi anv\u00e4nde den och kategorierna av k\u00e4llor fr\u00e5n som vi f\u00e5tt din information och kategorierna av tredje parter som vi har delat dina uppgifter med. Du har ocks\u00e5 r\u00e4tt att beg\u00e4ra tillg\u00e5ng till (f\u00e5 en kopia av) de specifika personuppgifter vi har samlat in om dig. (Observera att vi inte delar n\u00e5gon k\u00e4nslig personlig information som vi kan ha som en del av dessa typer av f\u00f6rfr\u00e5gningar).<\/p>\n<p><strong>R\u00e4tt att beg\u00e4ra radering<\/strong><\/p>\n<p>Du har r\u00e4tt att beg\u00e4ra att vi raderar all personlig information som vi har samlat in fr\u00e5n eller lagrat om dig, med vissa undantag. Vi kommer att radera din personliga information vid en s\u00e5dan beg\u00e4ran, s\u00e5vida vi inte fastst\u00e4ller att vi beh\u00f6ver informationen f\u00f6r aff\u00e4rs\u00e4ndam\u00e5l och har en laglig r\u00e4tt att beh\u00e5lla den. I det h\u00e4r fallet kommer vi att informera dig om detta juridiska undantag.<\/p>\n<p><strong>R\u00e4tt till r\u00e4ttelse<\/strong><\/p>\n<p>Med vissa undantag har du r\u00e4tt att beg\u00e4ra att f\u00f6retaget korrigerar eventuella felaktiga eller ofullst\u00e4ndiga personuppgifter som vi har samlat in fr\u00e5n eller beh\u00e5ller om dig.<\/p>\n<p><strong>R\u00e4tt till icke-diskriminering<\/strong><\/p>\n<p>Vi kommer inte att diskriminera dig n\u00e4r vi ut\u00f6var dina r\u00e4ttigheter. Om inte till\u00e4mplig lag till\u00e5ter annat, om du beg\u00e4r att f\u00e5 veta, f\u00e5 tillg\u00e5ng till, korrigera eller radera din information, eller v\u00e4lja bort f\u00f6rs\u00e4ljningen eller \u00f6verf\u00f6ringen, kommer vi inte att g\u00f6ra n\u00e5got av f\u00f6ljande:<\/p>\n<ul>\n<li>Neka dig varor eller tj\u00e4nster<\/li>\n<li>Debitera dig olika priser eller priser f\u00f6r varor eller tj\u00e4nster, inklusive genom att ge rabatter eller andra f\u00f6rm\u00e5ner eller utd\u00f6ma straffavgifter<\/li>\n<li>Erbjuda dig en annan niv\u00e5 eller kvalitet p\u00e5 varor eller tj\u00e4nster, eller f\u00f6resl\u00e5 att du kan f\u00e5 ett annat pris eller pris f\u00f6r varor eller tj\u00e4nster eller<\/li>\n<li>En annan niv\u00e5 eller kvalitet p\u00e5 varor eller tj\u00e4nster<\/li>\n<\/ul>\n<p><strong>\u00d6verklagander\u00e4tt<\/strong><\/p>\n<p>Beroende p\u00e5 din bos\u00e4ttningsland kan du ha r\u00e4tt att \u00f6verklaga v\u00e5rt beslut ang\u00e5ende din beg\u00e4ran om integritetsr\u00e4tt. Du kan skicka in en inv\u00e4ndningsf\u00f6rfr\u00e5gan genom att kontakta oss p\u00e5 <a href=\"mailto:contact@slashmyprice.com\">contact@slashmyprice.com<\/a>. Vi svarar i enlighet med den lag som \u00e4r till\u00e4mplig p\u00e5 din plats.<\/p>\n<p><strong>Agenter<\/strong><\/p>\n<p>Endast du eller n\u00e5gon som \u00e4r lagligt beh\u00f6rig att agera \u00e5 dina v\u00e4gnar f\u00e5r g\u00f6ra en verifierbar konsumentf\u00f6rfr\u00e5gan relaterad till din personliga information. Varje agent som g\u00f6r en beg\u00e4ran f\u00f6r din r\u00e4kning kan vi kr\u00e4va att du tillhandah\u00e5ller bevis p\u00e5 att du har auktoriserat den agenten att g\u00f6ra en beg\u00e4ran f\u00f6r din r\u00e4kning, och vi kan kr\u00e4va att du sj\u00e4lvst\u00e4ndigt verifierar din identitet eller att du sj\u00e4lv loggar in p\u00e5 ditt konto f\u00f6r att ge \u00e5tkomsten koda.<\/p>\n<p><strong>Annan information<\/strong><\/p>\n<p>Enligt Kaliforniens lag kan inv\u00e5nare i Kalifornien beg\u00e4ra specifik information om hur deras information kan delas med tredje part f\u00f6r direktmarknadsf\u00f6rings\u00e4ndam\u00e5l.<\/p>\n<p><strong>Information f\u00f6r minder\u00e5riga<\/strong><\/p>\n<p>Den h\u00e4r webbplatsen och alla relaterade tj\u00e4nster riktar sig till vuxna 18 \u00e5r och \u00e4ldre, och vi samlar inte in, s\u00e4ljer eller delar inte medvetet personlig information fr\u00e5n konsumenter under 16 \u00e5r utan uttryckligt tillst\u00e5nd eller verifierbart f\u00f6r\u00e4ldrasamtycke till n\u00e5gon under 13 \u00e5r. \u00e5lder.<\/p>\n<p><strong>Informationss\u00e4kerhet<\/strong><\/p>\n<p>Vi har implementerat tekniska och organisatoriska \u00e5tg\u00e4rder f\u00f6r att s\u00e4kerst\u00e4lla en s\u00e4kerhetsniv\u00e5 som \u00e4r l\u00e4mplig f\u00f6r risken f\u00f6r de personuppgifter vi behandlar. Syftet med dessa \u00e5tg\u00e4rder \u00e4r att uppr\u00e4tth\u00e5lla den p\u00e5g\u00e5ende integriteten och skydda personuppgifternas konfidentialitet. Vi utv\u00e4rderar regelbundet dessa \u00e5tg\u00e4rder f\u00f6r att s\u00e4kerst\u00e4lla att de forts\u00e4tter att uppr\u00e4tth\u00e5lla och till\u00e4mpa en l\u00e4mplig s\u00e4kerhetsniv\u00e5<\/p>\n<p><strong>\u00c4ndringar av denna integritetspolicy<\/strong><\/p>\n<p>Denna integritetspolicy \u00e4r aktuell fr\u00e5n och med det giltighetsdatum som anges nedan. Vi f\u00f6rbeh\u00e5ller oss r\u00e4tten att \u00e4ndra denna integritetspolicy fr\u00e5n tid till annan i enlighet med till\u00e4mpliga dataskyddslagar och principer och v\u00e5r praxis f\u00f6r personuppgifter. Om vi \u200b\u200bg\u00f6r \u00e4ndringar i denna integritetspolicy kommer vi att meddela dig genom att \u00e4ndra datumet f\u00f6r denna sekretesspolicy. I h\u00e4ndelse av en v\u00e4sentlig f\u00f6r\u00e4ndring kommer vi att ge dig ytterligare meddelande (till exempel genom att l\u00e4gga till ett uttalande p\u00e5 v\u00e5ra tj\u00e4nsters hemsida eller skicka ett e-postmeddelande).<\/p>\n<p><strong>Kontakta oss<\/strong><\/p>\n<p>Om du har n\u00e5gra fr\u00e5gor om denna integritetspolicy \u00e4r du v\u00e4lkommen att kontakta oss p\u00e5 <a href=\"mailto:contact@slashmyprice.com\">contact@slashmyprice.com<\/a><\/p>\n","protected":false},"excerpt":{"rendered":"<p>SlashMyPrice GDPR Policy Insamling av information: Vi samlar in, bearbetar och anv\u00e4nder information om dig n\u00e4r du: Registrera dig f\u00f6r v\u00e5ra tj\u00e4nster. Interagera med v\u00e5ra tj\u00e4nster. Anslut till v\u00e5ra tj\u00e4nster via tredje part, inklusive konton f\u00f6r sociala medier, e-postkonton och aff\u00e4rspartners (beskrivs i avsnitt 3 nedan). Kontakta oss f\u00f6r hj\u00e4lp. Vi samlar in viss information [&hellip;]<\/p>\n","protected":false},"author":3,"featured_media":0,"parent":0,"menu_order":2,"comment_status":"closed","ping_status":"closed","template":"","meta":{"_acf_changed":false,"footnotes":""},"class_list":["post-3700","page","type-page","status-publish","hentry"],"acf":[],"yoast_head":"<!-- This site is optimized with the Yoast SEO plugin v27.1.1 - https:\/\/yoast.com\/product\/yoast-seo-wordpress\/ -->\n<title>GDPR Policy - SlashMyPrice<\/title>\n<meta name=\"robots\" content=\"index, follow, max-snippet:-1, max-image-preview:large, max-video-preview:-1\" \/>\n<link rel=\"canonical\" href=\"https:\/\/slashmyprice.com\/se\/gdpr-policy\/\" \/>\n<meta property=\"og:locale\" content=\"en_US\" \/>\n<meta property=\"og:type\" content=\"article\" \/>\n<meta property=\"og:title\" content=\"GDPR Policy - SlashMyPrice\" \/>\n<meta property=\"og:description\" content=\"SlashMyPrice GDPR Policy Insamling av information: Vi samlar in, bearbetar och anv\u00e4nder information om dig n\u00e4r du: Registrera dig f\u00f6r v\u00e5ra tj\u00e4nster. Interagera med v\u00e5ra tj\u00e4nster. Anslut till v\u00e5ra tj\u00e4nster via tredje part, inklusive konton f\u00f6r sociala medier, e-postkonton och aff\u00e4rspartners (beskrivs i avsnitt 3 nedan). Kontakta oss f\u00f6r hj\u00e4lp. Vi samlar in viss information [&hellip;]\" \/>\n<meta property=\"og:url\" content=\"https:\/\/slashmyprice.com\/se\/gdpr-policy\/\" \/>\n<meta property=\"og:site_name\" content=\"SlashMyPrice\" \/>\n<meta name=\"twitter:card\" content=\"summary_large_image\" \/>\n<meta name=\"twitter:label1\" content=\"Est. reading time\" \/>\n\t<meta name=\"twitter:data1\" content=\"8 minutes\" \/>\n<script type=\"application\/ld+json\" class=\"yoast-schema-graph\">{\"@context\":\"https:\/\/schema.org\",\"@graph\":[{\"@type\":\"WebPage\",\"@id\":\"https:\/\/slashmyprice.com\/se\/gdpr-policy\/\",\"url\":\"https:\/\/slashmyprice.com\/se\/gdpr-policy\/\",\"name\":\"GDPR Policy - SlashMyPrice\",\"isPartOf\":{\"@id\":\"https:\/\/slashmyprice.com\/se\/#website\"},\"datePublished\":\"2024-04-26T12:23:06+00:00\",\"breadcrumb\":{\"@id\":\"https:\/\/slashmyprice.com\/se\/gdpr-policy\/#breadcrumb\"},\"inLanguage\":\"en-US\",\"potentialAction\":[{\"@type\":\"ReadAction\",\"target\":[\"https:\/\/slashmyprice.com\/se\/gdpr-policy\/\"]}]},{\"@type\":\"BreadcrumbList\",\"@id\":\"https:\/\/slashmyprice.com\/se\/gdpr-policy\/#breadcrumb\",\"itemListElement\":[{\"@type\":\"ListItem\",\"position\":1,\"name\":\"Home\",\"item\":\"https:\/\/slashmyprice.com\/se\/\"},{\"@type\":\"ListItem\",\"position\":2,\"name\":\"GDPR Policy\"}]},{\"@type\":\"WebSite\",\"@id\":\"https:\/\/slashmyprice.com\/se\/#website\",\"url\":\"https:\/\/slashmyprice.com\/se\/\",\"name\":\"SlashMyPrice\",\"description\":\"SlashMyPrice\",\"potentialAction\":[{\"@type\":\"SearchAction\",\"target\":{\"@type\":\"EntryPoint\",\"urlTemplate\":\"https:\/\/slashmyprice.com\/se\/?s={search_term_string}\"},\"query-input\":{\"@type\":\"PropertyValueSpecification\",\"valueRequired\":true,\"valueName\":\"search_term_string\"}}],\"inLanguage\":\"en-US\"}]}<\/script>\n<!-- \/ Yoast SEO plugin. -->","yoast_head_json":{"title":"GDPR Policy - SlashMyPrice","robots":{"index":"index","follow":"follow","max-snippet":"max-snippet:-1","max-image-preview":"max-image-preview:large","max-video-preview":"max-video-preview:-1"},"canonical":"https:\/\/slashmyprice.com\/se\/gdpr-policy\/","og_locale":"en_US","og_type":"article","og_title":"GDPR Policy - SlashMyPrice","og_description":"SlashMyPrice GDPR Policy Insamling av information: Vi samlar in, bearbetar och anv\u00e4nder information om dig n\u00e4r du: Registrera dig f\u00f6r v\u00e5ra tj\u00e4nster. Interagera med v\u00e5ra tj\u00e4nster. Anslut till v\u00e5ra tj\u00e4nster via tredje part, inklusive konton f\u00f6r sociala medier, e-postkonton och aff\u00e4rspartners (beskrivs i avsnitt 3 nedan). Kontakta oss f\u00f6r hj\u00e4lp. Vi samlar in viss information [&hellip;]","og_url":"https:\/\/slashmyprice.com\/se\/gdpr-policy\/","og_site_name":"SlashMyPrice","twitter_card":"summary_large_image","twitter_misc":{"Est. reading time":"8 minutes"},"schema":{"@context":"https:\/\/schema.org","@graph":[{"@type":"WebPage","@id":"https:\/\/slashmyprice.com\/se\/gdpr-policy\/","url":"https:\/\/slashmyprice.com\/se\/gdpr-policy\/","name":"GDPR Policy - SlashMyPrice","isPartOf":{"@id":"https:\/\/slashmyprice.com\/se\/#website"},"datePublished":"2024-04-26T12:23:06+00:00","breadcrumb":{"@id":"https:\/\/slashmyprice.com\/se\/gdpr-policy\/#breadcrumb"},"inLanguage":"en-US","potentialAction":[{"@type":"ReadAction","target":["https:\/\/slashmyprice.com\/se\/gdpr-policy\/"]}]},{"@type":"BreadcrumbList","@id":"https:\/\/slashmyprice.com\/se\/gdpr-policy\/#breadcrumb","itemListElement":[{"@type":"ListItem","position":1,"name":"Home","item":"https:\/\/slashmyprice.com\/se\/"},{"@type":"ListItem","position":2,"name":"GDPR Policy"}]},{"@type":"WebSite","@id":"https:\/\/slashmyprice.com\/se\/#website","url":"https:\/\/slashmyprice.com\/se\/","name":"SlashMyPrice","description":"SlashMyPrice","potentialAction":[{"@type":"SearchAction","target":{"@type":"EntryPoint","urlTemplate":"https:\/\/slashmyprice.com\/se\/?s={search_term_string}"},"query-input":{"@type":"PropertyValueSpecification","valueRequired":true,"valueName":"search_term_string"}}],"inLanguage":"en-US"}]}},"_links":{"self":[{"href":"https:\/\/slashmyprice.com\/se\/wp-json\/wp\/v2\/pages\/3700","targetHints":{"allow":["GET"]}}],"collection":[{"href":"https:\/\/slashmyprice.com\/se\/wp-json\/wp\/v2\/pages"}],"about":[{"href":"https:\/\/slashmyprice.com\/se\/wp-json\/wp\/v2\/types\/page"}],"author":[{"embeddable":true,"href":"https:\/\/slashmyprice.com\/se\/wp-json\/wp\/v2\/users\/3"}],"replies":[{"embeddable":true,"href":"https:\/\/slashmyprice.com\/se\/wp-json\/wp\/v2\/comments?post=3700"}],"version-history":[{"count":1,"href":"https:\/\/slashmyprice.com\/se\/wp-json\/wp\/v2\/pages\/3700\/revisions"}],"predecessor-version":[{"id":3701,"href":"https:\/\/slashmyprice.com\/se\/wp-json\/wp\/v2\/pages\/3700\/revisions\/3701"}],"wp:attachment":[{"href":"https:\/\/slashmyprice.com\/se\/wp-json\/wp\/v2\/media?parent=3700"}],"curies":[{"name":"wp","href":"https:\/\/api.w.org\/{rel}","templated":true}]}}