{"id":204,"date":"2022-08-24T14:03:23","date_gmt":"2022-08-24T14:03:23","guid":{"rendered":"https:\/\/slashmyprice.com\/se\/?page_id=204"},"modified":"2024-11-12T05:46:29","modified_gmt":"2024-11-12T05:46:29","slug":"avtryck","status":"publish","type":"page","link":"https:\/\/slashmyprice.com\/se\/avtryck\/","title":{"rendered":"Avtryck"},"content":{"rendered":"<p>QWIK CODERS DMCC<br \/>\nKontor: Unit No: 1813, DMCC Business Centre Level No 1 Jewellery &amp; Gemplex 3 Dubai United Arab Emirates<\/p>\n<p><strong>Verkst\u00e4llande direkt\u00f6r:<\/strong> Tom Schmitz<\/p>\n<p><strong>Kontakt:<\/strong><\/p>\n<p><strong>Fr\u00e5gor om kuponger och rabattkampanjer:<\/strong> +352 621 555 123<br \/>\n<strong>Fr\u00e5gor om samarbetsm\u00f6jligheter:<\/strong> +352 621 555 123<br \/>\n<strong>Fax:<\/strong> +352 621 555 123<\/p>\n<p><strong>E-post:<\/strong> <a href=\"mailto:contact@slashmyprice.com\">contact@slashmyprice.com<\/a><br \/>\n<strong>Webbplats:<\/strong> <a href=\"https:\/\/slashmyprice.com\/se\/\">https:\/\/slashmyprice.com\/se\/<\/a><\/p>\n<p>Du kan n\u00e5 v\u00e5r dataskyddsombud Oliver Peters per post p\u00e5 QWIK CODERS DMCC \u2013 Unit No: 1813, DMCC Business Centre Level No 1 Jewellery &amp; Gemplex 3 Dubai United Arab Emirates\u00a0 eller via e-post p\u00e5 <a href=\"mailto:contact@slashmyprice.com\">contact@slashmyprice.com<\/a><\/p>\n<p><strong>Sn\u00e4lla notera f\u00f6ljande:<\/strong><\/p>\n<p>Reducerat pris \u00e4r inte en onlinebutik! Det betyder att du inte kan best\u00e4lla, boka eller k\u00f6pa n\u00e5got fr\u00e5n oss. Vi erbjuder endast kuponger och rabattkoder som du kan spara kostnadsfritt med vid best\u00e4llning fr\u00e5n respektive webbutik. D\u00e4rf\u00f6r kan vi inte ge dig n\u00e5gon information om din best\u00e4llning, bokning eller leveransstatus. V\u00e4nligen kontakta respektive onlinebutik d\u00e4r du best\u00e4llde.<\/p>\n<p><strong>Anv\u00e4ndarvillkor\/Ansvarsfriskrivning<\/strong><\/p>\n<p>Erbjudandena och l\u00e4nkarna till respektive arrang\u00f6rer och f\u00f6retag g\u00f6rs efter b\u00e4sta kunskap och \u00f6vertygelse. Dock kan inget ansvar accepteras f\u00f6r eventuella fel eller misstag. Som tj\u00e4nsteleverant\u00f6r \u00e4r vi<br \/>\nansvarig f\u00f6r v\u00e5rt eget inneh\u00e5ll p\u00e5 dessa sidor i enlighet med allm\u00e4nna lagar i enlighet med 7 \u00a7 stycke 1 TMG.<br \/>\nMen enligt 8 till 10 \u00a7\u00a7 TMG \u00e4r vi som tj\u00e4nsteleverant\u00f6r inte skyldiga att \u00f6vervaka \u00f6verf\u00f6rd eller lagrad information fr\u00e5n tredje part eller att unders\u00f6ka omst\u00e4ndigheter som tyder p\u00e5 olaglig aktivitet. Skyldigheter att ta bort eller blockera anv\u00e4ndningen av information i enlighet med allm\u00e4n lag f\u00f6rblir op\u00e5verkade. Ansvar i detta avseende \u00e4r dock endast m\u00f6jligt fr\u00e5n tidpunkten f\u00f6r k\u00e4nnedom om en specifik lag\u00f6vertr\u00e4delse. Om vi \u200b\u200bblir medvetna om motsvarande juridiska \u00f6vertr\u00e4delser kommer vi omedelbart att ta bort detta inneh\u00e5ll. Erbjudandena g\u00e4ller endast s\u00e5 l\u00e4nge lagret r\u00e4cker och det finns ingen r\u00e4tt till dem.<\/p>\n<p>V\u00e5rt erbjudande inneh\u00e5ller l\u00e4nkar till externa tredjepartswebbplatser \u00f6ver vars inneh\u00e5ll vi inte har n\u00e5got inflytande \u00f6ver. Vi kan d\u00e4rf\u00f6r inte ta n\u00e5got ansvar f\u00f6r detta externa inneh\u00e5ll. Respektive leverant\u00f6r eller operat\u00f6r av sidorna \u00e4r alltid ansvarig f\u00f6r inneh\u00e5llet p\u00e5 de l\u00e4nkade sidorna. De l\u00e4nkade sidorna kontrollerades f\u00f6r eventuella lag\u00f6vertr\u00e4delser vid tidpunkten f\u00f6r l\u00e4nkningen. Olagligt inneh\u00e5ll var inte uppenbart vid tidpunkten f\u00f6r l\u00e4nkningen. Men permanent kontroll av inneh\u00e5llet p\u00e5 de l\u00e4nkade sidorna \u00e4r orimligt utan konkreta bevis f\u00f6r en lag\u00f6vertr\u00e4delse. Om vi \u200b\u200bblir medvetna om n\u00e5gra lag\u00f6vertr\u00e4delser kommer vi omedelbart att ta bort s\u00e5dana l\u00e4nkar.<\/p>\n","protected":false},"excerpt":{"rendered":"<p>QWIK CODERS DMCC Kontor: Unit No: 1813, DMCC Business Centre Level No 1 Jewellery &amp; Gemplex 3 Dubai United Arab Emirates Verkst\u00e4llande direkt\u00f6r: Tom Schmitz Kontakt: Fr\u00e5gor om kuponger och rabattkampanjer: +352 621 555 123 Fr\u00e5gor om samarbetsm\u00f6jligheter: +352 621 555 123 Fax: +352 621 555 123 E-post: contact@slashmyprice.com Webbplats: https:\/\/slashmyprice.com\/se\/ Du kan n\u00e5 v\u00e5r [&hellip;]<\/p>\n","protected":false},"author":3,"featured_media":0,"parent":0,"menu_order":8,"comment_status":"closed","ping_status":"closed","template":"","meta":{"_acf_changed":false,"footnotes":""},"class_list":["post-204","page","type-page","status-publish","hentry"],"acf":[],"yoast_head":"<!-- This site is optimized with the Yoast SEO plugin v27.1.1 - https:\/\/yoast.com\/product\/yoast-seo-wordpress\/ -->\n<title>Avtryck - SlashMyPrice<\/title>\n<meta name=\"robots\" content=\"index, follow, max-snippet:-1, max-image-preview:large, max-video-preview:-1\" \/>\n<link rel=\"canonical\" href=\"https:\/\/slashmyprice.com\/se\/avtryck\/\" \/>\n<meta property=\"og:locale\" content=\"en_US\" \/>\n<meta property=\"og:type\" content=\"article\" \/>\n<meta property=\"og:title\" content=\"Avtryck - SlashMyPrice\" \/>\n<meta property=\"og:description\" content=\"QWIK CODERS DMCC Kontor: Unit No: 1813, DMCC Business Centre Level No 1 Jewellery &amp; Gemplex 3 Dubai United Arab Emirates Verkst\u00e4llande direkt\u00f6r: Tom Schmitz Kontakt: Fr\u00e5gor om kuponger och rabattkampanjer: +352 621 555 123 Fr\u00e5gor om samarbetsm\u00f6jligheter: +352 621 555 123 Fax: +352 621 555 123 E-post: contact@slashmyprice.com Webbplats: https:\/\/slashmyprice.com\/se\/ Du kan n\u00e5 v\u00e5r [&hellip;]\" \/>\n<meta property=\"og:url\" content=\"https:\/\/slashmyprice.com\/se\/avtryck\/\" \/>\n<meta property=\"og:site_name\" content=\"SlashMyPrice\" \/>\n<meta property=\"article:modified_time\" content=\"2024-11-12T05:46:29+00:00\" \/>\n<meta name=\"twitter:card\" content=\"summary_large_image\" \/>\n<meta name=\"twitter:label1\" content=\"Est. reading time\" \/>\n\t<meta name=\"twitter:data1\" content=\"2 minutes\" \/>\n<script type=\"application\/ld+json\" class=\"yoast-schema-graph\">{\"@context\":\"https:\/\/schema.org\",\"@graph\":[{\"@type\":\"WebPage\",\"@id\":\"https:\/\/slashmyprice.com\/se\/avtryck\/\",\"url\":\"https:\/\/slashmyprice.com\/se\/avtryck\/\",\"name\":\"Avtryck - SlashMyPrice\",\"isPartOf\":{\"@id\":\"https:\/\/slashmyprice.com\/se\/#website\"},\"datePublished\":\"2022-08-24T14:03:23+00:00\",\"dateModified\":\"2024-11-12T05:46:29+00:00\",\"breadcrumb\":{\"@id\":\"https:\/\/slashmyprice.com\/se\/avtryck\/#breadcrumb\"},\"inLanguage\":\"en-US\",\"potentialAction\":[{\"@type\":\"ReadAction\",\"target\":[\"https:\/\/slashmyprice.com\/se\/avtryck\/\"]}]},{\"@type\":\"BreadcrumbList\",\"@id\":\"https:\/\/slashmyprice.com\/se\/avtryck\/#breadcrumb\",\"itemListElement\":[{\"@type\":\"ListItem\",\"position\":1,\"name\":\"Home\",\"item\":\"https:\/\/slashmyprice.com\/se\/\"},{\"@type\":\"ListItem\",\"position\":2,\"name\":\"Avtryck\"}]},{\"@type\":\"WebSite\",\"@id\":\"https:\/\/slashmyprice.com\/se\/#website\",\"url\":\"https:\/\/slashmyprice.com\/se\/\",\"name\":\"SlashMyPrice\",\"description\":\"SlashMyPrice\",\"potentialAction\":[{\"@type\":\"SearchAction\",\"target\":{\"@type\":\"EntryPoint\",\"urlTemplate\":\"https:\/\/slashmyprice.com\/se\/?s={search_term_string}\"},\"query-input\":{\"@type\":\"PropertyValueSpecification\",\"valueRequired\":true,\"valueName\":\"search_term_string\"}}],\"inLanguage\":\"en-US\"}]}<\/script>\n<!-- \/ Yoast SEO plugin. -->","yoast_head_json":{"title":"Avtryck - SlashMyPrice","robots":{"index":"index","follow":"follow","max-snippet":"max-snippet:-1","max-image-preview":"max-image-preview:large","max-video-preview":"max-video-preview:-1"},"canonical":"https:\/\/slashmyprice.com\/se\/avtryck\/","og_locale":"en_US","og_type":"article","og_title":"Avtryck - SlashMyPrice","og_description":"QWIK CODERS DMCC Kontor: Unit No: 1813, DMCC Business Centre Level No 1 Jewellery &amp; Gemplex 3 Dubai United Arab Emirates Verkst\u00e4llande direkt\u00f6r: Tom Schmitz Kontakt: Fr\u00e5gor om kuponger och rabattkampanjer: +352 621 555 123 Fr\u00e5gor om samarbetsm\u00f6jligheter: +352 621 555 123 Fax: +352 621 555 123 E-post: contact@slashmyprice.com Webbplats: https:\/\/slashmyprice.com\/se\/ Du kan n\u00e5 v\u00e5r [&hellip;]","og_url":"https:\/\/slashmyprice.com\/se\/avtryck\/","og_site_name":"SlashMyPrice","article_modified_time":"2024-11-12T05:46:29+00:00","twitter_card":"summary_large_image","twitter_misc":{"Est. reading time":"2 minutes"},"schema":{"@context":"https:\/\/schema.org","@graph":[{"@type":"WebPage","@id":"https:\/\/slashmyprice.com\/se\/avtryck\/","url":"https:\/\/slashmyprice.com\/se\/avtryck\/","name":"Avtryck - SlashMyPrice","isPartOf":{"@id":"https:\/\/slashmyprice.com\/se\/#website"},"datePublished":"2022-08-24T14:03:23+00:00","dateModified":"2024-11-12T05:46:29+00:00","breadcrumb":{"@id":"https:\/\/slashmyprice.com\/se\/avtryck\/#breadcrumb"},"inLanguage":"en-US","potentialAction":[{"@type":"ReadAction","target":["https:\/\/slashmyprice.com\/se\/avtryck\/"]}]},{"@type":"BreadcrumbList","@id":"https:\/\/slashmyprice.com\/se\/avtryck\/#breadcrumb","itemListElement":[{"@type":"ListItem","position":1,"name":"Home","item":"https:\/\/slashmyprice.com\/se\/"},{"@type":"ListItem","position":2,"name":"Avtryck"}]},{"@type":"WebSite","@id":"https:\/\/slashmyprice.com\/se\/#website","url":"https:\/\/slashmyprice.com\/se\/","name":"SlashMyPrice","description":"SlashMyPrice","potentialAction":[{"@type":"SearchAction","target":{"@type":"EntryPoint","urlTemplate":"https:\/\/slashmyprice.com\/se\/?s={search_term_string}"},"query-input":{"@type":"PropertyValueSpecification","valueRequired":true,"valueName":"search_term_string"}}],"inLanguage":"en-US"}]}},"_links":{"self":[{"href":"https:\/\/slashmyprice.com\/se\/wp-json\/wp\/v2\/pages\/204","targetHints":{"allow":["GET"]}}],"collection":[{"href":"https:\/\/slashmyprice.com\/se\/wp-json\/wp\/v2\/pages"}],"about":[{"href":"https:\/\/slashmyprice.com\/se\/wp-json\/wp\/v2\/types\/page"}],"author":[{"embeddable":true,"href":"https:\/\/slashmyprice.com\/se\/wp-json\/wp\/v2\/users\/3"}],"replies":[{"embeddable":true,"href":"https:\/\/slashmyprice.com\/se\/wp-json\/wp\/v2\/comments?post=204"}],"version-history":[{"count":12,"href":"https:\/\/slashmyprice.com\/se\/wp-json\/wp\/v2\/pages\/204\/revisions"}],"predecessor-version":[{"id":4546,"href":"https:\/\/slashmyprice.com\/se\/wp-json\/wp\/v2\/pages\/204\/revisions\/4546"}],"wp:attachment":[{"href":"https:\/\/slashmyprice.com\/se\/wp-json\/wp\/v2\/media?parent=204"}],"curies":[{"name":"wp","href":"https:\/\/api.w.org\/{rel}","templated":true}]}}