{"id":7051,"date":"2024-08-20T12:38:09","date_gmt":"2024-08-20T12:38:09","guid":{"rendered":"https:\/\/slashmyprice.com\/pl\/?page_id=7051"},"modified":"2024-08-20T12:38:09","modified_gmt":"2024-08-20T12:38:09","slug":"cookies-policy","status":"publish","type":"page","link":"https:\/\/slashmyprice.com\/pl\/cookies-policy\/","title":{"rendered":"Cookies Policy"},"content":{"rendered":"<h2><span>Cookies Policy Slashmyprice<\/span><\/h2>\n<p>Niniejszy dokument informuje U\u017cytkownik\u00f3w o technologiach, kt\u00f3re pomagaj\u0105 serwisowi (Slashmyprice) realizowa\u0107 cele opisane poni\u017cej. Technologie te umo\u017cliwiaj\u0105 Operatorowi dost\u0119p do informacji i ich przechowywanie (np. poprzez wykorzystanie pliku Cookie) lub korzystanie z zasob\u00f3w (np. poprzez uruchomienie skryptu) znajduj\u0105cych si\u0119 na urz\u0105dzeniu U\u017cytkownika podczas jego interakcji ze stron\u0105 internetow\u0105 (Slashmyprice).<\/p>\n<p>Dla uproszczenia wszystkie tego typu technologie s\u0105 w tym dokumencie zdefiniowane jako \u201eTrackery\u201d \u2013 chyba \u017ce istnieje pow\u00f3d, aby traktowa\u0107 je oddzielnie.<br \/>\nNa przyk\u0142ad, chocia\u017c pliki cookie mog\u0105 by\u0107 u\u017cywane zar\u00f3wno w przegl\u0105darkach internetowych, jak i mobilnych, nieprecyzyjne by\u0142oby m\u00f3wienie o plikach cookie w kontek\u015bcie aplikacji mobilnych, poniewa\u017c s\u0105 one modu\u0142em \u015bledz\u0105cym dzia\u0142aj\u0105cym w przegl\u0105darce. Z tego powodu termin \u201eCookie\u201d jest u\u017cywany w tym dokumencie tylko wtedy, gdy ma na celu wyra\u017ane wskazanie tego konkretnego typu modu\u0142u \u015bledz\u0105cego.<\/p>\n<p>Niekt\u00f3re cele, dla kt\u00f3rych wykorzystywane s\u0105 modu\u0142y \u015bledz\u0105ce, mog\u0105 wymaga\u0107 tak\u017ce zgody U\u017cytkownika. W ka\u017cdym przypadku zgod\u0119 mo\u017cna swobodnie wycofa\u0107 w dowolnym momencie, post\u0119puj\u0105c zgodnie z instrukcjami zawartymi w niniejszym dokumencie.<\/p>\n<p>Slashmyprice korzysta z Tracker\u00f3w zarz\u0105dzanych bezpo\u015brednio przez Operatora (tzw. Tracker\u00f3w \u201ew\u0142asnych\u201d) oraz Tracker\u00f3w umo\u017cliwiaj\u0105cych korzystanie z us\u0142ug \u015bwiadczonych przez osoby trzecie (tzw. Tracker\u00f3w \u201ezewn\u0119trznych\u201d). O ile w niniejszym dokumencie nie okre\u015blono inaczej, dostawcy zewn\u0119trzni mog\u0105 uzyskiwa\u0107 dost\u0119p do zarz\u0105dzanych przez siebie modu\u0142\u00f3w \u015bledz\u0105cych.<br \/>\nOkresy wa\u017cno\u015bci i wyga\u015bni\u0119cia plik\u00f3w cookie i innych podobnych modu\u0142\u00f3w \u015bledz\u0105cych mog\u0105 si\u0119 r\u00f3\u017cni\u0107 w zale\u017cno\u015bci od okresu wa\u017cno\u015bci ustawionego przez Operatora lub odpowiedniego dostawc\u0119. Niekt\u00f3re z nich wygasaj\u0105 po zako\u0144czeniu sesji przegl\u0105dania U\u017cytkownika.<br \/>\nNiezale\u017cnie od informacji zawartych w opisach ka\u017cdej z poni\u017cszych kategorii, U\u017cytkownicy mog\u0105 znale\u017a\u0107 bardziej precyzyjne i aktualne informacje dotycz\u0105ce specyfikacji \u017cywotno\u015bci, a tak\u017ce wszelkie inne istotne informacje &#8211; takie jak obecno\u015b\u0107 innych Tracker\u00f3w &#8211; w odpowiednich polityki prywatno\u015bci odpowiednich dostawc\u00f3w zewn\u0119trznych lub kontaktuj\u0105c si\u0119 z Operatorem.<\/p>\n<h3 class=\"iub-purpose-stack iub-purpose-stack-1\">Czynno\u015bci \u015bci\u015ble niezb\u0119dne do dzia\u0142ania strony internetowej (Slashmyprice) i \u015bwiadczenia Us\u0142ugi<\/h3>\n<p>Slashmyprice wykorzystuje tak zwane \u201etechniczne\u201d pliki cookie i inne podobne modu\u0142y \u015bledz\u0105ce w celu wykonywania czynno\u015bci absolutnie niezb\u0119dnych do dzia\u0142ania lub \u015bwiadczenia Us\u0142ugi.<\/p>\n<h4>Zewn\u0119trzne modu\u0142y \u015bledz\u0105ce<\/h4>\n<h3 class=\"iub-subheading iub-subheading-other-purposes\">Inne czynno\u015bci zwi\u0105zane z wykorzystaniem Tracker\u00f3w<\/h3>\n<h4 class=\"iub-purpose-stack iub-purpose-stack-4\">Pomiar<\/h4>\n<p>Slashmyprice wykorzystuje modu\u0142y \u015bledz\u0105ce do pomiaru ruchu i analizy zachowa\u0144 U\u017cytkownik\u00f3w w celu usprawnienia dzia\u0142ania Serwisu.<\/p>\n<p><strong>Marketing<br \/>\n<\/strong><br \/>\nSlashmyprice wykorzystuje Trackery w celu dostarczania spersonalizowanych tre\u015bci marketingowych w oparciu o zachowania U\u017cytkownik\u00f3w oraz do uruchamiania, wy\u015bwietlania i \u015bledzenia reklam.<\/p>\n<p><strong>Zarz\u0105dzanie preferencjami oraz wyra\u017canie i cofanie zgody w Slashmyprice<br \/>\n<\/strong><br \/>\nW przypadku korzystania z Tracker\u00f3w na podstawie zgody, u\u017cytkownik mo\u017ce wyrazi\u0107 lub wycofa\u0107 zgod\u0119 poprzez ustawienie lub zmian\u0119 preferencji za pomoc\u0105 odpowiedniego panelu prywatno\u015bci na Slashmyprice.<\/p>\n<p>W odniesieniu do zewn\u0119trznych modu\u0142\u00f3w \u015bledz\u0105cych U\u017cytkownicy mog\u0105 zarz\u0105dza\u0107 swoimi preferencjami za pomoc\u0105 powi\u0105zanego \u0142\u0105cza rezygnacji (je\u015bli jest dost\u0119pne), w spos\u00f3b wskazany w polityce prywatno\u015bci strony trzeciej lub kontaktuj\u0105c si\u0119 z odpowiedni\u0105 stron\u0105 trzeci\u0105.<\/p>\n<p><strong>Kontroluj i usuwaj pliki cookies i podobne technologie w ustawieniach swojego urz\u0105dzenia<br \/>\n<\/strong><br \/>\nW ustawieniach przegl\u0105darki mo\u017cesz:<\/p>\n<ul>\n<li>sprawd\u017a, jakie pliki cookies i podobne technologie zosta\u0142y zapisane na Twoim urz\u0105dzeniu;<\/li>\n<li>blokowa\u0107 pliki cookies i podobne technologie,<\/li>\n<li>usu\u0144 pliki cookie i podobne technologie ze swojej przegl\u0105darki.<\/li>\n<\/ul>\n<p>Nie ma jednak mo\u017cliwo\u015bci zapewnienia bardziej szczeg\u00f3\u0142owej kontroli poprzez wyra\u017cenie zgody na poszczeg\u00f3lne kategorie plik\u00f3w w ustawieniach przegl\u0105darki.<\/p>\n<p>U\u017cytkownicy mog\u0105 np. znale\u017a\u0107 informacje o sposobach zarz\u0105dzania plikami Cookies w najpopularniejszych przegl\u0105darkach internetowych pod nast\u0119puj\u0105cymi adresami:<\/p>\n<ul>\n<li>GoogleChrome<\/li>\n<li>Mozilla Firefox<\/li>\n<li>Jab\u0142kowe Safari<\/li>\n<li>Przegl\u0105darka Microsoftu<\/li>\n<li>Microsoft Edge\u2019a<\/li>\n<li>Odwa\u017cny<\/li>\n<li>Opera<\/li>\n<\/ul>\n<p>U\u017cytkownicy mog\u0105 r\u00f3wnie\u017c zarz\u0105dza\u0107 pewnymi kategoriami modu\u0142\u00f3w \u015bledz\u0105cych wykorzystywanymi w aplikacjach mobilnych i zrezygnowa\u0107 z nich za pomoc\u0105 odpowiednich ustawie\u0144 urz\u0105dzenia, takich jak ustawienia reklam urz\u0105dzenia na urz\u0105dzeniach mobilnych lub og\u00f3lne ustawienia \u015bledzenia (u\u017cytkownicy mog\u0105 otworzy\u0107 ustawienia swojego urz\u0105dzenia i poszuka\u0107 odpowiednich ustawie\u0144).<\/p>\n<p><strong>Wy\u0142\u0105cz reklamy oparte na zainteresowaniach<br \/>\n<\/strong><br \/>\nNiezale\u017cnie od powy\u017cszego U\u017cytkownicy mog\u0105 korzysta\u0107 z instrukcji udost\u0119pnianych przez YourOnlineChoices (UE i Wielka Brytania), Network Advertising Initiative (USA) i Digital Advertising Alliance (USA), DAAC (Kanada), DDAI (Japonia) lub inne podobne us\u0142ugi. Takie inicjatywy pozwalaj\u0105 U\u017cytkownikom wybra\u0107 preferencje \u015bledzenia dla wi\u0119kszo\u015bci narz\u0119dzi reklamowych. Operator zaleca zatem, aby U\u017cytkownicy korzystali z tych zasob\u00f3w, niezale\u017cnie od informacji zawartych w niniejszym dokumencie.<\/p>\n<p>Digital Advertising Alliance oferuje aplikacj\u0119 o nazwie AppChoices, kt\u00f3ra pomaga u\u017cytkownikom kontrolowa\u0107 reklamy oparte na zainteresowaniach w aplikacjach mobilnych.<\/p>\n<p><strong>Konsekwencje odmowy zezwolenia na korzystanie z modu\u0142\u00f3w \u015bledz\u0105cych<br \/>\n<\/strong><br \/>\nU\u017cytkownicy mog\u0105 swobodnie decydowa\u0107, czy zezwoli\u0107 na korzystanie z modu\u0142\u00f3w \u015bledz\u0105cych. Nale\u017cy jednak pami\u0119ta\u0107, \u017ce Trackery pomagaj\u0105 serwisowi (Slashmyprice) zapewni\u0107 U\u017cytkownikom lepsze do\u015bwiadczenia i zaawansowane funkcjonalno\u015bci (zgodnie z celami okre\u015blonymi w tym dokumencie). Dlatego w przypadku podj\u0119cia przez U\u017cytkownika decyzji o zablokowaniu mo\u017cliwo\u015bci korzystania z Tracker\u00f3w, Operator mo\u017ce nie by\u0107 w stanie udost\u0119pni\u0107 odpowiednich funkcji.<\/p>\n<p>Poniewa\u017c korzystanie z zewn\u0119trznych modu\u0142\u00f3w \u015bledz\u0105cych za po\u015brednictwem us\u0142ugi (Slashmyprice) nie mo\u017ce by\u0107 w pe\u0142ni kontrolowane przez Operatora, wszelkie konkretne odniesienia do zewn\u0119trznych modu\u0142\u00f3w \u015bledz\u0105cych nale\u017cy traktowa\u0107 jako orientacyjne. Aby uzyska\u0107 pe\u0142ne informacje, U\u017cytkownicy proszeni s\u0105 o zapoznanie si\u0119 z polityk\u0105 prywatno\u015bci odpowiednich us\u0142ug stron trzecich wymienionych w tym dokumencie.<\/p>\n<p>Ze wzgl\u0119du na obiektywn\u0105 z\u0142o\u017cono\u015b\u0107 technologii \u015bledz\u0105cych, w przypadku ch\u0119ci uzyskania przez U\u017cytkownik\u00f3w dalszych informacji na temat wykorzystania tych technologii przez serwis (Slashmyprice) zach\u0119camy do kontaktu z Operatorem.<\/p>\n<p><strong>Definicje i odniesienia prawne<\/strong><\/p>\n<p><strong>Dane osobowe (lub dane)<\/strong><\/p>\n<p>Wszelkie informacje, kt\u00f3re bezpo\u015brednio, po\u015brednio lub w po\u0142\u0105czeniu z innymi informacjami \u2013 w tym osobistym numerem identyfikacyjnym \u2013 pozwalaj\u0105 na identyfikacj\u0119 lub mo\u017cliwo\u015b\u0107 zidentyfikowania osoby fizycznej.<\/p>\n<p><strong>Dane dotycz\u0105ce u\u017cytkowania<br \/>\n<\/strong><br \/>\nInformacje zbierane automatycznie za po\u015brednictwem serwisu (Slashmyprice) (lub us\u0142ug podmiot\u00f3w trzecich wykorzystywanych w serwisie (Slashmyprice)), kt\u00f3re mog\u0105 obejmowa\u0107: adresy IP lub nazwy domen komputer\u00f3w, z kt\u00f3rych korzystaj\u0105 U\u017cytkownicy korzystaj\u0105cy z serwisu (Slashmyprice) , adresy URI (Uniform Resource Identifier), czas \u017c\u0105dania, spos\u00f3b przes\u0142ania \u017c\u0105dania do serwera, rozmiar pliku otrzymanego w odpowiedzi, kod numeryczny wskazuj\u0105cy status odpowiedzi serwera (pomy\u015blny wynik, b\u0142\u0105d itp.) , kraj pochodzenia, cechy przegl\u0105darki i systemu operacyjnego, z kt\u00f3rego korzysta U\u017cytkownik, r\u00f3\u017cne informacje o czasie wizyty (np. czas sp\u0119dzony na ka\u017cdej stronie w ramach Aplikacji) oraz szczeg\u00f3\u0142y dotycz\u0105ce \u015bcie\u017cki przebytej w Aplikacji, ze szczeg\u00f3lnym uwzgl\u0119dnieniem kolejno\u015bci odwiedzanych stron, a tak\u017ce inne parametry dotycz\u0105ce systemu operacyjnego urz\u0105dzenia lub \u015brodowiska informatycznego U\u017cytkownika.<\/p>\n<p><strong>U\u017cytkownik<\/strong><br \/>\nOsoba fizyczna korzystaj\u0105ca ze strony internetowej (Slashmyprice), kt\u00f3ra, o ile nie okre\u015blono inaczej, jest to\u017csama z Podmiotem Danych.<\/p>\n<p><strong>Podmiot danych<\/strong><br \/>\nOsoba fizyczna, kt\u00f3rej dotycz\u0105 Dane Osobowe.<\/p>\n<p><strong>Edytor<\/strong><br \/>\nOsoba fizyczna lub prawna, organ publiczny, agencja lub inny podmiot przetwarzaj\u0105cy Dane Osobowe w imieniu Administratora, zgodnie z postanowieniami niniejszej polityki prywatno\u015bci.<\/p>\n<p><strong>Administrator danych (lub Operator)<\/strong><br \/>\nOsoba fizyczna lub prawna, organ publiczny, agencja lub inny podmiot, kt\u00f3ry samodzielnie lub wsp\u00f3lnie z innymi ustala cele i sposoby przetwarzania Danych Osobowych, w tym \u015brodki bezpiecze\u0144stwa dzia\u0142ania i korzystania z us\u0142ugi Slashmyprice. Administratorem Danych, o ile nie okre\u015blono inaczej, jest Operator Serwisu (Slashmyprice).<\/p>\n<p><strong>Slashmyprice (lub ta aplikacja)<\/strong><br \/>\nPodmiot zbieraj\u0105cy i przetwarzaj\u0105cy Dane Osobowe U\u017cytkownik\u00f3w.<\/p>\n<p><strong>Praca<\/strong><br \/>\nUs\u0142uga \u015bwiadczona przez serwis internetowy (Slashmyprice) zgodnie z warunkami okre\u015blonymi w regulaminie obowi\u0105zuj\u0105cym dla tego serwisu (je\u015bli jest dost\u0119pny) oraz w tym serwisie\/aplikacji.<\/p>\n<p><strong>Unia Europejska (lub UE)<\/strong><br \/>\nO ile nie okre\u015blono inaczej, wszystkie odniesienia do Unii Europejskiej w tym dokumencie obejmuj\u0105 wszystkie obecne pa\u0144stwa cz\u0142onkowskie Unii Europejskiej i Europejskiego Obszaru Gospodarczego.<\/p>\n<p><strong>Ciastko<\/strong><br \/>\nPliki cookies to modu\u0142y \u015bledz\u0105ce sk\u0142adaj\u0105ce si\u0119 z ma\u0142ych zestaw\u00f3w danych przechowywanych w przegl\u0105darce U\u017cytkownika.<\/p>\n<p><strong>Abstrakt<\/strong><br \/>\nModu\u0142 \u015bledz\u0105cy to dowolna technologia \u2013 np. pliki cookie, unikalne identyfikatory, sygnalizatory WWW, osadzone skrypty, e-tagi i odciski palc\u00f3w \u2013 kt\u00f3ra umo\u017cliwia \u015bledzenie U\u017cytkownik\u00f3w, np. poprzez wykorzystanie informacji znajduj\u0105cych si\u0119 na urz\u0105dzeniu U\u017cytkownika lub przechowywanie okre\u015blonych informacji.<\/p>\n<p><strong>Informacje prawne<\/strong><br \/>\nO ile w niniejszym dokumencie nie wskazano inaczej, niniejsza polityka prywatno\u015bci dotyczy wy\u0142\u0105cznie serwisu internetowego (Slashmyprice).<\/p>\n","protected":false},"excerpt":{"rendered":"<p>Cookies Policy Slashmyprice Niniejszy dokument informuje U\u017cytkownik\u00f3w o technologiach, kt\u00f3re pomagaj\u0105 serwisowi (Slashmyprice) realizowa\u0107 cele opisane poni\u017cej. Technologie te umo\u017cliwiaj\u0105 Operatorowi dost\u0119p do informacji i ich przechowywanie (np. poprzez wykorzystanie pliku Cookie) lub korzystanie z zasob\u00f3w (np. poprzez uruchomienie skryptu) znajduj\u0105cych si\u0119 na urz\u0105dzeniu U\u017cytkownika podczas jego interakcji ze stron\u0105 internetow\u0105 (Slashmyprice). Dla uproszczenia wszystkie [&hellip;]<\/p>\n","protected":false},"author":3,"featured_media":0,"parent":0,"menu_order":0,"comment_status":"closed","ping_status":"closed","template":"","meta":{"_acf_changed":false,"footnotes":""},"class_list":["post-7051","page","type-page","status-publish","hentry"],"acf":[],"yoast_head":"<!-- This site is optimized with the Yoast SEO plugin v27.1.1 - https:\/\/yoast.com\/product\/yoast-seo-wordpress\/ -->\n<title>Cookies Policy - SlashMyPrice<\/title>\n<meta name=\"robots\" content=\"index, follow, max-snippet:-1, max-image-preview:large, max-video-preview:-1\" \/>\n<link rel=\"canonical\" href=\"https:\/\/slashmyprice.com\/pl\/cookies-policy\/\" \/>\n<meta property=\"og:locale\" content=\"en_US\" \/>\n<meta property=\"og:type\" content=\"article\" \/>\n<meta property=\"og:title\" content=\"Cookies Policy - SlashMyPrice\" \/>\n<meta property=\"og:description\" content=\"Cookies Policy Slashmyprice Niniejszy dokument informuje U\u017cytkownik\u00f3w o technologiach, kt\u00f3re pomagaj\u0105 serwisowi (Slashmyprice) realizowa\u0107 cele opisane poni\u017cej. Technologie te umo\u017cliwiaj\u0105 Operatorowi dost\u0119p do informacji i ich przechowywanie (np. poprzez wykorzystanie pliku Cookie) lub korzystanie z zasob\u00f3w (np. poprzez uruchomienie skryptu) znajduj\u0105cych si\u0119 na urz\u0105dzeniu U\u017cytkownika podczas jego interakcji ze stron\u0105 internetow\u0105 (Slashmyprice). Dla uproszczenia wszystkie [&hellip;]\" \/>\n<meta property=\"og:url\" content=\"https:\/\/slashmyprice.com\/pl\/cookies-policy\/\" \/>\n<meta property=\"og:site_name\" content=\"SlashMyPrice\" \/>\n<meta name=\"twitter:card\" content=\"summary_large_image\" \/>\n<meta name=\"twitter:label1\" content=\"Est. reading time\" \/>\n\t<meta name=\"twitter:data1\" content=\"6 minutes\" \/>\n<script type=\"application\/ld+json\" class=\"yoast-schema-graph\">{\"@context\":\"https:\/\/schema.org\",\"@graph\":[{\"@type\":\"WebPage\",\"@id\":\"https:\/\/slashmyprice.com\/pl\/cookies-policy\/\",\"url\":\"https:\/\/slashmyprice.com\/pl\/cookies-policy\/\",\"name\":\"Cookies Policy - SlashMyPrice\",\"isPartOf\":{\"@id\":\"https:\/\/slashmyprice.com\/pl\/#website\"},\"datePublished\":\"2024-08-20T12:38:09+00:00\",\"breadcrumb\":{\"@id\":\"https:\/\/slashmyprice.com\/pl\/cookies-policy\/#breadcrumb\"},\"inLanguage\":\"en-US\",\"potentialAction\":[{\"@type\":\"ReadAction\",\"target\":[\"https:\/\/slashmyprice.com\/pl\/cookies-policy\/\"]}]},{\"@type\":\"BreadcrumbList\",\"@id\":\"https:\/\/slashmyprice.com\/pl\/cookies-policy\/#breadcrumb\",\"itemListElement\":[{\"@type\":\"ListItem\",\"position\":1,\"name\":\"Home\",\"item\":\"https:\/\/slashmyprice.com\/pl\/\"},{\"@type\":\"ListItem\",\"position\":2,\"name\":\"Cookies Policy\"}]},{\"@type\":\"WebSite\",\"@id\":\"https:\/\/slashmyprice.com\/pl\/#website\",\"url\":\"https:\/\/slashmyprice.com\/pl\/\",\"name\":\"SlashMyPrice\",\"description\":\"SlashMyPrice\",\"potentialAction\":[{\"@type\":\"SearchAction\",\"target\":{\"@type\":\"EntryPoint\",\"urlTemplate\":\"https:\/\/slashmyprice.com\/pl\/?s={search_term_string}\"},\"query-input\":{\"@type\":\"PropertyValueSpecification\",\"valueRequired\":true,\"valueName\":\"search_term_string\"}}],\"inLanguage\":\"en-US\"}]}<\/script>\n<!-- \/ Yoast SEO plugin. -->","yoast_head_json":{"title":"Cookies Policy - SlashMyPrice","robots":{"index":"index","follow":"follow","max-snippet":"max-snippet:-1","max-image-preview":"max-image-preview:large","max-video-preview":"max-video-preview:-1"},"canonical":"https:\/\/slashmyprice.com\/pl\/cookies-policy\/","og_locale":"en_US","og_type":"article","og_title":"Cookies Policy - SlashMyPrice","og_description":"Cookies Policy Slashmyprice Niniejszy dokument informuje U\u017cytkownik\u00f3w o technologiach, kt\u00f3re pomagaj\u0105 serwisowi (Slashmyprice) realizowa\u0107 cele opisane poni\u017cej. Technologie te umo\u017cliwiaj\u0105 Operatorowi dost\u0119p do informacji i ich przechowywanie (np. poprzez wykorzystanie pliku Cookie) lub korzystanie z zasob\u00f3w (np. poprzez uruchomienie skryptu) znajduj\u0105cych si\u0119 na urz\u0105dzeniu U\u017cytkownika podczas jego interakcji ze stron\u0105 internetow\u0105 (Slashmyprice). Dla uproszczenia wszystkie [&hellip;]","og_url":"https:\/\/slashmyprice.com\/pl\/cookies-policy\/","og_site_name":"SlashMyPrice","twitter_card":"summary_large_image","twitter_misc":{"Est. reading time":"6 minutes"},"schema":{"@context":"https:\/\/schema.org","@graph":[{"@type":"WebPage","@id":"https:\/\/slashmyprice.com\/pl\/cookies-policy\/","url":"https:\/\/slashmyprice.com\/pl\/cookies-policy\/","name":"Cookies Policy - SlashMyPrice","isPartOf":{"@id":"https:\/\/slashmyprice.com\/pl\/#website"},"datePublished":"2024-08-20T12:38:09+00:00","breadcrumb":{"@id":"https:\/\/slashmyprice.com\/pl\/cookies-policy\/#breadcrumb"},"inLanguage":"en-US","potentialAction":[{"@type":"ReadAction","target":["https:\/\/slashmyprice.com\/pl\/cookies-policy\/"]}]},{"@type":"BreadcrumbList","@id":"https:\/\/slashmyprice.com\/pl\/cookies-policy\/#breadcrumb","itemListElement":[{"@type":"ListItem","position":1,"name":"Home","item":"https:\/\/slashmyprice.com\/pl\/"},{"@type":"ListItem","position":2,"name":"Cookies Policy"}]},{"@type":"WebSite","@id":"https:\/\/slashmyprice.com\/pl\/#website","url":"https:\/\/slashmyprice.com\/pl\/","name":"SlashMyPrice","description":"SlashMyPrice","potentialAction":[{"@type":"SearchAction","target":{"@type":"EntryPoint","urlTemplate":"https:\/\/slashmyprice.com\/pl\/?s={search_term_string}"},"query-input":{"@type":"PropertyValueSpecification","valueRequired":true,"valueName":"search_term_string"}}],"inLanguage":"en-US"}]}},"_links":{"self":[{"href":"https:\/\/slashmyprice.com\/pl\/wp-json\/wp\/v2\/pages\/7051","targetHints":{"allow":["GET"]}}],"collection":[{"href":"https:\/\/slashmyprice.com\/pl\/wp-json\/wp\/v2\/pages"}],"about":[{"href":"https:\/\/slashmyprice.com\/pl\/wp-json\/wp\/v2\/types\/page"}],"author":[{"embeddable":true,"href":"https:\/\/slashmyprice.com\/pl\/wp-json\/wp\/v2\/users\/3"}],"replies":[{"embeddable":true,"href":"https:\/\/slashmyprice.com\/pl\/wp-json\/wp\/v2\/comments?post=7051"}],"version-history":[{"count":1,"href":"https:\/\/slashmyprice.com\/pl\/wp-json\/wp\/v2\/pages\/7051\/revisions"}],"predecessor-version":[{"id":7052,"href":"https:\/\/slashmyprice.com\/pl\/wp-json\/wp\/v2\/pages\/7051\/revisions\/7052"}],"wp:attachment":[{"href":"https:\/\/slashmyprice.com\/pl\/wp-json\/wp\/v2\/media?parent=7051"}],"curies":[{"name":"wp","href":"https:\/\/api.w.org\/{rel}","templated":true}]}}