{"id":5925,"date":"2024-04-26T11:59:58","date_gmt":"2024-04-26T11:59:58","guid":{"rendered":"https:\/\/slashmyprice.com\/pl\/?page_id=5925"},"modified":"2024-04-26T11:59:58","modified_gmt":"2024-04-26T11:59:58","slug":"gdpr-policy","status":"publish","type":"page","link":"https:\/\/slashmyprice.com\/pl\/gdpr-policy\/","title":{"rendered":"GDPR Policy"},"content":{"rendered":"<p><strong>SlashMyPrice GDPR Policy<\/strong><\/p>\n<p><strong>Kolekcja informacji:<\/strong><\/p>\n<p>Gromadzimy, przetwarzamy i wykorzystujemy informacje o Tobie, gdy:<\/p>\n<ul>\n<li>Zarejestruj si\u0119 i skorzystaj z naszych us\u0142ug.<\/li>\n<li>Wejd\u017a w interakcj\u0119 z naszymi us\u0142ugami.<\/li>\n<li>\u0141\u0105cz si\u0119 z naszymi Us\u0142ugami za po\u015brednictwem stron trzecich, w tym kont w mediach spo\u0142eczno\u015bciowych, kont e-mail i partner\u00f3w biznesowych (opisanych w Sekcji 3 poni\u017cej).<\/li>\n<li>Skontaktuj si\u0119 z nami, aby uzyska\u0107 pomoc.<\/li>\n<\/ul>\n<p>Gromadzimy okre\u015blone informacje, gdy korzystasz z naszych Us\u0142ug online. Automatycznie zbieramy r\u00f3wnie\u017c informacje o Tobie i korzystaniu przez Ciebie z Us\u0142ug poprzez wykorzystanie proces\u00f3w log\u00f3w, plik\u00f3w cookie, technologii identyfikacji lokalizacji i innych technologii \u015bledzenia. Niekt\u00f3re informacje o Tobie s\u0105 gromadzone przez strony trzecie, w tym gdy \u0142\u0105czysz si\u0119 za po\u015brednictwem us\u0142ugi strony trzeciej lub strony internetowej partnera biznesowego, lub gdy informacje s\u0105 udost\u0119pniane przez sprzedawc\u00f3w i partner\u00f3w biznesowych, z kt\u00f3rymi r\u00f3wnie\u017c wchodzi\u0142e\u015b w interakcj\u0119.<\/p>\n<p><strong>Rodzaje informacji, kt\u00f3re mo\u017cemy gromadzi\u0107<\/strong><\/p>\n<p>Rodzaje informacji, kt\u00f3re o Tobie gromadzimy, mog\u0105 obejmowa\u0107 dane osobowe nast\u0119puj\u0105cych typ\u00f3w:<\/p>\n<ul>\n<li>Identyfikatory, kt\u00f3re przekazujesz nam bezpo\u015brednio, takie jak imi\u0119 i nazwisko, adres pocztowy, adres e-mail, dane podatkowe (dla zwyci\u0119zc\u00f3w loterii, konkurs\u00f3w i promocji) i\/lub numer telefonu.<\/li>\n<li>Identyfikatory gromadzone podczas korzystania przez Ciebie z Us\u0142ug, takie jak: takie jak unikalne identyfikatory internetowe lub identyfikatory urz\u0105dze\u0144, adres IP, identyfikatory urz\u0105dze\u0144 lub sesji oraz informacje o konfiguracji Twojego systemu (system operacyjny i wersja), sieci i pod\u0142\u0105czonym sprz\u0119cie (np. komputerze lub telefonie kom\u00f3rkowym) urz\u0105dzenie itp., operator sieci bezprzewodowej) oraz aplikacje (np. inne aplikacje zainstalowane na Twoim urz\u0105dzeniu mobilnym).<\/li>\n<li>Informacje o kliencie, takie jak nazwa rachunku p\u0142atniczego, numer rachunku p\u0142atniczego, data wa\u017cno\u015bci karty p\u0142atniczej i adres rozliczeniowy.<\/li>\n<li>Chronione cechy klasyfikacji, takie jak p\u0142e\u0107, wiek, doch\u00f3d gospodarstwa domowego, stan cywilny lub przynale\u017cno\u015b\u0107 do jakiejkolwiek innej chronionej klasyfikacji na mocy prawa stanu Kalifornia, tylko w zakresie, w jakim przeka\u017cesz nam takie informacje, jak dane demograficzne w odpowiedzi na ankiet\u0119, kt\u00f3re umo\u017cliwiaj\u0105 identyfikacj\u0119 Tobie.<\/li>\n<li>Informacje handlowe o Tobie, takie jak: B. Dane dotycz\u0105ce produkt\u00f3w, typ\u00f3w produkt\u00f3w, sprzedawc\u00f3w, typ\u00f3w sprzedawc\u00f3w, towar\u00f3w lub us\u0142ug, kt\u00f3re kupi\u0142e\u015b, otrzyma\u0142e\u015b lub rozwa\u017ca\u0142e\u015b, w tym produkty, handlowcy i kupony, kt\u00f3rych wyszukiwa\u0142e\u015b, przegl\u0105da\u0142e\u015b lub klikn\u0105\u0142e\u015b, dodane do Elementy koszyka, zainicjowane wycieczki na zakupy, zainicjowane wycieczki na zakupy, strony sprzedawc\u00f3w odwiedzone za po\u015brednictwem naszych Us\u0142ug, historia transakcji zwi\u0105zanych z naszymi Us\u0142ugami, informacje o potwierdzeniu zakupu, zgromadzony zwrot got\u00f3wki, punkty cz\u0142onkowskie American Express i inne waluty lojalno\u015bciowe.<\/li>\n<li>Aktywno\u015b\u0107 w Internecie i innej sieci, taka jak historia przegl\u0105dania i wyszukiwania oraz interakcje z naszymi stronami internetowymi i us\u0142ugami, w tym:<\/li>\n<li>Produkty, kupony, oferty lub sprzedawcy, kt\u00f3rych szukasz, klikasz, dodajesz do ulubionych i\/lub przegl\u0105dasz, w tym klikni\u0119cia dokonywane w odwiedzanych witrynach sprzedawc\u00f3w.<\/li>\n<li>znaczniki daty i godziny zwi\u0105zane z przegl\u0105daniem, wyszukiwaniami i klikni\u0119ciami;<\/li>\n<li>Kliknij dane strumieniowe, tj. H. klikni\u0119cia strona po stronie, kt\u00f3re wykonujesz podczas poruszania si\u0119 po naszych Us\u0142ugach, w tym stron\u0119 internetow\u0105 odwiedzon\u0105 przed wej\u015bciem na nasz\u0105 Stron\u0119;<\/li>\n<li>Lokalne preferencje dotycz\u0105ce korzystania z Us\u0142ug. Informacje sensoryczne, takie jak nagrania d\u017awi\u0119kowe Twojego g\u0142osu, gdy dzwonisz do naszych przedstawicieli obs\u0142ugi cz\u0142onkowskiej, w zakresie dozwolonym przez obowi\u0105zuj\u0105ce prawo;<\/li>\n<li>Dane logowania do konta cz\u0142onkowskiego, w tym nazwa u\u017cytkownika i has\u0142o; I<\/li>\n<li>Wnioski na temat Ciebie i Twoich prawdopodobnych preferencji, cech, zachowa\u0144 i postaw na podstawie wszelkich informacji, kt\u00f3re o Tobie zbieramy, innych ni\u017c informacje \u201ewra\u017cliwe\u201d.<\/li>\n<\/ul>\n<p>W niekt\u00f3rych jurysdykcjach okre\u015blone rodzaje gromadzonych przez nas informacji mog\u0105 by\u0107 uwa\u017cane za \u201ewra\u017cliwe\u201d dane osobowe, w tym:<\/p>\n<ul>\n<li>Informacje demograficzne, takie jak p\u0142e\u0107, wiek, doch\u00f3d gospodarstwa domowego lub stan cywilny, tylko w zakresie, w jakim przeka\u017cesz nam te informacje jako informacje demograficzne w odpowiedzi na ankiet\u0119, kt\u00f3re umo\u017cliwiaj\u0105 Twoj\u0105 identyfikacj\u0119<\/li>\n<li>Dok\u0142adne dane geolokalizacyjne, je\u015bli skonfigurowa\u0142e\u015b swoje urz\u0105dzenie tak, aby udost\u0119pnia\u0142o nam te informacje.<\/li>\n<\/ul>\n<p>Nale\u017cy pami\u0119ta\u0107, \u017ce wykorzystujemy te wra\u017cliwe informacje wy\u0142\u0105cznie w celu \u015bwiadczenia Us\u0142ug i nie gromadzimy, nie wykorzystujemy ani nie ujawniamy tych poufnych informacji w celu wyci\u0105gni\u0119cia wniosk\u00f3w na temat Twoich cech osobistych. Nie \u201esprzedajemy\u201d ani \u201enie udost\u0119pniamy\u201d wra\u017cliwych danych osobowych ani nie wykorzystujemy ich do \u201eukierunkowanych reklam\u201d, zgodnie z definicj\u0105 tych termin\u00f3w w przepisach prawa USA. stanowe przepisy dotycz\u0105ce prywatno\u015bci.<\/p>\n<p><strong>Wykorzystanie gromadzonych przez nas informacji<\/strong><\/p>\n<p>Informacje, kt\u00f3re o Tobie zbieramy, wykorzystujemy w nast\u0119puj\u0105cych celach biznesowych i komercyjnych:<\/p>\n<p><strong>Aby \u015bwiadczy\u0107 nasze us\u0142ugi i zarz\u0105dza\u0107 Twoim kontem, w tym:<\/strong><\/p>\n<ul>\n<li>Przetworzy\u0107 Twoj\u0105 rejestracj\u0119 w naszych Us\u0142ugach, w tym sprawdzi\u0107, czy Tw\u00f3j adres e-mail jest aktywny i wa\u017cny oraz zarejestrowa\u0107 Ci\u0119 w naszych programach.<\/li>\n<li>Zarz\u0105dzaj swoim kontem i preferencjami interakcji, w tym \u015bledz\u0105c ulubione sklepy, sprzedawc\u00f3w i preferowane lokalizacje, a tak\u017ce histori\u0119 transakcji.<\/li>\n<li>Wysy\u0142aj powiadomienia techniczne, aktualizacje, alerty bezpiecze\u0144stwa i wiadomo\u015bci administracyjne<\/li>\n<li>Zapewnij cz\u0142onkom us\u0142ugi i wsparcie dotycz\u0105ce Twojego konta oraz odpowiadaj na ich pytania, komentarze i pro\u015bby<\/li>\n<\/ul>\n<p><strong>Aby personalizowa\u0107 i ulepsza\u0107 nasze us\u0142ugi<\/strong><\/p>\n<p>Mo\u017cemy wykorzystywa\u0107 informacje, kt\u00f3re o Tobie zbieramy, do tworzenia profilu Twoich preferencji, aby spersonalizowa\u0107 i dostosowa\u0107 tre\u015bci w Us\u0142ugach, tak aby z wi\u0119kszym prawdopodobie\u0144stwem by\u0142y dla Ciebie interesuj\u0105ce. Na przyk\u0142ad mo\u017cemy wykorzysta\u0107 Twoje najcz\u0119\u015bciej odwiedzane sklepy lub histori\u0119 zakup\u00f3w, aby wy\u015bwietli\u0107 oferty podobnych sklep\u00f3w w odpowiednich cz\u0119\u015bciach Us\u0142ug lub przedstawi\u0107 oferty specjalne, kt\u00f3re mog\u0105 Ci\u0119 zainteresowa\u0107 w naszych Us\u0142ugach, w tym w sklepie.<\/p>\n<p>Mo\u017cemy r\u00f3wnie\u017c wykorzystywa\u0107 informacje, kt\u00f3re o Tobie gromadzimy, do identyfikowania trend\u00f3w u\u017cytkowania i przeprowadzania analiz statystycznych w celu ulepszenia naszych us\u0142ug, stron internetowych, aplikacji, dzia\u0142a\u0144 marketingowych oraz produkt\u00f3w i us\u0142ug naszych partner\u00f3w biznesowych, kt\u00f3re polecamy lub oferujemy, w celu zapewnienia lepsz\u0105 obs\u0142ug\u0119 dla Ciebie w przysz\u0142o\u015bci.<\/p>\n<p><strong>Aby zapewni\u0107 Ci informacje marketingowe<\/strong><\/p>\n<p>Firma mo\u017ce wykorzystywa\u0107 informacje, kt\u00f3re o Tobie gromadzimy, aby dostarcza\u0107 Ci bardziej spersonalizowane oferty, oferty specjalne, rabaty i\/lub bardziej odpowiednie oferty od naszych uczestnicz\u0105cych sprzedawc\u00f3w za po\u015brednictwem poczty elektronicznej i innych bezpo\u015brednich \u015brodk\u00f3w komunikacji, a tak\u017ce za po\u015brednictwem reklamy cyfrowej. Mo\u017cemy wykorzystywa\u0107 Twoje dane do bezpo\u015bredniego wysy\u0142ania Ci biuletyn\u00f3w e-mailowych, ofert nagr\u00f3d, rabat\u00f3w, kod\u00f3w promocyjnych, wydarze\u0144 i og\u00f3lnych informacji o Us\u0142ugach.<\/p>\n<p><strong>Aby chroni\u0107 Ciebie, innych i nasz\u0105 firm\u0119<\/strong><\/p>\n<p>Mo\u017cemy wykorzystywa\u0107 zebrane informacje do oceny ryzyka, badania i ograniczania oszustw, spamu i innej z\u0142o\u015bliwej aktywno\u015bci online w naszych Us\u0142ugach oraz do ulepszania naszych \u015brodk\u00f3w bezpiecze\u0144stwa. Mo\u017cemy r\u00f3wnie\u017c wykorzystywa\u0107 zebrane informacje w celu dochodzenia naszych praw lub obrony naszych praw przed osobami trzecimi.<\/p>\n<p><strong>Aby zachowa\u0107 zgodno\u015b\u0107 z obowi\u0105zuj\u0105cymi przepisami<\/strong><\/p>\n<p>Mo\u017cemy wykorzystywa\u0107 informacje, kt\u00f3re o Tobie gromadzimy, aby zachowa\u0107 zgodno\u015b\u0107 z obowi\u0105zuj\u0105cymi przepisami, zasadami, regulacjami i organami prawnymi w ka\u017cdym regionie geograficznym, w kt\u00f3rym dzia\u0142amy.<\/p>\n<p><strong>Twoje prawa do prywatno\u015bci<\/strong><\/p>\n<p>Z zastrze\u017ceniem pewnych wyj\u0105tk\u00f3w, zgodnie z obowi\u0105zuj\u0105cym prawem przys\u0142uguj\u0105 Ci okre\u015blone prawa dotycz\u0105ce Twoich danych osobowych.<\/p>\n<p><strong>Prawo do wiedzy i dost\u0119pu<\/strong><\/p>\n<p>Masz prawo za\u017c\u0105da\u0107 dost\u0119pu do swoich danych osobowych, kt\u00f3re zebrali\u015bmy, wykorzystali\u015bmy, ujawnili\u015bmy w celach biznesowych oraz sprzedali\u015bmy lub udost\u0119pnili\u015bmy na potrzeby reklamy mi\u0119dzykontekstowej lub ukierunkowanej, w tym cel\u00f3w, dla kt\u00f3rych je wykorzystali\u015bmy, oraz kategorii \u017ar\u00f3de\u0142, z kt\u00f3rych pochodz\u0105. od kt\u00f3rych pozyskali\u015bmy Twoje dane oraz kategorie stron trzecich, kt\u00f3rym udost\u0119pnili\u015bmy Twoje dane. Masz r\u00f3wnie\u017c prawo za\u017c\u0105da\u0107 dost\u0119pu do (uzyskania kopii) okre\u015blonych danych osobowych, kt\u00f3re zebrali\u015bmy na Tw\u00f3j temat. (Pami\u0119taj, \u017ce nie udost\u0119pniamy \u017cadnych wra\u017cliwych danych osobowych, kt\u00f3re mo\u017cemy posiada\u0107 w ramach tego typu \u017c\u0105da\u0144).<\/p>\n<p><strong>Prawo do \u017c\u0105dania usuni\u0119cia<\/strong><\/p>\n<p>Masz prawo za\u017c\u0105da\u0107, aby\u015bmy usun\u0119li wszelkie dane osobowe, kt\u00f3re zebrali\u015bmy od Ciebie lub kt\u00f3re o Tobie przechowujemy, z zastrze\u017ceniem pewnych wyj\u0105tk\u00f3w. Na takie \u017c\u0105danie usuniemy Twoje dane osobowe, chyba \u017ce uznamy, \u017ce potrzebujemy tych informacji do cel\u00f3w biznesowych i mamy prawo do ich zatrzymania. W takim przypadku poinformujemy Ci\u0119 o tym wyj\u0105tku prawnym.<\/p>\n<p><strong>Prawo do sprostowania<\/strong><\/p>\n<p>Z zastrze\u017ceniem pewnych wyj\u0105tk\u00f3w, masz prawo za\u017c\u0105da\u0107, aby Firma poprawi\u0142a wszelkie niedok\u0142adne lub niekompletne dane osobowe, kt\u00f3re zebrali\u015bmy od Ciebie lub kt\u00f3re o Tobie przechowujemy.<\/p>\n<p><strong>Prawo do niedyskryminacji<\/strong><\/p>\n<p>Nie b\u0119dziemy Ci\u0119 dyskryminowa\u0107 w korzystaniu z Twoich praw. O ile obowi\u0105zuj\u0105ce prawo nie stanowi inaczej, je\u015bli poprosisz o poznanie swoich danych, dost\u0119p do nich, ich poprawienie lub usuni\u0119cie albo zrezygnujesz ze sprzeda\u017cy lub przeniesienia, nie wykonamy \u017cadnej z poni\u017cszych czynno\u015bci:<\/p>\n<ul>\n<li>Odm\u00f3w Ci towar\u00f3w lub us\u0142ug<\/li>\n<li>Nalicza\u0107 r\u00f3\u017cne ceny lub stawki za towary lub us\u0142ugi, w tym poprzez udzielanie rabat\u00f3w lub innych korzy\u015bci lub nak\u0142adanie kar<\/li>\n<li>oferowa\u0107 Ci innego poziomu lub jako\u015bci towar\u00f3w lub us\u0142ug lub sugerowa\u0107, \u017ce mo\u017cesz otrzyma\u0107 inn\u0105 cen\u0119 lub stawk\u0119 za towary lub us\u0142ugi lub<\/li>\n<li>Inny poziom lub jako\u015b\u0107 towar\u00f3w lub us\u0142ug<\/li>\n<\/ul>\n<p><strong>Prawo apelacji<\/strong><\/p>\n<p>W zale\u017cno\u015bci od stanu Twojego zamieszkania mo\u017cesz mie\u0107 prawo odwo\u0142a\u0107 si\u0119 od naszej decyzji dotycz\u0105cej Twojego wniosku o prawa do prywatno\u015bci. Mo\u017cesz zg\u0142osi\u0107 sprzeciw, kontaktuj\u0105c si\u0119 z nami pod adresem <a href=\"mailto:contact@slashmyprice.com\">contact@slashmyprice.com<\/a>. Odpowiadamy zgodnie z prawem obowi\u0105zuj\u0105cym w Twojej lokalizacji.<\/p>\n<p><strong>Agenci<\/strong><\/p>\n<p>Tylko Ty lub osoba prawnie upowa\u017cniona do dzia\u0142ania w Twoim imieniu mo\u017cesz z\u0142o\u017cy\u0107 weryfikowalne \u017c\u0105danie konsumenta dotycz\u0105ce Twoich danych osobowych. Od ka\u017cdego agenta sk\u0142adaj\u0105cego wniosek w Twoim imieniu mo\u017cemy wymaga\u0107 od Ciebie przedstawienia dowodu, \u017ce upowa\u017cni\u0142e\u015b tego agenta do z\u0142o\u017cenia wniosku w Twoim imieniu, a tak\u017ce mo\u017cemy wymaga\u0107 od Ciebie niezale\u017cnej weryfikacji Twojej to\u017csamo\u015bci lub zalogowania si\u0119 na swoje konto w celu zapewnienia dost\u0119pu kod.<\/p>\n<p><strong>Inne informacje<\/strong><\/p>\n<p>Zgodnie z prawem stanu Kalifornia mieszka\u0144cy Kalifornii mog\u0105 za\u017c\u0105da\u0107 szczeg\u00f3\u0142owych informacji na temat sposobu udost\u0119pniania ich danych stronom trzecim w celach marketingu bezpo\u015bredniego.<\/p>\n<p><strong>Informacje dla nieletnich<\/strong><\/p>\n<p>Niniejsza witryna i wszelkie powi\u0105zane us\u0142ugi s\u0105 skierowane do os\u00f3b doros\u0142ych w wieku 18 lat i starszych. Nie gromadzimy, nie sprzedajemy ani nie udost\u0119pniamy \u015bwiadomie danych osobowych konsument\u00f3w poni\u017cej 16 roku \u017cycia bez wyra\u017anego upowa\u017cnienia lub mo\u017cliwej do sprawdzenia zgody rodzic\u00f3w wobec os\u00f3b poni\u017cej 13 roku \u017cycia wiek.<\/p>\n<p><strong>Bezpiecze\u0144stwo informacji<\/strong><\/p>\n<p>Wdro\u017cyli\u015bmy \u015brodki techniczne i organizacyjne, aby zapewni\u0107 poziom bezpiecze\u0144stwa odpowiedni do ryzyka, jakie stanowi\u0105 przetwarzane przez nas dane osobowe. Celem tych dzia\u0142a\u0144 jest utrzymanie sta\u0142ej integralno\u015bci i ochrona poufno\u015bci danych osobowych. Regularnie oceniamy te \u015brodki, aby mie\u0107 pewno\u015b\u0107, \u017ce w dalszym ci\u0105gu utrzymuj\u0105 i stosuj\u0105 odpowiedni poziom bezpiecze\u0144stwa<\/p>\n<p><strong>Zmiany w niniejszej Polityce Prywatno\u015bci<\/strong><\/p>\n<p>Niniejsza Polityka prywatno\u015bci obowi\u0105zuje od daty wej\u015bcia w \u017cycie okre\u015blonej poni\u017cej. Zastrzegamy sobie prawo do okresowej zmiany niniejszej polityki prywatno\u015bci zgodnie z obowi\u0105zuj\u0105cymi przepisami i zasadami dotycz\u0105cymi ochrony danych oraz naszymi praktykami dotycz\u0105cymi danych osobowych. Je\u017celi dokonamy zmian w niniejszej Polityce Prywatno\u015bci, poinformujemy Ci\u0119 o tym poprzez zmian\u0119 daty niniejszej Polityki Prywatno\u015bci. W przypadku istotnej zmiany poinformujemy Ci\u0119 o tym dodatkowo (na przyk\u0142ad poprzez dodanie o\u015bwiadczenia na stronach g\u0142\u00f3wnych naszych Us\u0142ug lub wys\u0142anie powiadomienia e-mailem).<\/p>\n<p><strong>Skontaktuj si\u0119 z nami<\/strong><\/p>\n<p>Je\u015bli masz jakiekolwiek pytania dotycz\u0105ce niniejszej polityki prywatno\u015bci, skontaktuj si\u0119 z nami pod adresem <a href=\"mailto:contact@slashmyprice.com\">contact@slashmyprice.com<\/a><\/p>\n","protected":false},"excerpt":{"rendered":"<p>SlashMyPrice GDPR Policy Kolekcja informacji: Gromadzimy, przetwarzamy i wykorzystujemy informacje o Tobie, gdy: Zarejestruj si\u0119 i skorzystaj z naszych us\u0142ug. Wejd\u017a w interakcj\u0119 z naszymi us\u0142ugami. \u0141\u0105cz si\u0119 z naszymi Us\u0142ugami za po\u015brednictwem stron trzecich, w tym kont w mediach spo\u0142eczno\u015bciowych, kont e-mail i partner\u00f3w biznesowych (opisanych w Sekcji 3 poni\u017cej). Skontaktuj si\u0119 z nami, [&hellip;]<\/p>\n","protected":false},"author":3,"featured_media":0,"parent":0,"menu_order":2,"comment_status":"closed","ping_status":"closed","template":"","meta":{"_acf_changed":false,"footnotes":""},"class_list":["post-5925","page","type-page","status-publish","hentry"],"acf":[],"yoast_head":"<!-- This site is optimized with the Yoast SEO plugin v27.1.1 - https:\/\/yoast.com\/product\/yoast-seo-wordpress\/ -->\n<title>GDPR Policy - SlashMyPrice<\/title>\n<meta name=\"robots\" content=\"index, follow, max-snippet:-1, max-image-preview:large, max-video-preview:-1\" \/>\n<link rel=\"canonical\" href=\"https:\/\/slashmyprice.com\/pl\/gdpr-policy\/\" \/>\n<meta property=\"og:locale\" content=\"en_US\" \/>\n<meta property=\"og:type\" content=\"article\" \/>\n<meta property=\"og:title\" content=\"GDPR Policy - SlashMyPrice\" \/>\n<meta property=\"og:description\" content=\"SlashMyPrice GDPR Policy Kolekcja informacji: Gromadzimy, przetwarzamy i wykorzystujemy informacje o Tobie, gdy: Zarejestruj si\u0119 i skorzystaj z naszych us\u0142ug. Wejd\u017a w interakcj\u0119 z naszymi us\u0142ugami. \u0141\u0105cz si\u0119 z naszymi Us\u0142ugami za po\u015brednictwem stron trzecich, w tym kont w mediach spo\u0142eczno\u015bciowych, kont e-mail i partner\u00f3w biznesowych (opisanych w Sekcji 3 poni\u017cej). Skontaktuj si\u0119 z nami, [&hellip;]\" \/>\n<meta property=\"og:url\" content=\"https:\/\/slashmyprice.com\/pl\/gdpr-policy\/\" \/>\n<meta property=\"og:site_name\" content=\"SlashMyPrice\" \/>\n<meta name=\"twitter:card\" content=\"summary_large_image\" \/>\n<meta name=\"twitter:label1\" content=\"Est. reading time\" \/>\n\t<meta name=\"twitter:data1\" content=\"8 minutes\" \/>\n<script type=\"application\/ld+json\" class=\"yoast-schema-graph\">{\"@context\":\"https:\/\/schema.org\",\"@graph\":[{\"@type\":\"WebPage\",\"@id\":\"https:\/\/slashmyprice.com\/pl\/gdpr-policy\/\",\"url\":\"https:\/\/slashmyprice.com\/pl\/gdpr-policy\/\",\"name\":\"GDPR Policy - SlashMyPrice\",\"isPartOf\":{\"@id\":\"https:\/\/slashmyprice.com\/pl\/#website\"},\"datePublished\":\"2024-04-26T11:59:58+00:00\",\"breadcrumb\":{\"@id\":\"https:\/\/slashmyprice.com\/pl\/gdpr-policy\/#breadcrumb\"},\"inLanguage\":\"en-US\",\"potentialAction\":[{\"@type\":\"ReadAction\",\"target\":[\"https:\/\/slashmyprice.com\/pl\/gdpr-policy\/\"]}]},{\"@type\":\"BreadcrumbList\",\"@id\":\"https:\/\/slashmyprice.com\/pl\/gdpr-policy\/#breadcrumb\",\"itemListElement\":[{\"@type\":\"ListItem\",\"position\":1,\"name\":\"Home\",\"item\":\"https:\/\/slashmyprice.com\/pl\/\"},{\"@type\":\"ListItem\",\"position\":2,\"name\":\"GDPR Policy\"}]},{\"@type\":\"WebSite\",\"@id\":\"https:\/\/slashmyprice.com\/pl\/#website\",\"url\":\"https:\/\/slashmyprice.com\/pl\/\",\"name\":\"SlashMyPrice\",\"description\":\"SlashMyPrice\",\"potentialAction\":[{\"@type\":\"SearchAction\",\"target\":{\"@type\":\"EntryPoint\",\"urlTemplate\":\"https:\/\/slashmyprice.com\/pl\/?s={search_term_string}\"},\"query-input\":{\"@type\":\"PropertyValueSpecification\",\"valueRequired\":true,\"valueName\":\"search_term_string\"}}],\"inLanguage\":\"en-US\"}]}<\/script>\n<!-- \/ Yoast SEO plugin. -->","yoast_head_json":{"title":"GDPR Policy - SlashMyPrice","robots":{"index":"index","follow":"follow","max-snippet":"max-snippet:-1","max-image-preview":"max-image-preview:large","max-video-preview":"max-video-preview:-1"},"canonical":"https:\/\/slashmyprice.com\/pl\/gdpr-policy\/","og_locale":"en_US","og_type":"article","og_title":"GDPR Policy - SlashMyPrice","og_description":"SlashMyPrice GDPR Policy Kolekcja informacji: Gromadzimy, przetwarzamy i wykorzystujemy informacje o Tobie, gdy: Zarejestruj si\u0119 i skorzystaj z naszych us\u0142ug. Wejd\u017a w interakcj\u0119 z naszymi us\u0142ugami. \u0141\u0105cz si\u0119 z naszymi Us\u0142ugami za po\u015brednictwem stron trzecich, w tym kont w mediach spo\u0142eczno\u015bciowych, kont e-mail i partner\u00f3w biznesowych (opisanych w Sekcji 3 poni\u017cej). Skontaktuj si\u0119 z nami, [&hellip;]","og_url":"https:\/\/slashmyprice.com\/pl\/gdpr-policy\/","og_site_name":"SlashMyPrice","twitter_card":"summary_large_image","twitter_misc":{"Est. reading time":"8 minutes"},"schema":{"@context":"https:\/\/schema.org","@graph":[{"@type":"WebPage","@id":"https:\/\/slashmyprice.com\/pl\/gdpr-policy\/","url":"https:\/\/slashmyprice.com\/pl\/gdpr-policy\/","name":"GDPR Policy - SlashMyPrice","isPartOf":{"@id":"https:\/\/slashmyprice.com\/pl\/#website"},"datePublished":"2024-04-26T11:59:58+00:00","breadcrumb":{"@id":"https:\/\/slashmyprice.com\/pl\/gdpr-policy\/#breadcrumb"},"inLanguage":"en-US","potentialAction":[{"@type":"ReadAction","target":["https:\/\/slashmyprice.com\/pl\/gdpr-policy\/"]}]},{"@type":"BreadcrumbList","@id":"https:\/\/slashmyprice.com\/pl\/gdpr-policy\/#breadcrumb","itemListElement":[{"@type":"ListItem","position":1,"name":"Home","item":"https:\/\/slashmyprice.com\/pl\/"},{"@type":"ListItem","position":2,"name":"GDPR Policy"}]},{"@type":"WebSite","@id":"https:\/\/slashmyprice.com\/pl\/#website","url":"https:\/\/slashmyprice.com\/pl\/","name":"SlashMyPrice","description":"SlashMyPrice","potentialAction":[{"@type":"SearchAction","target":{"@type":"EntryPoint","urlTemplate":"https:\/\/slashmyprice.com\/pl\/?s={search_term_string}"},"query-input":{"@type":"PropertyValueSpecification","valueRequired":true,"valueName":"search_term_string"}}],"inLanguage":"en-US"}]}},"_links":{"self":[{"href":"https:\/\/slashmyprice.com\/pl\/wp-json\/wp\/v2\/pages\/5925","targetHints":{"allow":["GET"]}}],"collection":[{"href":"https:\/\/slashmyprice.com\/pl\/wp-json\/wp\/v2\/pages"}],"about":[{"href":"https:\/\/slashmyprice.com\/pl\/wp-json\/wp\/v2\/types\/page"}],"author":[{"embeddable":true,"href":"https:\/\/slashmyprice.com\/pl\/wp-json\/wp\/v2\/users\/3"}],"replies":[{"embeddable":true,"href":"https:\/\/slashmyprice.com\/pl\/wp-json\/wp\/v2\/comments?post=5925"}],"version-history":[{"count":1,"href":"https:\/\/slashmyprice.com\/pl\/wp-json\/wp\/v2\/pages\/5925\/revisions"}],"predecessor-version":[{"id":5926,"href":"https:\/\/slashmyprice.com\/pl\/wp-json\/wp\/v2\/pages\/5925\/revisions\/5926"}],"wp:attachment":[{"href":"https:\/\/slashmyprice.com\/pl\/wp-json\/wp\/v2\/media?parent=5925"}],"curies":[{"name":"wp","href":"https:\/\/api.w.org\/{rel}","templated":true}]}}