{"id":228,"date":"2022-08-26T16:40:54","date_gmt":"2022-08-26T16:40:54","guid":{"rendered":"https:\/\/slashmyprice.com\/pl\/?page_id=228"},"modified":"2022-12-28T11:30:50","modified_gmt":"2022-12-28T11:30:50","slug":"sklepy","status":"publish","type":"page","link":"https:\/\/slashmyprice.com\/pl\/sklepy\/","title":{"rendered":"Sklepy"},"content":{"rendered":"","protected":false},"excerpt":{"rendered":"","protected":false},"author":3,"featured_media":0,"parent":0,"menu_order":11,"comment_status":"closed","ping_status":"closed","template":"","meta":{"_acf_changed":false,"footnotes":""},"class_list":["post-228","page","type-page","status-publish","hentry"],"acf":[],"yoast_head":"<!-- This site is optimized with the Yoast SEO plugin v27.1.1 - https:\/\/yoast.com\/product\/yoast-seo-wordpress\/ -->\n<title>Znane Sklepy Dla Twojego Sklepu W Slashmyprice.com<\/title>\n<meta name=\"description\" content=\"Znane sklepy dla Twojego sklepu w SlashMyPrice - gdzie masz kody rabatowe, kody kupon\u00f3w, kody promocyjne i oferty, kt\u00f3re oszcz\u0119dzaj\u0105 Twoje pieni\u0105dze.\" \/>\n<meta name=\"robots\" content=\"index, follow, max-snippet:-1, max-image-preview:large, max-video-preview:-1\" \/>\n<link rel=\"canonical\" href=\"https:\/\/slashmyprice.com\/pl\/sklepy\/\" \/>\n<meta property=\"og:locale\" content=\"en_US\" \/>\n<meta property=\"og:type\" content=\"article\" \/>\n<meta property=\"og:title\" content=\"Znane Sklepy Dla Twojego Sklepu W Slashmyprice.com\" \/>\n<meta property=\"og:description\" content=\"Znane sklepy dla Twojego sklepu w SlashMyPrice - gdzie masz kody rabatowe, kody kupon\u00f3w, kody promocyjne i oferty, kt\u00f3re oszcz\u0119dzaj\u0105 Twoje pieni\u0105dze.\" \/>\n<meta property=\"og:url\" content=\"https:\/\/slashmyprice.com\/pl\/sklepy\/\" \/>\n<meta property=\"og:site_name\" content=\"SlashMyPrice\" \/>\n<meta property=\"article:modified_time\" content=\"2022-12-28T11:30:50+00:00\" \/>\n<meta name=\"twitter:card\" content=\"summary_large_image\" \/>\n<script type=\"application\/ld+json\" class=\"yoast-schema-graph\">{\"@context\":\"https:\/\/schema.org\",\"@graph\":[{\"@type\":\"WebPage\",\"@id\":\"https:\/\/slashmyprice.com\/pl\/sklepy\/\",\"url\":\"https:\/\/slashmyprice.com\/pl\/sklepy\/\",\"name\":\"Znane Sklepy Dla Twojego Sklepu W Slashmyprice.com\",\"isPartOf\":{\"@id\":\"https:\/\/slashmyprice.com\/pl\/#website\"},\"datePublished\":\"2022-08-26T16:40:54+00:00\",\"dateModified\":\"2022-12-28T11:30:50+00:00\",\"description\":\"Znane sklepy dla Twojego sklepu w SlashMyPrice - gdzie masz kody rabatowe, kody kupon\u00f3w, kody promocyjne i oferty, kt\u00f3re oszcz\u0119dzaj\u0105 Twoje pieni\u0105dze.\",\"breadcrumb\":{\"@id\":\"https:\/\/slashmyprice.com\/pl\/sklepy\/#breadcrumb\"},\"inLanguage\":\"en-US\",\"potentialAction\":[{\"@type\":\"ReadAction\",\"target\":[\"https:\/\/slashmyprice.com\/pl\/sklepy\/\"]}]},{\"@type\":\"BreadcrumbList\",\"@id\":\"https:\/\/slashmyprice.com\/pl\/sklepy\/#breadcrumb\",\"itemListElement\":[{\"@type\":\"ListItem\",\"position\":1,\"name\":\"Home\",\"item\":\"https:\/\/slashmyprice.com\/pl\/\"},{\"@type\":\"ListItem\",\"position\":2,\"name\":\"Sklepy\"}]},{\"@type\":\"WebSite\",\"@id\":\"https:\/\/slashmyprice.com\/pl\/#website\",\"url\":\"https:\/\/slashmyprice.com\/pl\/\",\"name\":\"SlashMyPrice\",\"description\":\"SlashMyPrice\",\"potentialAction\":[{\"@type\":\"SearchAction\",\"target\":{\"@type\":\"EntryPoint\",\"urlTemplate\":\"https:\/\/slashmyprice.com\/pl\/?s={search_term_string}\"},\"query-input\":{\"@type\":\"PropertyValueSpecification\",\"valueRequired\":true,\"valueName\":\"search_term_string\"}}],\"inLanguage\":\"en-US\"}]}<\/script>\n<!-- \/ Yoast SEO plugin. -->","yoast_head_json":{"title":"Znane Sklepy Dla Twojego Sklepu W Slashmyprice.com","description":"Znane sklepy dla Twojego sklepu w SlashMyPrice - gdzie masz kody rabatowe, kody kupon\u00f3w, kody promocyjne i oferty, kt\u00f3re oszcz\u0119dzaj\u0105 Twoje pieni\u0105dze.","robots":{"index":"index","follow":"follow","max-snippet":"max-snippet:-1","max-image-preview":"max-image-preview:large","max-video-preview":"max-video-preview:-1"},"canonical":"https:\/\/slashmyprice.com\/pl\/sklepy\/","og_locale":"en_US","og_type":"article","og_title":"Znane Sklepy Dla Twojego Sklepu W Slashmyprice.com","og_description":"Znane sklepy dla Twojego sklepu w SlashMyPrice - gdzie masz kody rabatowe, kody kupon\u00f3w, kody promocyjne i oferty, kt\u00f3re oszcz\u0119dzaj\u0105 Twoje pieni\u0105dze.","og_url":"https:\/\/slashmyprice.com\/pl\/sklepy\/","og_site_name":"SlashMyPrice","article_modified_time":"2022-12-28T11:30:50+00:00","twitter_card":"summary_large_image","schema":{"@context":"https:\/\/schema.org","@graph":[{"@type":"WebPage","@id":"https:\/\/slashmyprice.com\/pl\/sklepy\/","url":"https:\/\/slashmyprice.com\/pl\/sklepy\/","name":"Znane Sklepy Dla Twojego Sklepu W Slashmyprice.com","isPartOf":{"@id":"https:\/\/slashmyprice.com\/pl\/#website"},"datePublished":"2022-08-26T16:40:54+00:00","dateModified":"2022-12-28T11:30:50+00:00","description":"Znane sklepy dla Twojego sklepu w SlashMyPrice - gdzie masz kody rabatowe, kody kupon\u00f3w, kody promocyjne i oferty, kt\u00f3re oszcz\u0119dzaj\u0105 Twoje pieni\u0105dze.","breadcrumb":{"@id":"https:\/\/slashmyprice.com\/pl\/sklepy\/#breadcrumb"},"inLanguage":"en-US","potentialAction":[{"@type":"ReadAction","target":["https:\/\/slashmyprice.com\/pl\/sklepy\/"]}]},{"@type":"BreadcrumbList","@id":"https:\/\/slashmyprice.com\/pl\/sklepy\/#breadcrumb","itemListElement":[{"@type":"ListItem","position":1,"name":"Home","item":"https:\/\/slashmyprice.com\/pl\/"},{"@type":"ListItem","position":2,"name":"Sklepy"}]},{"@type":"WebSite","@id":"https:\/\/slashmyprice.com\/pl\/#website","url":"https:\/\/slashmyprice.com\/pl\/","name":"SlashMyPrice","description":"SlashMyPrice","potentialAction":[{"@type":"SearchAction","target":{"@type":"EntryPoint","urlTemplate":"https:\/\/slashmyprice.com\/pl\/?s={search_term_string}"},"query-input":{"@type":"PropertyValueSpecification","valueRequired":true,"valueName":"search_term_string"}}],"inLanguage":"en-US"}]}},"_links":{"self":[{"href":"https:\/\/slashmyprice.com\/pl\/wp-json\/wp\/v2\/pages\/228","targetHints":{"allow":["GET"]}}],"collection":[{"href":"https:\/\/slashmyprice.com\/pl\/wp-json\/wp\/v2\/pages"}],"about":[{"href":"https:\/\/slashmyprice.com\/pl\/wp-json\/wp\/v2\/types\/page"}],"author":[{"embeddable":true,"href":"https:\/\/slashmyprice.com\/pl\/wp-json\/wp\/v2\/users\/3"}],"replies":[{"embeddable":true,"href":"https:\/\/slashmyprice.com\/pl\/wp-json\/wp\/v2\/comments?post=228"}],"version-history":[{"count":2,"href":"https:\/\/slashmyprice.com\/pl\/wp-json\/wp\/v2\/pages\/228\/revisions"}],"predecessor-version":[{"id":2511,"href":"https:\/\/slashmyprice.com\/pl\/wp-json\/wp\/v2\/pages\/228\/revisions\/2511"}],"wp:attachment":[{"href":"https:\/\/slashmyprice.com\/pl\/wp-json\/wp\/v2\/media?parent=228"}],"curies":[{"name":"wp","href":"https:\/\/api.w.org\/{rel}","templated":true}]}}