{"id":204,"date":"2022-08-24T14:03:23","date_gmt":"2022-08-24T14:03:23","guid":{"rendered":"https:\/\/slashmyprice.com\/pl\/?page_id=204"},"modified":"2025-04-17T07:17:48","modified_gmt":"2025-04-17T07:17:48","slug":"odcisk","status":"publish","type":"page","link":"https:\/\/slashmyprice.com\/pl\/odcisk\/","title":{"rendered":"Odcisk"},"content":{"rendered":"<p><b>Affilito<br \/>\n<\/b>Address: <a>44C, Khalid Commercial, Lane 1, Phase 7 Ext, DHA, Karachi. Pakistan. 75500.<\/a><\/p>\n<p><strong>Kontakt:<\/strong><\/p>\n<p><strong>Pytania dotycz\u0105ce kupon\u00f3w i akcji rabatowych:<\/strong> +92 334 3109895<br \/>\n<strong>Pytania dotycz\u0105ce mo\u017cliwo\u015bci wsp\u00f3\u0142pracy:<\/strong> +92 334 3109895<br \/>\n<strong>Faks:<\/strong> +92 334 3109895<\/p>\n<p><strong>E-mail:<\/strong> <a href=\"mailto:contact@slashmyprice.com\">contact@slashmyprice.com<\/a><br \/>\n<strong>Strona internetowa:<\/strong> <a href=\"https:\/\/slashmyprice.com\/pl\/\">https:\/\/slashmyprice.com\/pl\/<\/a><\/p>\n<p>Z naszym inspektorem ochrony danych Oliverem Petersem mo\u017cna si\u0119 skontaktowa\u0107 listownie pod adresem Affilito \u2013\u00a0 <a>44C, Khalid Commercial, Lane 1, Phase 7 Ext, DHA, Karachi. Pakistan. 75500.<\/a> lub poczt\u0105 elektroniczn\u0105 pod adresem <a href=\"mailto:contact@slashmyprice.com\">contact@slashmyprice.com<\/a><\/p>\n<p><strong>Prosz\u0119 zwr\u00f3ci\u0107 uwag\u0119 na nast\u0119puj\u0105ce kwestie:<\/strong><\/p>\n<p>Obni\u017cka nie jest sklepem internetowym! Oznacza to, \u017ce nie mo\u017cesz niczego u nas zamawia\u0107, rezerwowa\u0107 ani kupowa\u0107. Oferujemy wy\u0142\u0105cznie kupony i kody rabatowe, dzi\u0119ki kt\u00f3rym mo\u017cesz bezp\u0142atnie zaoszcz\u0119dzi\u0107 przy sk\u0142adaniu zam\u00f3wienia w danym sklepie internetowym. W zwi\u0105zku z tym nie mo\u017cemy udzieli\u0107 Ci \u017cadnych informacji na temat Twojego zam\u00f3wienia, rezerwacji ani statusu wysy\u0142ki. Skontaktuj si\u0119 z odpowiednim sklepem internetowym, w kt\u00f3rym z\u0142o\u017cy\u0142e\u015b zam\u00f3wienie.<\/p>\n<p><strong>Warunki u\u017cytkowania\/Zastrze\u017cenie<\/strong><\/p>\n<p>Oferty i linki do odpowiednich organizator\u00f3w i firm zosta\u0142y sporz\u0105dzone zgodnie z nasz\u0105 najlepsz\u0105 wiedz\u0105 i przekonaniem. Jednak\u017ce nie ponosimy \u017cadnej odpowiedzialno\u015bci za jakiekolwiek b\u0142\u0119dy i pomy\u0142ki. Jako dostawca us\u0142ug jeste\u015bmy<br \/>\nodpowiedzialny za w\u0142asne tre\u015bci na tych stronach zgodnie z og\u00f3lnymi przepisami prawa zgodnie z \u00a7 7 ust. 1 TMG.<br \/>\nJednak\u017ce zgodnie z \u00a7\u00a7 8 do 10 TMG jako us\u0142ugodawca nie jeste\u015bmy zobowi\u0105zani do monitorowania przekazywanych lub przechowywanych informacji os\u00f3b trzecich ani do badania okoliczno\u015bci wskazuj\u0105cych na nielegaln\u0105 dzia\u0142alno\u015b\u0107. Obowi\u0105zek usuni\u0119cia lub zablokowania wykorzystania informacji zgodnie z og\u00f3lnymi przepisami prawa pozostaje nienaruszony. Odpowiedzialno\u015b\u0107 w tym zakresie mo\u017cliwa jest jednak dopiero od momentu poznania konkretnego naruszenia prawa. Je\u015bli dowiemy si\u0119 o odpowiednich naruszeniach prawa, natychmiast usuniemy te tre\u015bci. Oferty s\u0105 wa\u017cne wy\u0142\u0105cznie do wyczerpania zapas\u00f3w i nie przys\u0142uguj\u0105 do nich \u017cadne uprawnienia.<\/p>\n<p>W naszej ofercie znajduj\u0105 si\u0119 linki do zewn\u0119trznych stron internetowych podmiot\u00f3w trzecich, na kt\u00f3rych tre\u015b\u0107 nie mamy wp\u0142ywu. Dlatego nie mo\u017cemy ponosi\u0107 \u017cadnej odpowiedzialno\u015bci za te tre\u015bci zewn\u0119trzne. Za tre\u015b\u0107 stron, do kt\u00f3rych prowadz\u0105 linki, zawsze odpowiada odpowiedni dostawca lub operator stron. W momencie linkowania strony, do kt\u00f3rych prowadz\u0105 linki, zosta\u0142y sprawdzone pod k\u0105tem ewentualnych narusze\u0144 prawa. W momencie \u0142\u0105czenia nie by\u0142o wida\u0107 nielegalnych tre\u015bci. Jednak\u017ce sta\u0142a kontrola tre\u015bci stron, do kt\u00f3rych prowadz\u0105 linki, jest nieuzasadniona bez konkretnych dowod\u00f3w naruszenia prawa. Je\u015bli dowiemy si\u0119 o jakichkolwiek naruszeniach prawa, natychmiast usuniemy takie linki.<\/p>\n","protected":false},"excerpt":{"rendered":"<p>Affilito Address: 44C, Khalid Commercial, Lane 1, Phase 7 Ext, DHA, Karachi. Pakistan. 75500. Kontakt: Pytania dotycz\u0105ce kupon\u00f3w i akcji rabatowych: +92 334 3109895 Pytania dotycz\u0105ce mo\u017cliwo\u015bci wsp\u00f3\u0142pracy: +92 334 3109895 Faks: +92 334 3109895 E-mail: contact@slashmyprice.com Strona internetowa: https:\/\/slashmyprice.com\/pl\/ Z naszym inspektorem ochrony danych Oliverem Petersem mo\u017cna si\u0119 skontaktowa\u0107 listownie pod adresem Affilito \u2013\u00a0 [&hellip;]<\/p>\n","protected":false},"author":3,"featured_media":0,"parent":0,"menu_order":8,"comment_status":"closed","ping_status":"closed","template":"","meta":{"_acf_changed":false,"footnotes":""},"class_list":["post-204","page","type-page","status-publish","hentry"],"acf":[],"yoast_head":"<!-- This site is optimized with the Yoast SEO plugin v27.1.1 - https:\/\/yoast.com\/product\/yoast-seo-wordpress\/ -->\n<title>Odcisk - SlashMyPrice<\/title>\n<meta name=\"robots\" content=\"index, follow, max-snippet:-1, max-image-preview:large, max-video-preview:-1\" \/>\n<link rel=\"canonical\" href=\"https:\/\/slashmyprice.com\/pl\/odcisk\/\" \/>\n<meta property=\"og:locale\" content=\"en_US\" \/>\n<meta property=\"og:type\" content=\"article\" \/>\n<meta property=\"og:title\" content=\"Odcisk - SlashMyPrice\" \/>\n<meta property=\"og:description\" content=\"Affilito Address: 44C, Khalid Commercial, Lane 1, Phase 7 Ext, DHA, Karachi. Pakistan. 75500. Kontakt: Pytania dotycz\u0105ce kupon\u00f3w i akcji rabatowych: +92 334 3109895 Pytania dotycz\u0105ce mo\u017cliwo\u015bci wsp\u00f3\u0142pracy: +92 334 3109895 Faks: +92 334 3109895 E-mail: contact@slashmyprice.com Strona internetowa: https:\/\/slashmyprice.com\/pl\/ Z naszym inspektorem ochrony danych Oliverem Petersem mo\u017cna si\u0119 skontaktowa\u0107 listownie pod adresem Affilito \u2013\u00a0 [&hellip;]\" \/>\n<meta property=\"og:url\" content=\"https:\/\/slashmyprice.com\/pl\/odcisk\/\" \/>\n<meta property=\"og:site_name\" content=\"SlashMyPrice\" \/>\n<meta property=\"article:modified_time\" content=\"2025-04-17T07:17:48+00:00\" \/>\n<meta name=\"twitter:card\" content=\"summary_large_image\" \/>\n<meta name=\"twitter:label1\" content=\"Est. reading time\" \/>\n\t<meta name=\"twitter:data1\" content=\"2 minutes\" \/>\n<script type=\"application\/ld+json\" class=\"yoast-schema-graph\">{\"@context\":\"https:\/\/schema.org\",\"@graph\":[{\"@type\":\"WebPage\",\"@id\":\"https:\/\/slashmyprice.com\/pl\/odcisk\/\",\"url\":\"https:\/\/slashmyprice.com\/pl\/odcisk\/\",\"name\":\"Odcisk - SlashMyPrice\",\"isPartOf\":{\"@id\":\"https:\/\/slashmyprice.com\/pl\/#website\"},\"datePublished\":\"2022-08-24T14:03:23+00:00\",\"dateModified\":\"2025-04-17T07:17:48+00:00\",\"breadcrumb\":{\"@id\":\"https:\/\/slashmyprice.com\/pl\/odcisk\/#breadcrumb\"},\"inLanguage\":\"en-US\",\"potentialAction\":[{\"@type\":\"ReadAction\",\"target\":[\"https:\/\/slashmyprice.com\/pl\/odcisk\/\"]}]},{\"@type\":\"BreadcrumbList\",\"@id\":\"https:\/\/slashmyprice.com\/pl\/odcisk\/#breadcrumb\",\"itemListElement\":[{\"@type\":\"ListItem\",\"position\":1,\"name\":\"Home\",\"item\":\"https:\/\/slashmyprice.com\/pl\/\"},{\"@type\":\"ListItem\",\"position\":2,\"name\":\"Odcisk\"}]},{\"@type\":\"WebSite\",\"@id\":\"https:\/\/slashmyprice.com\/pl\/#website\",\"url\":\"https:\/\/slashmyprice.com\/pl\/\",\"name\":\"SlashMyPrice\",\"description\":\"SlashMyPrice\",\"potentialAction\":[{\"@type\":\"SearchAction\",\"target\":{\"@type\":\"EntryPoint\",\"urlTemplate\":\"https:\/\/slashmyprice.com\/pl\/?s={search_term_string}\"},\"query-input\":{\"@type\":\"PropertyValueSpecification\",\"valueRequired\":true,\"valueName\":\"search_term_string\"}}],\"inLanguage\":\"en-US\"}]}<\/script>\n<!-- \/ Yoast SEO plugin. -->","yoast_head_json":{"title":"Odcisk - SlashMyPrice","robots":{"index":"index","follow":"follow","max-snippet":"max-snippet:-1","max-image-preview":"max-image-preview:large","max-video-preview":"max-video-preview:-1"},"canonical":"https:\/\/slashmyprice.com\/pl\/odcisk\/","og_locale":"en_US","og_type":"article","og_title":"Odcisk - SlashMyPrice","og_description":"Affilito Address: 44C, Khalid Commercial, Lane 1, Phase 7 Ext, DHA, Karachi. Pakistan. 75500. Kontakt: Pytania dotycz\u0105ce kupon\u00f3w i akcji rabatowych: +92 334 3109895 Pytania dotycz\u0105ce mo\u017cliwo\u015bci wsp\u00f3\u0142pracy: +92 334 3109895 Faks: +92 334 3109895 E-mail: contact@slashmyprice.com Strona internetowa: https:\/\/slashmyprice.com\/pl\/ Z naszym inspektorem ochrony danych Oliverem Petersem mo\u017cna si\u0119 skontaktowa\u0107 listownie pod adresem Affilito \u2013\u00a0 [&hellip;]","og_url":"https:\/\/slashmyprice.com\/pl\/odcisk\/","og_site_name":"SlashMyPrice","article_modified_time":"2025-04-17T07:17:48+00:00","twitter_card":"summary_large_image","twitter_misc":{"Est. reading time":"2 minutes"},"schema":{"@context":"https:\/\/schema.org","@graph":[{"@type":"WebPage","@id":"https:\/\/slashmyprice.com\/pl\/odcisk\/","url":"https:\/\/slashmyprice.com\/pl\/odcisk\/","name":"Odcisk - SlashMyPrice","isPartOf":{"@id":"https:\/\/slashmyprice.com\/pl\/#website"},"datePublished":"2022-08-24T14:03:23+00:00","dateModified":"2025-04-17T07:17:48+00:00","breadcrumb":{"@id":"https:\/\/slashmyprice.com\/pl\/odcisk\/#breadcrumb"},"inLanguage":"en-US","potentialAction":[{"@type":"ReadAction","target":["https:\/\/slashmyprice.com\/pl\/odcisk\/"]}]},{"@type":"BreadcrumbList","@id":"https:\/\/slashmyprice.com\/pl\/odcisk\/#breadcrumb","itemListElement":[{"@type":"ListItem","position":1,"name":"Home","item":"https:\/\/slashmyprice.com\/pl\/"},{"@type":"ListItem","position":2,"name":"Odcisk"}]},{"@type":"WebSite","@id":"https:\/\/slashmyprice.com\/pl\/#website","url":"https:\/\/slashmyprice.com\/pl\/","name":"SlashMyPrice","description":"SlashMyPrice","potentialAction":[{"@type":"SearchAction","target":{"@type":"EntryPoint","urlTemplate":"https:\/\/slashmyprice.com\/pl\/?s={search_term_string}"},"query-input":{"@type":"PropertyValueSpecification","valueRequired":true,"valueName":"search_term_string"}}],"inLanguage":"en-US"}]}},"_links":{"self":[{"href":"https:\/\/slashmyprice.com\/pl\/wp-json\/wp\/v2\/pages\/204","targetHints":{"allow":["GET"]}}],"collection":[{"href":"https:\/\/slashmyprice.com\/pl\/wp-json\/wp\/v2\/pages"}],"about":[{"href":"https:\/\/slashmyprice.com\/pl\/wp-json\/wp\/v2\/types\/page"}],"author":[{"embeddable":true,"href":"https:\/\/slashmyprice.com\/pl\/wp-json\/wp\/v2\/users\/3"}],"replies":[{"embeddable":true,"href":"https:\/\/slashmyprice.com\/pl\/wp-json\/wp\/v2\/comments?post=204"}],"version-history":[{"count":17,"href":"https:\/\/slashmyprice.com\/pl\/wp-json\/wp\/v2\/pages\/204\/revisions"}],"predecessor-version":[{"id":9511,"href":"https:\/\/slashmyprice.com\/pl\/wp-json\/wp\/v2\/pages\/204\/revisions\/9511"}],"wp:attachment":[{"href":"https:\/\/slashmyprice.com\/pl\/wp-json\/wp\/v2\/media?parent=204"}],"curies":[{"name":"wp","href":"https:\/\/api.w.org\/{rel}","templated":true}]}}