{"id":30265,"date":"2024-08-21T07:51:41","date_gmt":"2024-08-21T07:51:41","guid":{"rendered":"https:\/\/slashmyprice.com\/it\/?page_id=30265"},"modified":"2024-08-21T07:58:01","modified_gmt":"2024-08-21T07:58:01","slug":"cookies-policy","status":"publish","type":"page","link":"https:\/\/slashmyprice.com\/it\/cookies-policy\/","title":{"rendered":"Cookies Policy"},"content":{"rendered":"<p><strong>Politica sui cookie Slashmyprice.com\/it<\/strong><\/p>\n<p>Il presente documento informa gli utenti sulle tecnologie che aiutano il sito web (SlashMyPrice) a raggiungere gli obiettivi descritti di seguito. Queste tecnologie consentono all&#8217;Operatore di accedere e archiviare informazioni (ad esempio utilizzando un file Cookie) o utilizzare risorse (ad esempio eseguendo uno script) situate sul dispositivo dell&#8217;Utente durante l&#8217;interazione con il sito web (SlashMyPrice).<\/p>\n<p>Per semplicit\u00e0, tutte queste tecnologie sono definite in questo documento come \u201cTracker\u201d \u2013 a meno che non vi sia motivo di trattarle separatamente.<br \/>\nAd esempio, sebbene i cookie possano essere utilizzati sia nei browser web che in quelli mobili, sarebbe impreciso parlare di cookie nel contesto delle applicazioni mobili perch\u00e9 sono uno strumento di tracciamento basato sul browser. Per questo motivo, il termine \u201cCookie\u201d viene utilizzato in questo documento solo per indicare chiaramente questo specifico tipo di tracker.<\/p>\n<p>Alcuni degli scopi per i quali vengono utilizzati i tracker potrebbero anche richiedere il tuo consenso. In ogni caso potrai revocare liberamente il tuo consenso in ogni momento seguendo le istruzioni riportate in questo documento.<\/p>\n<p>SlashMyPrice utilizza Tracker gestiti direttamente dall&#8217;Operatore (i cosiddetti Tracker \u201cpropri\u201d) e Tracker che consentono la fruizione di servizi forniti da terze parti (i cosiddetti Tracker \u201cesterni\u201d). Salvo diversa indicazione nel presente documento, i Fornitori di terze parti possono accedere ai Tracker che gestiscono.<br \/>\nIl periodo di validit\u00e0 e scadenza dei cookie e di altri tracker simili pu\u00f2 variare in base al periodo di validit\u00e0 impostato dall&#8217;Operatore o dal fornitore interessato. Alcuni di essi scadono al termine della sessione di navigazione dell&#8217;Utente.<br \/>\nFerme restando le informazioni contenute nelle descrizioni di ciascuna delle categorie seguenti, gli utenti possono trovare informazioni pi\u00f9 precise e aggiornate relative alle specifiche di durata, nonch\u00e9 qualsiasi altra informazione rilevante \u2013 come la presenza di altri Tracker \u2013 sotto adeguate condizioni di riservatezza . politiche dei fornitori terzi interessati o contattando l\u2019Operatore.<\/p>\n<p><strong>Attivit\u00e0 strettamente necessarie al funzionamento del sito web (SlashMyPrice) e alla fornitura del Servizio<\/strong><\/p>\n<p>SlashMyPrice utilizza cookie cosiddetti \u201ctecnici\u201d e altri tracker simili per svolgere attivit\u00e0 strettamente necessarie al funzionamento o alla fornitura del Servizio.<\/p>\n<p><strong>Tracker esterni<\/strong><\/p>\n<p><strong>Altre attivit\u00e0 legate all&#8217;uso dei Tracker<\/strong><\/p>\n<p><strong>Misure<\/strong><\/p>\n<p>SlashMyPrice utilizza moduli di monitoraggio per misurare il traffico e analizzare il comportamento degli Utenti al fine di migliorare il funzionamento del Sito Web.<\/p>\n<p><strong>Marketing<\/strong><\/p>\n<p>SlashMyPrice utilizza Tracker per fornire contenuti di marketing personalizzati in base al comportamento dell&#8217;utente e per eseguire, visualizzare e tracciare annunci pubblicitari.<\/p>\n<p><strong>Gestisci le preferenze ed esprimi e revoca il consenso su SlashMyPrice<\/strong><\/p>\n<p>Laddove l&#8217;uso dei Tracker sia basato sul consenso, puoi esprimere o revocare il tuo consenso impostando o modificando le tue preferenze attraverso l&#8217;apposito pannello sulla privacy su SlashMyPrice.<\/p>\n<p>Per quanto riguarda i tracciatori di terze parti, l&#8217;utente pu\u00f2 gestire le proprie preferenze utilizzando il link di opt-out associato (se disponibile), come indicato nella privacy policy della terza parte, o contattando la terza parte interessata.<\/p>\n<p><strong>Controlla ed elimina cookie e tecnologie simili nelle impostazioni del tuo dispositivo<\/strong><\/p>\n<p>Nelle impostazioni del tuo browser puoi:<\/p>\n<ul>\n<li>verificare quali cookie e tecnologie simili sono memorizzati sul tuo dispositivo<\/li>\n<li>bloccare i cookie e tecnologie simili,<\/li>\n<li>rimuovere cookie e tecnologie simili dal tuo browser.<\/li>\n<\/ul>\n<p>Tuttavia, non \u00e8 possibile fornire un controllo pi\u00f9 dettagliato accettando determinate categorie di file nelle impostazioni del browser.<\/p>\n<p>Gli utenti possono trovare informazioni su come gestire i Cookie, ad esempio, nei browser pi\u00f9 diffusi ai seguenti indirizzi:<\/p>\n<ul>\n<li>GoogleChrome<\/li>\n<li>Mozilla Firefox<\/li>\n<li>Jab\u0142kowe Safari<\/li>\n<li>Przegl\u0105darka Microsoftu<\/li>\n<li>Microsoft Edge\u2019a<\/li>\n<li>Odwa\u017cny<\/li>\n<li>Opera<\/li>\n<\/ul>\n<p>Gli utenti possono anche gestire e disattivare determinate categorie di tracker utilizzati nelle applicazioni mobili attraverso le impostazioni appropriate del dispositivo, come le impostazioni di pubblicit\u00e0 mobile del dispositivo o le impostazioni di tracciamento generali (gli utenti possono aprire le impostazioni di tracciamento del proprio dispositivo e trovare le impostazioni appropriate).<\/p>\n<p><strong>Disattivare la pubblicit\u00e0 basata sugli interessi<\/strong><\/p>\n<p>Fermo restando quanto sopra, gli utenti possono utilizzare le istruzioni fornite da YourOnlineChoices (UE e Regno Unito), Network Advertising Initiative (USA) e Digital Advertising Alliance (USA), DAAC (Canada), DDAI (Giappone) o altri servizi simili. Tali iniziative consentono agli utenti di selezionare le proprie preferenze di tracciamento per la maggior parte degli strumenti pubblicitari. Il Gestore raccomanda pertanto agli Utenti di utilizzare tali risorse indipendentemente dalle informazioni contenute nel presente documento.<\/p>\n<p>La Digital Advertising Alliance offre un&#8217;app chiamata AppChoices che aiuta gli utenti a controllare la pubblicit\u00e0 basata sugli interessi nelle app mobili.<\/p>\n<p><strong>Conseguenze del rifiuto di autorizzare l&#8217;uso dei tracker<\/strong><\/p>\n<p>Gli utenti sono liberi di decidere se consentire o meno l&#8217;uso dei tracker. Tieni presente, tuttavia, che i Tracker aiutano il sito web (SlashMyPrice) a fornire agli utenti esperienze migliori e funzionalit\u00e0 avanzate (in conformit\u00e0 con gli scopi stabiliti in questo documento). Pertanto, se l&#8217;utente decide di bloccare l&#8217;utilizzo dei localizzatori, l&#8217;operatore potrebbe non essere in grado di fornire le funzionalit\u00e0 adeguate.<\/p>\n<p>Poich\u00e9 l&#8217;utilizzo di tracker di terze parti tramite il Servizio (SlashMyPrice) non pu\u00f2 essere completamente controllato dall&#8217;Operatore, qualsiasi riferimento specifico a tracker di terze parti deve essere considerato indicativo. Per ottenere informazioni complete, si consiglia agli utenti di consultare le privacy policy dei relativi servizi terzi qui elencati.<\/p>\n<p>A causa dell&#8217;oggettiva complessit\u00e0 delle tecnologie di tracciamento, qualora gli Utenti desiderino ottenere ulteriori informazioni sull&#8217;utilizzo di tali tecnologie da parte del sito web (SlashMyPrice), li invitiamo a contattare l&#8217;Operatore.<\/p>\n<p><strong>Definizioni e riferimenti normativi<\/strong><\/p>\n<p><strong>Dati personali (o dati)<\/strong><\/p>\n<p>Qualsiasi informazione che, direttamente, indirettamente o in combinazione con altre informazioni \u2013 ivi compreso un numero di identificazione personale \u2013 consenta l&#8217;identificazione o l&#8217;identificazione di una persona fisica.<\/p>\n<p><strong>Dati di utilizzo<\/strong><\/p>\n<p>Informazioni raccolte automaticamente tramite il sito web (SlashMyPrice) (o servizi di terze parti utilizzati sul sito web (SlashMyPrice), che possono includere: indirizzi IP o nomi di dominio dei computer utilizzati dagli Utenti che utilizzano il sito web (SlashMyPrice), URI (Uniform Resource Identifier) \u200b\u200b\u200b\u200b), orario della richiesta, metodo di invio della richiesta al server, dimensione del file ottenuto in risposta, codice numerico indicante lo stato della risposta data dal server (buon fine, errore, ecc.), paese di origine, le caratteristiche del browser e del sistema operativo utilizzato dall&#8217;Utente, le diverse informazioni sul tempo di visita (ad esempio il tempo trascorso su ciascuna pagina dell&#8217;Applicazione) e i dettagli del percorso percorso all&#8217;interno dell&#8217;Applicazione, con particolare rilievo sull&#8217;ordine delle pagine visitate, nonch\u00e9 su altri parametri relativi al sistema operativo del dispositivo o all&#8217;ambiente informatico dell&#8217;utente.<\/p>\n<p><strong>Utente<\/strong><\/p>\n<p>L&#8217;individuo che utilizza il sito web (SlashMyPrice) che, salvo ove diversamente specificato, costituisce l&#8217;interessato.<\/p>\n<p><strong>Interessato<\/strong><\/p>\n<p>La persona fisica cui si riferiscono i Dati Personali.<\/p>\n<p><strong>Editore<\/strong><\/p>\n<p>Persona fisica o giuridica, autorit\u00e0 pubblica, servizio o altro ente che tratta dati personali per conto del titolare del trattamento, secondo quanto previsto dalla presente informativa sulla privacy.<\/p>\n<p><strong>Dettagli dell&#8217;amministratore (o dell&#8217;operatore).<\/strong><\/p>\n<p>La persona fisica o giuridica, l&#8217;autorit\u00e0 pubblica, il servizio o altro ente che, singolarmente o insieme ad altri, determina le finalit\u00e0 e i mezzi del trattamento di dati personali, comprese le misure di sicurezza per il funzionamento e la fruizione del servizio SlashMyPrice. L&#8217;amministratore dei dati, salvo diversa indicazione, \u00e8 l&#8217;operatore del sito web (SlashMyPrice).<\/p>\n<p><strong>SlashMyPrice (o questa app)<\/strong><\/p>\n<p>Podmiot zbieraj\u0105cy i przetwarzaj\u0105cy Dane Osobowe U\u017cytkownik\u00f3w.<\/p>\n<p><strong>Lavoro<\/strong><\/p>\n<p>Servizio fornito dal sito web (SlashMyPrice) in conformit\u00e0 alle condizioni previste dalla normativa applicabile a questo sito web (se disponibile) e in questo sito web\/applicazione.<\/p>\n<p><strong>Unione Europea (o UE)<\/strong><\/p>\n<p>Salvo diversa indicazione, tutti i riferimenti all\u2019Unione Europea contenuti nel presente documento includono tutti gli attuali stati membri dell\u2019Unione Europea e dello Spazio Economico Europeo.<\/p>\n<p><strong>Biscotto<\/strong><\/p>\n<p>I cookie sono moduli di tracciamento costituiti da piccoli insiemi di dati memorizzati nel browser dell&#8217;utente.<\/p>\n<p><strong>Astratto<\/strong><\/p>\n<p>Un tracker \u00e8 qualsiasi tecnologia \u2013 come cookie, identificatori univoci, web beacon, script incorporati, e-tag e impronte digitali \u2013 che consente il tracciamento degli utenti, ad esempio utilizzando informazioni sul dispositivo dell&#8217;utente o memorizzando determinate informazioni.<\/p>\n<p><strong>Avvisi legali<\/strong><\/p>\n<p>O ile w niniejszym dokumencie nie wskazano inaczej, niniejsza polityka prywatno\u015bci dotyczy wy\u0142\u0105cznie serwisu internetowego (SlashMyPrice).<\/p>\n","protected":false},"excerpt":{"rendered":"<p>Politica sui cookie Slashmyprice.com\/it Il presente documento informa gli utenti sulle tecnologie che aiutano il sito web (SlashMyPrice) a raggiungere gli obiettivi descritti di seguito. Queste tecnologie consentono all&#8217;Operatore di accedere e archiviare informazioni (ad esempio utilizzando un file Cookie) o utilizzare risorse (ad esempio eseguendo uno script) situate sul dispositivo dell&#8217;Utente durante l&#8217;interazione con [&hellip;]<\/p>\n","protected":false},"author":3,"featured_media":0,"parent":0,"menu_order":1,"comment_status":"closed","ping_status":"closed","template":"","meta":{"_acf_changed":false,"footnotes":""},"class_list":["post-30265","page","type-page","status-publish","hentry"],"acf":[],"yoast_head":"<!-- This site is optimized with the Yoast SEO plugin v27.1.1 - https:\/\/yoast.com\/product\/yoast-seo-wordpress\/ -->\n<title>Cookies Policy - SlashMyPrice<\/title>\n<meta name=\"robots\" content=\"index, follow, max-snippet:-1, max-image-preview:large, max-video-preview:-1\" \/>\n<link rel=\"canonical\" href=\"https:\/\/slashmyprice.com\/it\/cookies-policy\/\" \/>\n<meta property=\"og:locale\" content=\"en_US\" \/>\n<meta property=\"og:type\" content=\"article\" \/>\n<meta property=\"og:title\" content=\"Cookies Policy - SlashMyPrice\" \/>\n<meta property=\"og:description\" content=\"Politica sui cookie Slashmyprice.com\/it Il presente documento informa gli utenti sulle tecnologie che aiutano il sito web (SlashMyPrice) a raggiungere gli obiettivi descritti di seguito. Queste tecnologie consentono all&#8217;Operatore di accedere e archiviare informazioni (ad esempio utilizzando un file Cookie) o utilizzare risorse (ad esempio eseguendo uno script) situate sul dispositivo dell&#8217;Utente durante l&#8217;interazione con [&hellip;]\" \/>\n<meta property=\"og:url\" content=\"https:\/\/slashmyprice.com\/it\/cookies-policy\/\" \/>\n<meta property=\"og:site_name\" content=\"SlashMyPrice\" \/>\n<meta property=\"article:modified_time\" content=\"2024-08-21T07:58:01+00:00\" \/>\n<meta name=\"twitter:card\" content=\"summary_large_image\" \/>\n<meta name=\"twitter:label1\" content=\"Est. reading time\" \/>\n\t<meta name=\"twitter:data1\" content=\"6 minutes\" \/>\n<script type=\"application\/ld+json\" class=\"yoast-schema-graph\">{\"@context\":\"https:\/\/schema.org\",\"@graph\":[{\"@type\":\"WebPage\",\"@id\":\"https:\/\/slashmyprice.com\/it\/cookies-policy\/\",\"url\":\"https:\/\/slashmyprice.com\/it\/cookies-policy\/\",\"name\":\"Cookies Policy - SlashMyPrice\",\"isPartOf\":{\"@id\":\"https:\/\/slashmyprice.com\/it\/#website\"},\"datePublished\":\"2024-08-21T07:51:41+00:00\",\"dateModified\":\"2024-08-21T07:58:01+00:00\",\"breadcrumb\":{\"@id\":\"https:\/\/slashmyprice.com\/it\/cookies-policy\/#breadcrumb\"},\"inLanguage\":\"en-US\",\"potentialAction\":[{\"@type\":\"ReadAction\",\"target\":[\"https:\/\/slashmyprice.com\/it\/cookies-policy\/\"]}]},{\"@type\":\"BreadcrumbList\",\"@id\":\"https:\/\/slashmyprice.com\/it\/cookies-policy\/#breadcrumb\",\"itemListElement\":[{\"@type\":\"ListItem\",\"position\":1,\"name\":\"Home\",\"item\":\"https:\/\/slashmyprice.com\/it\/\"},{\"@type\":\"ListItem\",\"position\":2,\"name\":\"Cookies Policy\"}]},{\"@type\":\"WebSite\",\"@id\":\"https:\/\/slashmyprice.com\/it\/#website\",\"url\":\"https:\/\/slashmyprice.com\/it\/\",\"name\":\"SlashMyPrice\",\"description\":\"SlashMyPrice\",\"publisher\":{\"@id\":\"https:\/\/slashmyprice.com\/it\/#organization\"},\"potentialAction\":[{\"@type\":\"SearchAction\",\"target\":{\"@type\":\"EntryPoint\",\"urlTemplate\":\"https:\/\/slashmyprice.com\/it\/?s={search_term_string}\"},\"query-input\":{\"@type\":\"PropertyValueSpecification\",\"valueRequired\":true,\"valueName\":\"search_term_string\"}}],\"inLanguage\":\"en-US\"},{\"@type\":\"Organization\",\"@id\":\"https:\/\/slashmyprice.com\/it\/#organization\",\"name\":\"SlashMyPrice\",\"url\":\"https:\/\/slashmyprice.com\/it\/\",\"logo\":{\"@type\":\"ImageObject\",\"inLanguage\":\"en-US\",\"@id\":\"https:\/\/slashmyprice.com\/it\/#\/schema\/logo\/image\/\",\"url\":\"https:\/\/slashmyprice.com\/it\/wp-content\/uploads\/2023\/04\/SlashMyPrice-Logo.png\",\"contentUrl\":\"https:\/\/slashmyprice.com\/it\/wp-content\/uploads\/2023\/04\/SlashMyPrice-Logo.png\",\"width\":470,\"height\":59,\"caption\":\"SlashMyPrice\"},\"image\":{\"@id\":\"https:\/\/slashmyprice.com\/it\/#\/schema\/logo\/image\/\"}}]}<\/script>\n<!-- \/ Yoast SEO plugin. -->","yoast_head_json":{"title":"Cookies Policy - SlashMyPrice","robots":{"index":"index","follow":"follow","max-snippet":"max-snippet:-1","max-image-preview":"max-image-preview:large","max-video-preview":"max-video-preview:-1"},"canonical":"https:\/\/slashmyprice.com\/it\/cookies-policy\/","og_locale":"en_US","og_type":"article","og_title":"Cookies Policy - SlashMyPrice","og_description":"Politica sui cookie Slashmyprice.com\/it Il presente documento informa gli utenti sulle tecnologie che aiutano il sito web (SlashMyPrice) a raggiungere gli obiettivi descritti di seguito. Queste tecnologie consentono all&#8217;Operatore di accedere e archiviare informazioni (ad esempio utilizzando un file Cookie) o utilizzare risorse (ad esempio eseguendo uno script) situate sul dispositivo dell&#8217;Utente durante l&#8217;interazione con [&hellip;]","og_url":"https:\/\/slashmyprice.com\/it\/cookies-policy\/","og_site_name":"SlashMyPrice","article_modified_time":"2024-08-21T07:58:01+00:00","twitter_card":"summary_large_image","twitter_misc":{"Est. reading time":"6 minutes"},"schema":{"@context":"https:\/\/schema.org","@graph":[{"@type":"WebPage","@id":"https:\/\/slashmyprice.com\/it\/cookies-policy\/","url":"https:\/\/slashmyprice.com\/it\/cookies-policy\/","name":"Cookies Policy - SlashMyPrice","isPartOf":{"@id":"https:\/\/slashmyprice.com\/it\/#website"},"datePublished":"2024-08-21T07:51:41+00:00","dateModified":"2024-08-21T07:58:01+00:00","breadcrumb":{"@id":"https:\/\/slashmyprice.com\/it\/cookies-policy\/#breadcrumb"},"inLanguage":"en-US","potentialAction":[{"@type":"ReadAction","target":["https:\/\/slashmyprice.com\/it\/cookies-policy\/"]}]},{"@type":"BreadcrumbList","@id":"https:\/\/slashmyprice.com\/it\/cookies-policy\/#breadcrumb","itemListElement":[{"@type":"ListItem","position":1,"name":"Home","item":"https:\/\/slashmyprice.com\/it\/"},{"@type":"ListItem","position":2,"name":"Cookies Policy"}]},{"@type":"WebSite","@id":"https:\/\/slashmyprice.com\/it\/#website","url":"https:\/\/slashmyprice.com\/it\/","name":"SlashMyPrice","description":"SlashMyPrice","publisher":{"@id":"https:\/\/slashmyprice.com\/it\/#organization"},"potentialAction":[{"@type":"SearchAction","target":{"@type":"EntryPoint","urlTemplate":"https:\/\/slashmyprice.com\/it\/?s={search_term_string}"},"query-input":{"@type":"PropertyValueSpecification","valueRequired":true,"valueName":"search_term_string"}}],"inLanguage":"en-US"},{"@type":"Organization","@id":"https:\/\/slashmyprice.com\/it\/#organization","name":"SlashMyPrice","url":"https:\/\/slashmyprice.com\/it\/","logo":{"@type":"ImageObject","inLanguage":"en-US","@id":"https:\/\/slashmyprice.com\/it\/#\/schema\/logo\/image\/","url":"https:\/\/slashmyprice.com\/it\/wp-content\/uploads\/2023\/04\/SlashMyPrice-Logo.png","contentUrl":"https:\/\/slashmyprice.com\/it\/wp-content\/uploads\/2023\/04\/SlashMyPrice-Logo.png","width":470,"height":59,"caption":"SlashMyPrice"},"image":{"@id":"https:\/\/slashmyprice.com\/it\/#\/schema\/logo\/image\/"}}]}},"_links":{"self":[{"href":"https:\/\/slashmyprice.com\/it\/wp-json\/wp\/v2\/pages\/30265","targetHints":{"allow":["GET"]}}],"collection":[{"href":"https:\/\/slashmyprice.com\/it\/wp-json\/wp\/v2\/pages"}],"about":[{"href":"https:\/\/slashmyprice.com\/it\/wp-json\/wp\/v2\/types\/page"}],"author":[{"embeddable":true,"href":"https:\/\/slashmyprice.com\/it\/wp-json\/wp\/v2\/users\/3"}],"replies":[{"embeddable":true,"href":"https:\/\/slashmyprice.com\/it\/wp-json\/wp\/v2\/comments?post=30265"}],"version-history":[{"count":3,"href":"https:\/\/slashmyprice.com\/it\/wp-json\/wp\/v2\/pages\/30265\/revisions"}],"predecessor-version":[{"id":30269,"href":"https:\/\/slashmyprice.com\/it\/wp-json\/wp\/v2\/pages\/30265\/revisions\/30269"}],"wp:attachment":[{"href":"https:\/\/slashmyprice.com\/it\/wp-json\/wp\/v2\/media?parent=30265"}],"curies":[{"name":"wp","href":"https:\/\/api.w.org\/{rel}","templated":true}]}}