{"id":29531,"date":"2024-05-04T08:37:24","date_gmt":"2024-05-04T08:37:24","guid":{"rendered":"https:\/\/slashmyprice.com\/it\/?page_id=29531"},"modified":"2024-05-04T08:37:24","modified_gmt":"2024-05-04T08:37:24","slug":"gdpr-policy","status":"publish","type":"page","link":"https:\/\/slashmyprice.com\/it\/gdpr-policy\/","title":{"rendered":"GDPR Policy"},"content":{"rendered":"<p><strong>SlashMyPrice GDPR Policy<br \/>\n<\/strong><\/p>\n<p><strong>Raccolta di informazioni:<\/strong><\/p>\n<p>Raccogliamo, elaboriamo e utilizziamo le informazioni su di te quando:<\/p>\n<ul>\n<li>Registrati per i nostri servizi.<\/li>\n<li>Interagisci con i nostri servizi.<\/li>\n<li>Connettersi ai nostri Servizi tramite terze parti, inclusi account di social media, account di posta elettronica e partner commerciali (descritti nella Sezione 3 di seguito).<\/li>\n<li>Contattaci per ricevere assistenza.<\/li>\n<\/ul>\n<p>Raccogliamo determinate informazioni quando interagisci con i nostri Servizi online. Raccogliamo inoltre automaticamente informazioni su di te e sul tuo utilizzo dei Servizi attraverso l&#8217;uso di processi di registro, cookie, tecnologie di identificazione della posizione e altre tecnologie di tracciamento. Alcune informazioni su di te vengono raccolte da terze parti, anche quando ti connetti tramite un servizio di terze parti o il sito web di un partner commerciale, o quando le informazioni vengono condivise da commercianti e partner commerciali con cui hai interagito.<\/p>\n<p><strong>Tipi di informazioni che potremmo raccogliere<\/strong><\/p>\n<p>I tipi di informazioni che raccogliamo su di te possono includere dati personali dei seguenti tipi:<\/p>\n<ul>\n<li>Identificatori che ci fornisci direttamente, come nome e cognome, indirizzo postale, indirizzo email, dati fiscali (per i vincitori di concorsi a premi, concorsi e promozioni) e\/o numero di telefono.<\/li>\n<li>Identificatori raccolti tramite l&#8217;utilizzo dei Servizi, ad esempio: identificatori univoci online o di dispositivo, indirizzo IP, ID di dispositivo o di sessione e informazioni sulla configurazione del sistema (sistema operativo e versione), rete e hardware connesso (ad esempio computer o dispositivo mobile dispositivo mobile, ecc., operatore wireless) e applicazioni software (ad esempio, altre applicazioni installate sul dispositivo mobile).<\/li>\n<li>Informazioni sui record del cliente quali nome del conto di pagamento, numero del conto di pagamento, data di scadenza della carta di pagamento e indirizzo di fatturazione.<\/li>\n<li>Caratteristiche di classificazione protette, come sesso, et\u00e0, reddito familiare, stato civile o classificazione in qualsiasi altra classificazione protetta ai sensi della legge della California, solo nella misura in cui ci fornisci tali informazioni come informazioni demografiche in una risposta al sondaggio che sia identificabile a te.<\/li>\n<li>Informazioni commerciali su di te, come: B. Record di prodotti, tipi di prodotto, commercianti, tipi di commercianti, beni o servizi che hai acquistato, ricevuto o considerato, inclusi prodotti, commercianti e coupon che hai cercato, visualizzato o su cui hai fatto clic, aggiunti a Articoli nel carrello, viaggi di shopping avviati, viaggi di shopping avviati, pagine del commerciante visitate tramite i nostri Servizi, cronologia delle transazioni relative ai nostri Servizi, informazioni sulla conferma dell&#8217;acquisto, rimborso in contanti accumulato, punti di adesione American Express e altre valute fedelt\u00e0.<\/li>\n<li>Attivit\u00e0 su Internet e altre attivit\u00e0 di rete, come la cronologia di navigazione e delle ricerche e le interazioni con i nostri siti Web e servizi, tra cui:<\/li>\n<li>Prodotti, coupon, offerte o commercianti che cerchi, su cui fai clic, aggiungi ai preferiti e\/o visualizzi, inclusi i clic effettuati sui siti di commercianti che visiti.<\/li>\n<li>Data e ora associati a tale navigazione, ricerche e clic;<\/li>\n<li>Dati sul flusso di clic, ovvero H. i clic pagina per pagina effettuati mentre navighi attraverso i nostri Servizi, inclusa la pagina Web visitata prima di arrivare al nostro sito Web;<\/li>\n<li>Preferenze locali per l&#8217;utilizzo dei Servizi. Informazioni sensoriali, come registrazioni audio della tua voce quando chiami i nostri rappresentanti del servizio membri, nella misura consentita dalla legge applicabile;<\/li>\n<li>Informazioni di accesso all&#8217;account membro, inclusi nome utente e password; E<\/li>\n<li>Inferenze su di te e sulle tue probabili preferenze, caratteristiche, comportamenti e atteggiamenti da qualsiasi informazione che raccogliamo su di te, diversa dalle informazioni &#8220;sensibili&#8221;.<\/li>\n<\/ul>\n<p>In alcune giurisdizioni, alcuni tipi di informazioni che raccogliamo possono essere considerate informazioni personali \u201csensibili\u201d, tra cui:<\/p>\n<ul>\n<li>Informazioni demografiche come sesso, et\u00e0, reddito familiare o stato civile, solo nella misura in cui ci fornisci tali informazioni come informazioni demografiche in una risposta al sondaggio che ti identificano<\/li>\n<li>Dati di geolocalizzazione precisi, se hai configurato il tuo dispositivo per condividere queste informazioni con noi.<\/li>\n<\/ul>\n<p>Tieni presente che utilizziamo queste informazioni sensibili solo per fornirti i Servizi e non raccogliamo, utilizziamo o divulghiamo queste informazioni sensibili per trarre conclusioni sulle tue caratteristiche personali. Non &#8220;vendiamo&#8221; o &#8220;condividiamo&#8221; informazioni personali sensibili n\u00e9 utilizziamo informazioni sensibili per &#8220;pubblicit\u00e0 mirata&#8221;, poich\u00e9 tali termini sono definiti dalle leggi sulla privacy dello stato degli Stati Uniti.<\/p>\n<p><strong>Utilizzo delle informazioni che raccogliamo<\/strong><\/p>\n<p>Utilizziamo le informazioni che raccogliamo su di te per i seguenti scopi aziendali e commerciali:<\/p>\n<p><strong>Per fornire i nostri servizi e gestire il tuo account, tra cui:<\/strong><\/p>\n<ul>\n<li>Elaborare la tua registrazione ai nostri Servizi, inclusa la verifica che il tuo indirizzo email sia attivo e valido e la tua iscrizione ai nostri programmi.<\/li>\n<li>Gestisci il tuo account e le tue preferenze di interazione, incluso il monitoraggio dei tuoi negozi preferiti, commercianti e posizioni preferite, nonch\u00e9 la cronologia delle transazioni.<\/li>\n<li>Inviarti avvisi tecnici, aggiornamenti, avvisi di sicurezza e messaggi amministrativi<\/li>\n<li>Fornisci ai membri servizi e supporto relativi al tuo account e rispondi alle loro domande, commenti e richieste<\/li>\n<\/ul>\n<p><strong>Per personalizzare e migliorare i nostri servizi<\/strong><\/p>\n<p>Potremmo utilizzare le informazioni che raccogliamo su di te per creare un profilo delle tue preferenze al fine di personalizzare il contenuto dei Servizi in modo che sia pi\u00f9 probabile che sia di tuo interesse. Ad esempio, potremmo utilizzare i tuoi negozi pi\u00f9 visitati o la tua cronologia degli acquisti per visualizzare offerte per negozi simili in parti pertinenti dei Servizi o per presentare offerte speciali che potrebbero interessarti attraverso i nostri Servizi, anche in negozio.<\/p>\n<p>Potremmo anche utilizzare le informazioni che raccogliamo su di te per identificare le tendenze di utilizzo ed eseguire analisi statistiche per migliorare i nostri servizi, siti Web, applicazioni, iniziative di marketing e i prodotti e i servizi dei nostri partner commerciali che consigliamo o offriamo, al fine di fornire un un servizio migliore per te in futuro.<\/p>\n<p><strong>Per fornirti informazioni di marketing<\/strong><\/p>\n<p>La Societ\u00e0 pu\u00f2 utilizzare le informazioni che raccogliamo su di te per fornirti offerte pi\u00f9 personalizzate, offerte speciali, sconti e\/o offerte pi\u00f9 pertinenti da parte dei nostri commercianti partecipanti tramite e-mail e altre comunicazioni dirette, nonch\u00e9 attraverso la pubblicit\u00e0 digitale. Potremmo utilizzare le tue informazioni per inviarti direttamente newsletter via email, offerte di premi, sconti, codici promozionali, eventi e informazioni generali sui Servizi.<\/p>\n<p><strong>Per proteggere te, gli altri e la nostra azienda<\/strong><\/p>\n<p>Potremmo utilizzare le informazioni raccolte per valutare i rischi, indagare e limitare frodi, spam e altre attivit\u00e0 online dannose sui nostri Servizi e migliorare le nostre misure di sicurezza. Potremmo anche utilizzare le informazioni raccolte per far valere i nostri diritti legali o per difendere i nostri diritti legali contro terzi.<\/p>\n<p><strong>Per rispettare le leggi applicabili<\/strong><\/p>\n<p>Potremmo utilizzare le informazioni che raccogliamo su di te per rispettare le leggi, le norme, i regolamenti e le autorit\u00e0 legali applicabili in ciascuna regione geografica in cui operiamo.<\/p>\n<p><strong>I tuoi diritti sulla privacy<\/strong><\/p>\n<p>Fatte salve alcune eccezioni, hai determinati diritti ai sensi della legge applicabile riguardo alle tue informazioni personali.<\/p>\n<p><strong>Diritto alla conoscenza e all&#8217;accesso<\/strong><\/p>\n<p>Hai il diritto di richiedere l&#8217;accesso alle informazioni personali che ti riguardano che abbiamo raccolto, utilizzato, divulgato per scopi commerciali e venduto o condiviso per pubblicit\u00e0 cross-contestuale o mirata, compresi gli scopi per i quali le abbiamo utilizzate e le categorie di fonti da da cui abbiamo ottenuto le tue informazioni e le categorie di terzi con cui abbiamo condiviso i tuoi dati. Hai anche il diritto di richiedere l&#8217;accesso (ottenerne una copia) alle informazioni personali specifiche che abbiamo raccolto su di te. (Tieni presente che non condividiamo alcuna informazione personale sensibile che potremmo conservare nell&#8217;ambito di questo tipo di richieste).<\/p>\n<p><strong>Diritto di richiedere la cancellazione<\/strong><\/p>\n<p>Hai il diritto di richiedere la cancellazione di qualsiasi informazione personale che abbiamo raccolto o archiviato su di te, fatte salve alcune eccezioni. Cancelleremo le tue informazioni personali su tale richiesta, a meno che non stabiliamo che abbiamo bisogno delle informazioni per uno scopo commerciale e abbiamo il diritto legale di conservarle. In questo caso ti informeremo su questa eccezione legale.<\/p>\n<p><strong>Diritto di rettifica<\/strong><\/p>\n<p>Fatte salve alcune eccezioni, hai il diritto di richiedere alla Societ\u00e0 di correggere eventuali informazioni personali inaccurate o incomplete che abbiamo raccolto o conserviamo su di te.<\/p>\n<p><strong>Diritto alla non discriminazione<\/strong><\/p>\n<p>Non ti discrimineremo nell\u2019esercizio dei tuoi diritti. A meno che la legge applicabile non consenta diversamente, se richiedi di conoscere, accedere, correggere o eliminare le tue informazioni, o di rinunciare alla vendita o al trasferimento, non faremo nessuna delle seguenti azioni:<\/p>\n<ul>\n<li>Negarti beni o servizi<\/li>\n<li>Addebitarti prezzi o tariffe diversi per beni o servizi, anche fornendo sconti o altri vantaggi o imponendo sanzioni<\/li>\n<li>Offrirti un livello o una qualit\u00e0 diversa di beni o servizi, o suggerire che potresti ricevere un prezzo o una tariffa diversa per beni o servizi o<\/li>\n<li>Un diverso livello o qualit\u00e0 di beni o servizi<\/li>\n<\/ul>\n<p><strong>Diritto di ricorso<\/strong><\/p>\n<p>A seconda del tuo stato di residenza, potresti avere il diritto di impugnare la nostra decisione in merito alla tua richiesta di diritti alla privacy. Puoi inviare una richiesta di obiezione contattandoci all&#8217;indirizzo <a href=\"mailto:contact@slashmyprice.com\">contact@slashmyprice.com<\/a>. Rispondiamo in conformit\u00e0 con la legge applicabile nella tua localit\u00e0.<\/p>\n<p><strong>Agenti<\/strong><\/p>\n<p>Solo tu o qualcuno legalmente autorizzato ad agire per tuo conto potete presentare una richiesta verificabile del consumatore relativa alle vostre informazioni personali. A qualsiasi agente che effettui una richiesta per tuo conto, potremmo chiederti di fornire la prova che hai autorizzato tale agente a presentare una richiesta per tuo conto e potremmo chiederti di verificare in modo indipendente la tua identit\u00e0 o di accedere tu stesso al tuo account per fornire l&#8217;accesso codice.<\/p>\n<p><strong>Altre informazioni<\/strong><\/p>\n<p>Secondo la legge della California, i residenti della California possono richiedere dettagli specifici su come le loro informazioni potrebbero essere condivise con terze parti per scopi di marketing diretto.<\/p>\n<p><strong>Informazioni per i minorenni<\/strong><\/p>\n<p>Questo sito e tutti i servizi correlati sono rivolti ad adulti di et\u00e0 pari o superiore a 18 anni e non raccogliamo, vendiamo o condividiamo consapevolmente informazioni personali di consumatori di et\u00e0 inferiore a 16 anni senza autorizzazione espressa o consenso verificabile dei genitori a chiunque abbia meno di 13 anni di et\u00e0. et\u00e0.<\/p>\n<p><strong>Informazioni di sicurezza<\/strong><\/p>\n<p>Abbiamo implementato misure tecniche e organizzative per garantire un livello di sicurezza adeguato al rischio per i dati personali che elaboriamo. Lo scopo di queste misure \u00e8 mantenere l\u2019integrit\u00e0 continua e proteggere la riservatezza dei dati personali. Valutiamo regolarmente queste misure per garantire che continuino a mantenere e applicare un livello di sicurezza adeguato<\/p>\n<p><strong>Modifiche alla presente Informativa sulla privacy<\/strong><\/p>\n<p>La presente Informativa sulla privacy \u00e8 valida a partire dalla Data di entrata in vigore specificata di seguito. Ci riserviamo il diritto di modificare periodicamente la presente informativa sulla privacy in conformit\u00e0 con le leggi e i principi applicabili sulla protezione dei dati e le nostre pratiche sui dati personali. Se apportiamo modifiche alla presente Informativa sulla privacy, ti informeremo modificando la data della presente Informativa sulla privacy. In caso di modifica sostanziale, ti forniremo un avviso aggiuntivo (ad esempio, aggiungendo una dichiarazione sulle home page dei nostri Servizi o inviandoti una notifica via email).<\/p>\n<p><strong>Contattaci<\/strong><\/p>\n<p>In caso di domande sulla presente informativa sulla privacy, non esitate a contattarci all&#8217;indirizzo <a href=\"mailto:contact@slashmyprice.com\">contact@slashmyprice.com<\/a><\/p>\n","protected":false},"excerpt":{"rendered":"<p>SlashMyPrice GDPR Policy Raccolta di informazioni: Raccogliamo, elaboriamo e utilizziamo le informazioni su di te quando: Registrati per i nostri servizi. Interagisci con i nostri servizi. Connettersi ai nostri Servizi tramite terze parti, inclusi account di social media, account di posta elettronica e partner commerciali (descritti nella Sezione 3 di seguito). Contattaci per ricevere assistenza. [&hellip;]<\/p>\n","protected":false},"author":3,"featured_media":0,"parent":0,"menu_order":2,"comment_status":"closed","ping_status":"closed","template":"","meta":{"_acf_changed":false,"footnotes":""},"class_list":["post-29531","page","type-page","status-publish","hentry"],"acf":[],"yoast_head":"<!-- This site is optimized with the Yoast SEO plugin v27.1.1 - https:\/\/yoast.com\/product\/yoast-seo-wordpress\/ -->\n<title>GDPR Policy - SlashMyPrice<\/title>\n<meta name=\"robots\" content=\"index, follow, max-snippet:-1, max-image-preview:large, max-video-preview:-1\" \/>\n<link rel=\"canonical\" href=\"https:\/\/slashmyprice.com\/it\/gdpr-policy\/\" \/>\n<meta property=\"og:locale\" content=\"en_US\" \/>\n<meta property=\"og:type\" content=\"article\" \/>\n<meta property=\"og:title\" content=\"GDPR Policy - SlashMyPrice\" \/>\n<meta property=\"og:description\" content=\"SlashMyPrice GDPR Policy Raccolta di informazioni: Raccogliamo, elaboriamo e utilizziamo le informazioni su di te quando: Registrati per i nostri servizi. Interagisci con i nostri servizi. Connettersi ai nostri Servizi tramite terze parti, inclusi account di social media, account di posta elettronica e partner commerciali (descritti nella Sezione 3 di seguito). Contattaci per ricevere assistenza. [&hellip;]\" \/>\n<meta property=\"og:url\" content=\"https:\/\/slashmyprice.com\/it\/gdpr-policy\/\" \/>\n<meta property=\"og:site_name\" content=\"SlashMyPrice\" \/>\n<meta name=\"twitter:card\" content=\"summary_large_image\" \/>\n<meta name=\"twitter:label1\" content=\"Est. reading time\" \/>\n\t<meta name=\"twitter:data1\" content=\"8 minutes\" \/>\n<script type=\"application\/ld+json\" class=\"yoast-schema-graph\">{\"@context\":\"https:\/\/schema.org\",\"@graph\":[{\"@type\":\"WebPage\",\"@id\":\"https:\/\/slashmyprice.com\/it\/gdpr-policy\/\",\"url\":\"https:\/\/slashmyprice.com\/it\/gdpr-policy\/\",\"name\":\"GDPR Policy - SlashMyPrice\",\"isPartOf\":{\"@id\":\"https:\/\/slashmyprice.com\/it\/#website\"},\"datePublished\":\"2024-05-04T08:37:24+00:00\",\"breadcrumb\":{\"@id\":\"https:\/\/slashmyprice.com\/it\/gdpr-policy\/#breadcrumb\"},\"inLanguage\":\"en-US\",\"potentialAction\":[{\"@type\":\"ReadAction\",\"target\":[\"https:\/\/slashmyprice.com\/it\/gdpr-policy\/\"]}]},{\"@type\":\"BreadcrumbList\",\"@id\":\"https:\/\/slashmyprice.com\/it\/gdpr-policy\/#breadcrumb\",\"itemListElement\":[{\"@type\":\"ListItem\",\"position\":1,\"name\":\"Home\",\"item\":\"https:\/\/slashmyprice.com\/it\/\"},{\"@type\":\"ListItem\",\"position\":2,\"name\":\"GDPR Policy\"}]},{\"@type\":\"WebSite\",\"@id\":\"https:\/\/slashmyprice.com\/it\/#website\",\"url\":\"https:\/\/slashmyprice.com\/it\/\",\"name\":\"SlashMyPrice\",\"description\":\"SlashMyPrice\",\"publisher\":{\"@id\":\"https:\/\/slashmyprice.com\/it\/#organization\"},\"potentialAction\":[{\"@type\":\"SearchAction\",\"target\":{\"@type\":\"EntryPoint\",\"urlTemplate\":\"https:\/\/slashmyprice.com\/it\/?s={search_term_string}\"},\"query-input\":{\"@type\":\"PropertyValueSpecification\",\"valueRequired\":true,\"valueName\":\"search_term_string\"}}],\"inLanguage\":\"en-US\"},{\"@type\":\"Organization\",\"@id\":\"https:\/\/slashmyprice.com\/it\/#organization\",\"name\":\"SlashMyPrice\",\"url\":\"https:\/\/slashmyprice.com\/it\/\",\"logo\":{\"@type\":\"ImageObject\",\"inLanguage\":\"en-US\",\"@id\":\"https:\/\/slashmyprice.com\/it\/#\/schema\/logo\/image\/\",\"url\":\"https:\/\/slashmyprice.com\/it\/wp-content\/uploads\/2023\/04\/SlashMyPrice-Logo.png\",\"contentUrl\":\"https:\/\/slashmyprice.com\/it\/wp-content\/uploads\/2023\/04\/SlashMyPrice-Logo.png\",\"width\":470,\"height\":59,\"caption\":\"SlashMyPrice\"},\"image\":{\"@id\":\"https:\/\/slashmyprice.com\/it\/#\/schema\/logo\/image\/\"}}]}<\/script>\n<!-- \/ Yoast SEO plugin. -->","yoast_head_json":{"title":"GDPR Policy - SlashMyPrice","robots":{"index":"index","follow":"follow","max-snippet":"max-snippet:-1","max-image-preview":"max-image-preview:large","max-video-preview":"max-video-preview:-1"},"canonical":"https:\/\/slashmyprice.com\/it\/gdpr-policy\/","og_locale":"en_US","og_type":"article","og_title":"GDPR Policy - SlashMyPrice","og_description":"SlashMyPrice GDPR Policy Raccolta di informazioni: Raccogliamo, elaboriamo e utilizziamo le informazioni su di te quando: Registrati per i nostri servizi. Interagisci con i nostri servizi. Connettersi ai nostri Servizi tramite terze parti, inclusi account di social media, account di posta elettronica e partner commerciali (descritti nella Sezione 3 di seguito). Contattaci per ricevere assistenza. [&hellip;]","og_url":"https:\/\/slashmyprice.com\/it\/gdpr-policy\/","og_site_name":"SlashMyPrice","twitter_card":"summary_large_image","twitter_misc":{"Est. reading time":"8 minutes"},"schema":{"@context":"https:\/\/schema.org","@graph":[{"@type":"WebPage","@id":"https:\/\/slashmyprice.com\/it\/gdpr-policy\/","url":"https:\/\/slashmyprice.com\/it\/gdpr-policy\/","name":"GDPR Policy - SlashMyPrice","isPartOf":{"@id":"https:\/\/slashmyprice.com\/it\/#website"},"datePublished":"2024-05-04T08:37:24+00:00","breadcrumb":{"@id":"https:\/\/slashmyprice.com\/it\/gdpr-policy\/#breadcrumb"},"inLanguage":"en-US","potentialAction":[{"@type":"ReadAction","target":["https:\/\/slashmyprice.com\/it\/gdpr-policy\/"]}]},{"@type":"BreadcrumbList","@id":"https:\/\/slashmyprice.com\/it\/gdpr-policy\/#breadcrumb","itemListElement":[{"@type":"ListItem","position":1,"name":"Home","item":"https:\/\/slashmyprice.com\/it\/"},{"@type":"ListItem","position":2,"name":"GDPR Policy"}]},{"@type":"WebSite","@id":"https:\/\/slashmyprice.com\/it\/#website","url":"https:\/\/slashmyprice.com\/it\/","name":"SlashMyPrice","description":"SlashMyPrice","publisher":{"@id":"https:\/\/slashmyprice.com\/it\/#organization"},"potentialAction":[{"@type":"SearchAction","target":{"@type":"EntryPoint","urlTemplate":"https:\/\/slashmyprice.com\/it\/?s={search_term_string}"},"query-input":{"@type":"PropertyValueSpecification","valueRequired":true,"valueName":"search_term_string"}}],"inLanguage":"en-US"},{"@type":"Organization","@id":"https:\/\/slashmyprice.com\/it\/#organization","name":"SlashMyPrice","url":"https:\/\/slashmyprice.com\/it\/","logo":{"@type":"ImageObject","inLanguage":"en-US","@id":"https:\/\/slashmyprice.com\/it\/#\/schema\/logo\/image\/","url":"https:\/\/slashmyprice.com\/it\/wp-content\/uploads\/2023\/04\/SlashMyPrice-Logo.png","contentUrl":"https:\/\/slashmyprice.com\/it\/wp-content\/uploads\/2023\/04\/SlashMyPrice-Logo.png","width":470,"height":59,"caption":"SlashMyPrice"},"image":{"@id":"https:\/\/slashmyprice.com\/it\/#\/schema\/logo\/image\/"}}]}},"_links":{"self":[{"href":"https:\/\/slashmyprice.com\/it\/wp-json\/wp\/v2\/pages\/29531","targetHints":{"allow":["GET"]}}],"collection":[{"href":"https:\/\/slashmyprice.com\/it\/wp-json\/wp\/v2\/pages"}],"about":[{"href":"https:\/\/slashmyprice.com\/it\/wp-json\/wp\/v2\/types\/page"}],"author":[{"embeddable":true,"href":"https:\/\/slashmyprice.com\/it\/wp-json\/wp\/v2\/users\/3"}],"replies":[{"embeddable":true,"href":"https:\/\/slashmyprice.com\/it\/wp-json\/wp\/v2\/comments?post=29531"}],"version-history":[{"count":1,"href":"https:\/\/slashmyprice.com\/it\/wp-json\/wp\/v2\/pages\/29531\/revisions"}],"predecessor-version":[{"id":29532,"href":"https:\/\/slashmyprice.com\/it\/wp-json\/wp\/v2\/pages\/29531\/revisions\/29532"}],"wp:attachment":[{"href":"https:\/\/slashmyprice.com\/it\/wp-json\/wp\/v2\/media?parent=29531"}],"curies":[{"name":"wp","href":"https:\/\/api.w.org\/{rel}","templated":true}]}}