{"id":204,"date":"2022-08-24T14:03:23","date_gmt":"2022-08-24T14:03:23","guid":{"rendered":"https:\/\/slashmyprice.com\/fr\/?page_id=204"},"modified":"2025-04-17T07:11:30","modified_gmt":"2025-04-17T07:11:30","slug":"imprimer","status":"publish","type":"page","link":"https:\/\/slashmyprice.com\/fr\/imprimer\/","title":{"rendered":"Imprimer"},"content":{"rendered":"<p><b>Affilito<br \/>\n<\/b>Address: <a>44C, Khalid Commercial, Lane 1, Phase 7 Ext, DHA, Karachi. Pakistan. 75500.<\/a><\/p>\n<p><strong>Contact:<\/strong><\/p>\n<p><strong>Questions sur les bons d&#8217;achat et les campagnes de r\u00e9duction :<\/strong> +92 334 3109895<br \/>\n<strong>Questions sur les opportunit\u00e9s de coop\u00e9ration :<\/strong> +92 334 3109895<br \/>\n<strong>T\u00e9l\u00e9copie :<\/strong> +92 334 3109895<\/p>\n<p><strong>E-mail :<\/strong> <a href=\"mailto:contact@slashmyprice.com\">contact@slashmyprice.com<\/a><br \/>\n<strong>Site Web\u00a0:<\/strong> <a href=\"https:\/\/slashmyprice.com\/fr\/\">https:\/\/slashmyprice.com\/fr\/<\/a><\/p>\n<p>Vous pouvez joindre notre d\u00e9l\u00e9gu\u00e9 \u00e0 la protection des donn\u00e9es Oliver Peters par courrier \u00e0 Affilito \u2013 <a>44C, Khalid Commercial, Lane 1, Phase 7 Ext, DHA, Karachi. Pakistan. 75500.<\/a> ou par email \u00e0 <a href=\"mailto:contact@slashmyprice.com\">contact@slashmyprice.com<\/a><\/p>\n<p><strong>Veuillez noter ce qui suit\u00a0:<\/strong><\/p>\n<p>Prix \u200b\u200bR\u00e9duit n\u2019est pas une boutique en ligne ! Cela signifie que vous ne pouvez rien commander, r\u00e9server ou acheter chez nous. Nous proposons uniquement des bons d&#8217;achat et des codes de r\u00e9duction avec lesquels vous pouvez \u00e9conomiser gratuitement lors de vos commandes dans la boutique en ligne correspondante. Par cons\u00e9quent, nous ne pouvons vous fournir aucune information sur votre commande, votre r\u00e9servation ou l\u2019\u00e9tat de votre exp\u00e9dition. Veuillez contacter la boutique en ligne respective dans laquelle vous avez command\u00e9.<\/p>\n<p><strong>Conditions d&#8217;utilisation\/Avis de non-responsabilit\u00e9<\/strong><\/p>\n<p>Les offres et les liens vers les organisateurs et entreprises respectifs sont \u00e9tablis au meilleur de nos connaissances et convictions. Cependant, aucune responsabilit\u00e9 ne peut \u00eatre accept\u00e9e pour d&#8217;\u00e9ventuelles erreurs ou fautes. En tant que prestataire de services, nous sommes<br \/>\nresponsable de notre propre contenu sur ces pages conform\u00e9ment aux lois g\u00e9n\u00e9rales conform\u00e9ment \u00e0 l&#8217;article 7, paragraphe 1, du TMG.<br \/>\nToutefois, conform\u00e9ment aux articles 8 \u00e0 10 TMG, en tant que prestataire de services, nous ne sommes pas oblig\u00e9s de surveiller les informations de tiers transmises ou stock\u00e9es ni d&#8217;enqu\u00eater sur les circonstances indiquant une activit\u00e9 ill\u00e9gale. Les obligations de supprimer ou de bloquer l&#8217;utilisation des informations conform\u00e9ment au droit g\u00e9n\u00e9ral restent inchang\u00e9es. Toutefois, la responsabilit\u00e9 \u00e0 cet \u00e9gard n&#8217;est possible qu&#8217;\u00e0 partir du moment o\u00f9 l&#8217;on a connaissance d&#8217;une violation concr\u00e8te de la loi. Si nous avons connaissance de violations l\u00e9gales correspondantes, nous supprimerons imm\u00e9diatement ce contenu. Les offres ne sont valables que jusqu&#8217;\u00e0 \u00e9puisement des stocks et ne donnent droit \u00e0 aucun droit.<\/p>\n<p>Notre offre contient des liens vers des sites Internet de tiers externes sur le contenu desquels nous n&#8217;avons aucune influence. Nous ne pouvons donc assumer aucune responsabilit\u00e9 pour ce contenu externe. Le fournisseur ou l&#8217;exploitant respectif des pages est toujours responsable du contenu des pages li\u00e9es. Les pages li\u00e9es ont \u00e9t\u00e9 v\u00e9rifi\u00e9es au moment de la cr\u00e9ation du lien pour d\u00e9tecter d&#8217;\u00e9ventuelles violations de la loi. Aucun contenu ill\u00e9gal n&#8217;\u00e9tait apparent au moment de la cr\u00e9ation du lien. Un contr\u00f4le permanent du contenu des pages li\u00e9es n&#8217;est toutefois pas raisonnable sans preuves concr\u00e8tes d&#8217;une violation de la loi. Si nous avons connaissance de violations de la loi, nous supprimerons imm\u00e9diatement ces liens.<\/p>\n","protected":false},"excerpt":{"rendered":"<p>Affilito Address: 44C, Khalid Commercial, Lane 1, Phase 7 Ext, DHA, Karachi. Pakistan. 75500. Contact: Questions sur les bons d&#8217;achat et les campagnes de r\u00e9duction : +92 334 3109895 Questions sur les opportunit\u00e9s de coop\u00e9ration : +92 334 3109895 T\u00e9l\u00e9copie : +92 334 3109895 E-mail : contact@slashmyprice.com Site Web\u00a0: https:\/\/slashmyprice.com\/fr\/ Vous pouvez joindre notre d\u00e9l\u00e9gu\u00e9 [&hellip;]<\/p>\n","protected":false},"author":3,"featured_media":0,"parent":0,"menu_order":12,"comment_status":"closed","ping_status":"closed","template":"","meta":{"_acf_changed":false,"footnotes":""},"class_list":["post-204","page","type-page","status-publish","hentry"],"acf":[],"yoast_head":"<!-- This site is optimized with the Yoast SEO plugin v27.1.1 - https:\/\/yoast.com\/product\/yoast-seo-wordpress\/ -->\n<title>Imprimer - SlashMyPrice<\/title>\n<meta name=\"robots\" content=\"index, follow, max-snippet:-1, max-image-preview:large, max-video-preview:-1\" \/>\n<link rel=\"canonical\" href=\"https:\/\/slashmyprice.com\/fr\/imprimer\/\" \/>\n<meta property=\"og:locale\" content=\"en_US\" \/>\n<meta property=\"og:type\" content=\"article\" \/>\n<meta property=\"og:title\" content=\"Imprimer - SlashMyPrice\" \/>\n<meta property=\"og:description\" content=\"Affilito Address: 44C, Khalid Commercial, Lane 1, Phase 7 Ext, DHA, Karachi. Pakistan. 75500. Contact: Questions sur les bons d&#8217;achat et les campagnes de r\u00e9duction : +92 334 3109895 Questions sur les opportunit\u00e9s de coop\u00e9ration : +92 334 3109895 T\u00e9l\u00e9copie : +92 334 3109895 E-mail : contact@slashmyprice.com Site Web\u00a0: https:\/\/slashmyprice.com\/fr\/ Vous pouvez joindre notre d\u00e9l\u00e9gu\u00e9 [&hellip;]\" \/>\n<meta property=\"og:url\" content=\"https:\/\/slashmyprice.com\/fr\/imprimer\/\" \/>\n<meta property=\"og:site_name\" content=\"SlashMyPrice\" \/>\n<meta property=\"article:modified_time\" content=\"2025-04-17T07:11:30+00:00\" \/>\n<meta name=\"twitter:card\" content=\"summary_large_image\" \/>\n<meta name=\"twitter:label1\" content=\"Est. reading time\" \/>\n\t<meta name=\"twitter:data1\" content=\"2 minutes\" \/>\n<script type=\"application\/ld+json\" class=\"yoast-schema-graph\">{\"@context\":\"https:\/\/schema.org\",\"@graph\":[{\"@type\":\"WebPage\",\"@id\":\"https:\/\/slashmyprice.com\/fr\/imprimer\/\",\"url\":\"https:\/\/slashmyprice.com\/fr\/imprimer\/\",\"name\":\"Imprimer - SlashMyPrice\",\"isPartOf\":{\"@id\":\"https:\/\/slashmyprice.com\/fr\/#website\"},\"datePublished\":\"2022-08-24T14:03:23+00:00\",\"dateModified\":\"2025-04-17T07:11:30+00:00\",\"breadcrumb\":{\"@id\":\"https:\/\/slashmyprice.com\/fr\/imprimer\/#breadcrumb\"},\"inLanguage\":\"en-US\",\"potentialAction\":[{\"@type\":\"ReadAction\",\"target\":[\"https:\/\/slashmyprice.com\/fr\/imprimer\/\"]}]},{\"@type\":\"BreadcrumbList\",\"@id\":\"https:\/\/slashmyprice.com\/fr\/imprimer\/#breadcrumb\",\"itemListElement\":[{\"@type\":\"ListItem\",\"position\":1,\"name\":\"Home\",\"item\":\"https:\/\/slashmyprice.com\/fr\/\"},{\"@type\":\"ListItem\",\"position\":2,\"name\":\"Imprimer\"}]},{\"@type\":\"WebSite\",\"@id\":\"https:\/\/slashmyprice.com\/fr\/#website\",\"url\":\"https:\/\/slashmyprice.com\/fr\/\",\"name\":\"SlashMyPrice\",\"description\":\"SlashMyPrice\",\"potentialAction\":[{\"@type\":\"SearchAction\",\"target\":{\"@type\":\"EntryPoint\",\"urlTemplate\":\"https:\/\/slashmyprice.com\/fr\/?s={search_term_string}\"},\"query-input\":{\"@type\":\"PropertyValueSpecification\",\"valueRequired\":true,\"valueName\":\"search_term_string\"}}],\"inLanguage\":\"en-US\"}]}<\/script>\n<!-- \/ Yoast SEO plugin. -->","yoast_head_json":{"title":"Imprimer - SlashMyPrice","robots":{"index":"index","follow":"follow","max-snippet":"max-snippet:-1","max-image-preview":"max-image-preview:large","max-video-preview":"max-video-preview:-1"},"canonical":"https:\/\/slashmyprice.com\/fr\/imprimer\/","og_locale":"en_US","og_type":"article","og_title":"Imprimer - SlashMyPrice","og_description":"Affilito Address: 44C, Khalid Commercial, Lane 1, Phase 7 Ext, DHA, Karachi. Pakistan. 75500. Contact: Questions sur les bons d&#8217;achat et les campagnes de r\u00e9duction : +92 334 3109895 Questions sur les opportunit\u00e9s de coop\u00e9ration : +92 334 3109895 T\u00e9l\u00e9copie : +92 334 3109895 E-mail : contact@slashmyprice.com Site Web\u00a0: https:\/\/slashmyprice.com\/fr\/ Vous pouvez joindre notre d\u00e9l\u00e9gu\u00e9 [&hellip;]","og_url":"https:\/\/slashmyprice.com\/fr\/imprimer\/","og_site_name":"SlashMyPrice","article_modified_time":"2025-04-17T07:11:30+00:00","twitter_card":"summary_large_image","twitter_misc":{"Est. reading time":"2 minutes"},"schema":{"@context":"https:\/\/schema.org","@graph":[{"@type":"WebPage","@id":"https:\/\/slashmyprice.com\/fr\/imprimer\/","url":"https:\/\/slashmyprice.com\/fr\/imprimer\/","name":"Imprimer - SlashMyPrice","isPartOf":{"@id":"https:\/\/slashmyprice.com\/fr\/#website"},"datePublished":"2022-08-24T14:03:23+00:00","dateModified":"2025-04-17T07:11:30+00:00","breadcrumb":{"@id":"https:\/\/slashmyprice.com\/fr\/imprimer\/#breadcrumb"},"inLanguage":"en-US","potentialAction":[{"@type":"ReadAction","target":["https:\/\/slashmyprice.com\/fr\/imprimer\/"]}]},{"@type":"BreadcrumbList","@id":"https:\/\/slashmyprice.com\/fr\/imprimer\/#breadcrumb","itemListElement":[{"@type":"ListItem","position":1,"name":"Home","item":"https:\/\/slashmyprice.com\/fr\/"},{"@type":"ListItem","position":2,"name":"Imprimer"}]},{"@type":"WebSite","@id":"https:\/\/slashmyprice.com\/fr\/#website","url":"https:\/\/slashmyprice.com\/fr\/","name":"SlashMyPrice","description":"SlashMyPrice","potentialAction":[{"@type":"SearchAction","target":{"@type":"EntryPoint","urlTemplate":"https:\/\/slashmyprice.com\/fr\/?s={search_term_string}"},"query-input":{"@type":"PropertyValueSpecification","valueRequired":true,"valueName":"search_term_string"}}],"inLanguage":"en-US"}]}},"_links":{"self":[{"href":"https:\/\/slashmyprice.com\/fr\/wp-json\/wp\/v2\/pages\/204","targetHints":{"allow":["GET"]}}],"collection":[{"href":"https:\/\/slashmyprice.com\/fr\/wp-json\/wp\/v2\/pages"}],"about":[{"href":"https:\/\/slashmyprice.com\/fr\/wp-json\/wp\/v2\/types\/page"}],"author":[{"embeddable":true,"href":"https:\/\/slashmyprice.com\/fr\/wp-json\/wp\/v2\/users\/3"}],"replies":[{"embeddable":true,"href":"https:\/\/slashmyprice.com\/fr\/wp-json\/wp\/v2\/comments?post=204"}],"version-history":[{"count":18,"href":"https:\/\/slashmyprice.com\/fr\/wp-json\/wp\/v2\/pages\/204\/revisions"}],"predecessor-version":[{"id":23121,"href":"https:\/\/slashmyprice.com\/fr\/wp-json\/wp\/v2\/pages\/204\/revisions\/23121"}],"wp:attachment":[{"href":"https:\/\/slashmyprice.com\/fr\/wp-json\/wp\/v2\/media?parent=204"}],"curies":[{"name":"wp","href":"https:\/\/api.w.org\/{rel}","templated":true}]}}