{"id":14620,"date":"2024-08-21T07:20:57","date_gmt":"2024-08-21T07:20:57","guid":{"rendered":"https:\/\/slashmyprice.com\/fr\/?page_id=14620"},"modified":"2024-08-21T07:25:37","modified_gmt":"2024-08-21T07:25:37","slug":"cookies-policy","status":"publish","type":"page","link":"https:\/\/slashmyprice.com\/fr\/cookies-policy\/","title":{"rendered":"Cookies Policy"},"content":{"rendered":"<p><strong>Cookies Policy Slashmyprice.com\/fr<\/strong><\/p>\n<p>Ce document informe les utilisateurs sur les technologies qui aident le site Web (SlashMyPrice) \u00e0 atteindre les objectifs d\u00e9crits ci-dessous. Ces technologies permettent \u00e0 l\u2019Op\u00e9rateur d\u2019acc\u00e9der et de stocker des informations (par exemple en utilisant un fichier Cookie) ou d\u2019utiliser des ressources (par exemple en ex\u00e9cutant un script) situ\u00e9es sur l\u2019appareil de l\u2019Utilisateur lors de son interaction avec le site Internet (SlashMyPrice).<\/p>\n<p>Par souci de simplicit\u00e9, toutes ces technologies sont d\u00e9finies dans ce document comme des \u00ab\u00a0Trackers\u00a0\u00bb \u2013 \u00e0 moins qu\u2019il n\u2019y ait une raison de les traiter s\u00e9par\u00e9ment.<br \/>\nPar exemple, bien que les cookies puissent \u00eatre utilis\u00e9s \u00e0 la fois dans les navigateurs Web et mobiles, il serait impr\u00e9cis de parler de cookies dans le contexte des applications mobiles, car ils constituent un outil de suivi bas\u00e9 sur le navigateur. Pour cette raison, le terme \u00ab Cookie \u00bb n\u2019est utilis\u00e9 dans ce document que dans le but d\u2019indiquer clairement ce type sp\u00e9cifique de traceur.<\/p>\n<p>Certaines des fins pour lesquelles les trackers sont utilis\u00e9s peuvent \u00e9galement n\u00e9cessiter votre consentement. Dans tous les cas, vous pouvez librement retirer votre consentement \u00e0 tout moment en suivant les instructions fournies dans ce document.<\/p>\n<p>SlashMyPrice utilise des Trackers g\u00e9r\u00e9s directement par l\u2019Op\u00e9rateur (Trackers dits \u00ab propres \u00bb) et des Trackers qui permettent d\u2019utiliser des services fournis par des tiers (Trackers dits \u00ab externes \u00bb). Sauf indication contraire dans les pr\u00e9sentes, les fournisseurs tiers peuvent acc\u00e9der aux trackers qu\u2019ils g\u00e8rent.<br \/>\nLes dur\u00e9es de validit\u00e9 et d\u2019expiration des cookies et autres traceurs similaires peuvent varier en fonction de la dur\u00e9e de validit\u00e9 fix\u00e9e par l\u2019Op\u00e9rateur ou le fournisseur concern\u00e9. Certains d\u2019entre eux expirent \u00e0 la fin de la session de navigation de l\u2019Utilisateur.<br \/>\nNonobstant les informations contenues dans les descriptions de chacune des cat\u00e9gories ci-dessous, les utilisateurs peuvent trouver des informations plus pr\u00e9cises et \u00e0 jour concernant les sp\u00e9cifications de dur\u00e9e de vie, ainsi que toute autre information pertinente \u2013 telle que la pr\u00e9sence d\u2019autres Trackers \u2013 dans les conditions de confidentialit\u00e9 appropri\u00e9es. politiques des fournisseurs tiers concern\u00e9s ou en contactant l\u2019Op\u00e9rateur.<\/p>\n<p><strong>Activit\u00e9s strictement n\u00e9cessaires au fonctionnement du site internet (SlashMyPrice) et \u00e0 la fourniture du Service<\/strong><\/p>\n<p>SlashMyPrice utilise des cookies dits \u00ab techniques \u00bb et autres traceurs similaires pour r\u00e9aliser des activit\u00e9s strictement n\u00e9cessaires au fonctionnement ou \u00e0 la fourniture du Service.<\/p>\n<p><strong>Trackers externes<\/strong><\/p>\n<p><strong>Autres activit\u00e9s li\u00e9es \u00e0 l\u2019utilisation des Trackers<\/strong><\/p>\n<p><strong>Mesures<\/strong><\/p>\n<p>SlashMyPrice utilise des modules de suivi pour mesurer le trafic et analyser le comportement des Utilisateurs afin d\u2019am\u00e9liorer le fonctionnement du Site Internet.<\/p>\n<p><strong>Commercialisation<\/strong><\/p>\n<p>SlashMyPrice utilise des Trackers pour fournir un contenu marketing personnalis\u00e9 bas\u00e9 sur le comportement de l\u2019utilisateur et pour ex\u00e9cuter, afficher et suivre des publicit\u00e9s.<\/p>\n<p><strong>G\u00e9rer les pr\u00e9f\u00e9rences et exprimer et retirer son consentement sur SlashMyPrice<\/strong><\/p>\n<p>Lorsque l\u2019utilisation des Trackers est bas\u00e9e sur le consentement, vous pouvez exprimer ou retirer votre consentement en d\u00e9finissant ou en modifiant vos pr\u00e9f\u00e9rences via le panneau de confidentialit\u00e9 appropri\u00e9 sur SlashMyPrice.<\/p>\n<p>En ce qui concerne les trackers tiers, les utilisateurs peuvent g\u00e9rer leurs pr\u00e9f\u00e9rences en utilisant le lien de d\u00e9sinscription associ\u00e9 (si disponible), comme indiqu\u00e9 dans la politique de confidentialit\u00e9 du tiers, ou en contactant le tiers concern\u00e9.<\/p>\n<p><strong>Contr\u00f4ler et supprimer les cookies et technologies similaires dans les param\u00e8tres de votre appareil<\/strong><\/p>\n<p>Dans les param\u00e8tres de votre navigateur, vous pouvez\u00a0:<\/p>\n<ul>\n<li>v\u00e9rifier quels cookies et technologies similaires sont enregistr\u00e9s sur votre appareil<\/li>\n<li>bloquer les cookies et technologies similaires,<\/li>\n<li>supprimer les cookies et technologies similaires de votre navigateur.<\/li>\n<\/ul>\n<p>Cependant, il n\u2019est pas possible de fournir un contr\u00f4le plus d\u00e9taill\u00e9 en acceptant certaines cat\u00e9gories de fichiers dans les param\u00e8tres de votre navigateur.<\/p>\n<p>Les utilisateurs peuvent par exemple trouver des informations sur la mani\u00e8re de g\u00e9rer les Cookies dans les navigateurs web les plus populaires aux adresses suivantes :<\/p>\n<ul>\n<li>GoogleChrome<\/li>\n<li>Mozilla Firefox<\/li>\n<li>Jab\u0142kowe Safari<\/li>\n<li>Przegl\u0105darka Microsoftu<\/li>\n<li>Microsoft Edge\u2019a<\/li>\n<li>Odwa\u017cny<\/li>\n<li>Opera<\/li>\n<\/ul>\n<p>Les utilisateurs peuvent \u00e9galement g\u00e9rer et d\u00e9sactiver certaines cat\u00e9gories de trackers utilis\u00e9s dans les applications mobiles via les param\u00e8tres appropri\u00e9s de l\u2019appareil, tels que les param\u00e8tres de publicit\u00e9 mobile de l\u2019appareil ou les param\u00e8tres g\u00e9n\u00e9raux de suivi (les utilisateurs peuvent ouvrir les param\u00e8tres de leur appareil et rechercher les param\u00e8tres appropri\u00e9s).<\/p>\n<p><strong>D\u00e9sactiver la publicit\u00e9 bas\u00e9e sur les centres d\u2019int\u00e9r\u00eat<\/strong><\/p>\n<p>Nonobstant ce qui pr\u00e9c\u00e8de, les utilisateurs peuvent utiliser les instructions fournies par YourOnlineChoices (UE et Royaume-Uni), Network Advertising Initiative (\u00c9tats-Unis) et Digital Advertising Alliance (\u00c9tats-Unis), DAAC (Canada), DDAI (Japon) ou d\u2019autres services similaires. De telles initiatives permettent aux utilisateurs de s\u00e9lectionner leurs pr\u00e9f\u00e9rences de suivi pour la plupart des outils publicitaires. L\u2019Exploitant recommande donc aux Utilisateurs d\u2019utiliser ces ressources quelles que soient les informations contenues dans ce document.<\/p>\n<p>La Digital Advertising Alliance propose une application appel\u00e9e AppChoices qui aide les utilisateurs \u00e0 contr\u00f4ler la publicit\u00e9 bas\u00e9e sur les centres d\u2019int\u00e9r\u00eat dans les applications mobiles.<\/p>\n<p><strong>Cons\u00e9quences du refus d\u2019autoriser l\u2019utilisation des trackers<\/strong><\/p>\n<p>Les utilisateurs sont libres de d\u00e9cider s\u2019ils autorisent ou non l\u2019utilisation de trackers. Veuillez toutefois noter que les Trackers aident le site Web (SlashMyPrice) \u00e0 offrir aux utilisateurs de meilleures exp\u00e9riences et des fonctionnalit\u00e9s avanc\u00e9es (conform\u00e9ment aux finalit\u00e9s \u00e9nonc\u00e9es dans ce document). Par cons\u00e9quent, si l\u2019utilisateur d\u00e9cide de bloquer l\u2019utilisation des trackers, l\u2019op\u00e9rateur peut ne pas \u00eatre en mesure de fournir les fonctions appropri\u00e9es.<\/p>\n<p>\u00c9tant donn\u00e9 que l\u2019utilisation de trackers tiers via le Service (SlashMyPrice) ne peut pas \u00eatre enti\u00e8rement contr\u00f4l\u00e9e par l\u2019Op\u00e9rateur, toute r\u00e9f\u00e9rence sp\u00e9cifique \u00e0 des trackers tiers doit \u00eatre consid\u00e9r\u00e9e comme indicative. Pour des informations compl\u00e8tes, les utilisateurs sont pri\u00e9s de consulter les politiques de confidentialit\u00e9 des services tiers concern\u00e9s r\u00e9pertori\u00e9s dans ce document.<\/p>\n<p>En raison de la complexit\u00e9 objective des technologies de suivi, si les Utilisateurs souhaitent obtenir de plus amples informations sur l\u2019utilisation de ces technologies par le site Internet (SlashMyPrice), nous les encourageons \u00e0 contacter l\u2019Op\u00e9rateur.<\/p>\n<p><strong>D\u00e9finitions et r\u00e9f\u00e9rences juridiques<\/strong><\/p>\n<p><strong>Donn\u00e9es personnelles (ou donn\u00e9es)<\/strong><\/p>\n<p>Toute information qui, directement, indirectement ou en combinaison avec d\u2019autres informations \u2013 y compris un num\u00e9ro d\u2019identification personnel \u2013 permet l\u2019identification ou l\u2019identification d\u2019une personne physique.<\/p>\n<p><strong>Donn\u00e9es d\u2019utilisation<\/strong><\/p>\n<p>Informations collect\u00e9es automatiquement via le site Internet (SlashMyPrice) (ou les services tiers utilis\u00e9s sur le site Internet (SlashMyPrice), qui peuvent inclure : les adresses IP ou noms de domaine des ordinateurs utilis\u00e9s par les Utilisateurs utilisant le site Internet (SlashMyPrice), les URI (Uniform Resource Identifier) ) \u200b\u200b\u200b\u200badresses ), heure de la demande, mode d\u2019envoi de la demande au serveur, taille du fichier re\u00e7u en r\u00e9ponse, code num\u00e9rique indiquant l\u2019\u00e9tat de la r\u00e9ponse du serveur (r\u00e9sultat r\u00e9ussi, erreur, etc.), pays d\u2019origine , les caract\u00e9ristiques du navigateur et du syst\u00e8me d\u2019exploitation utilis\u00e9 par l\u2019Utilisateur, les diff\u00e9rentes informations temporelles de visite (par exemple le temps pass\u00e9 sur chaque page de l\u2019Application) et les d\u00e9tails du chemin parcouru au sein de l\u2019Application, avec un accent particulier sur l\u2019ordre des pages visit\u00e9es, ainsi que ainsi que d\u2019autres param\u00e8tres concernant le syst\u00e8me d\u2019exploitation de l\u2019appareil ou l\u2019environnement informatique de l\u2019utilisateur.<\/p>\n<p><strong>Utilisateur<\/strong><\/p>\n<p>Une personne utilisant le site Web (SlashMyPrice) qui, sauf indication contraire, est la personne concern\u00e9e.<\/p>\n<p><strong>Personne concern\u00e9e<\/strong><\/p>\n<p>La personne physique \u00e0 laquelle se rapportent les Donn\u00e9es Personnelles.<\/p>\n<p><strong>\u00c9diteur<\/strong><\/p>\n<p>Personne physique ou morale, autorit\u00e9 publique, agence ou autre entit\u00e9 qui traite des donn\u00e9es personnelles pour le compte du responsable du traitement, conform\u00e9ment aux dispositions de la pr\u00e9sente politique de confidentialit\u00e9.<\/p>\n<p><strong>D\u00e9tails de l\u2019administrateur (ou de l\u2019op\u00e9rateur)<\/strong><\/p>\n<p>La personne physique ou morale, l\u2019autorit\u00e9 publique, l\u2019agence ou toute autre entit\u00e9 qui, seule ou conjointement avec d\u2019autres, d\u00e9termine les finalit\u00e9s et les moyens du traitement des donn\u00e9es personnelles, y compris les mesures de s\u00e9curit\u00e9 pour le fonctionnement et l\u2019utilisation du service SlashMyPrice. L\u2019administrateur des donn\u00e9es, sauf indication contraire, est l\u2019op\u00e9rateur du site Web (SlashMyPrice).<\/p>\n<p><strong>SlashMyPrice (ou cette application)<\/strong><\/p>\n<p>Podmiot zbieraj\u0105cy i przetwarzaj\u0105cy Dane Osobowe U\u017cytkownik\u00f3w.<\/p>\n<p><strong>Travail<\/strong><\/p>\n<p>Service fourni par le site Internet (SlashMyPrice) conform\u00e9ment aux conditions \u00e9nonc\u00e9es dans la r\u00e9glementation applicable \u00e0 ce site Internet (si disponible) et dans ce site Internet\/application.<\/p>\n<p><strong>Union europ\u00e9enne (ou UE)<\/strong><\/p>\n<p>Sauf indication contraire, toutes les r\u00e9f\u00e9rences \u00e0 l\u2019Union europ\u00e9enne dans ce document incluent tous les \u00c9tats membres actuels de l\u2019Union europ\u00e9enne et de l\u2019Espace \u00e9conomique europ\u00e9en.<\/p>\n<p><strong>Biscuit<\/strong><\/p>\n<p>Les cookies sont des modules de suivi constitu\u00e9s de petits ensembles de donn\u00e9es stock\u00e9s dans le navigateur de l\u2019utilisateur.<\/p>\n<p><strong>Abstrait<\/strong><\/p>\n<p>Un traceur est toute technologie \u2013 telle que les cookies, les identifiants uniques, les balises Web, les scripts int\u00e9gr\u00e9s, les balises \u00e9lectroniques et les empreintes digitales \u2013 qui permet le suivi des utilisateurs, par exemple en utilisant des informations sur l\u2019appareil d\u2019un utilisateur ou en stockant certaines informations.<\/p>\n<p><strong>Mentions l\u00e9gales<\/strong><\/p>\n<p>O ile w niniejszym dokumencie nie wskazano inaczej, niniejsza polityka prywatno\u015bci dotyczy wy\u0142\u0105cznie serwisu internetowego (SlashMyPrice).<\/p>\n","protected":false},"excerpt":{"rendered":"<p>Cookies Policy Slashmyprice.com\/fr Ce document informe les utilisateurs sur les technologies qui aident le site Web (SlashMyPrice) \u00e0 atteindre les objectifs d\u00e9crits ci-dessous. Ces technologies permettent \u00e0 l\u2019Op\u00e9rateur d\u2019acc\u00e9der et de stocker des informations (par exemple en utilisant un fichier Cookie) ou d\u2019utiliser des ressources (par exemple en ex\u00e9cutant un script) situ\u00e9es sur l\u2019appareil de [&hellip;]<\/p>\n","protected":false},"author":3,"featured_media":0,"parent":0,"menu_order":1,"comment_status":"closed","ping_status":"closed","template":"","meta":{"_acf_changed":false,"footnotes":""},"class_list":["post-14620","page","type-page","status-publish","hentry"],"acf":[],"yoast_head":"<!-- This site is optimized with the Yoast SEO plugin v27.1.1 - https:\/\/yoast.com\/product\/yoast-seo-wordpress\/ -->\n<title>Cookies Policy - SlashMyPrice<\/title>\n<meta name=\"robots\" content=\"index, follow, max-snippet:-1, max-image-preview:large, max-video-preview:-1\" \/>\n<link rel=\"canonical\" href=\"https:\/\/slashmyprice.com\/fr\/cookies-policy\/\" \/>\n<meta property=\"og:locale\" content=\"en_US\" \/>\n<meta property=\"og:type\" content=\"article\" \/>\n<meta property=\"og:title\" content=\"Cookies Policy - SlashMyPrice\" \/>\n<meta property=\"og:description\" content=\"Cookies Policy Slashmyprice.com\/fr Ce document informe les utilisateurs sur les technologies qui aident le site Web (SlashMyPrice) \u00e0 atteindre les objectifs d\u00e9crits ci-dessous. Ces technologies permettent \u00e0 l\u2019Op\u00e9rateur d\u2019acc\u00e9der et de stocker des informations (par exemple en utilisant un fichier Cookie) ou d\u2019utiliser des ressources (par exemple en ex\u00e9cutant un script) situ\u00e9es sur l\u2019appareil de [&hellip;]\" \/>\n<meta property=\"og:url\" content=\"https:\/\/slashmyprice.com\/fr\/cookies-policy\/\" \/>\n<meta property=\"og:site_name\" content=\"SlashMyPrice\" \/>\n<meta property=\"article:modified_time\" content=\"2024-08-21T07:25:37+00:00\" \/>\n<meta name=\"twitter:card\" content=\"summary_large_image\" \/>\n<meta name=\"twitter:label1\" content=\"Est. reading time\" \/>\n\t<meta name=\"twitter:data1\" content=\"7 minutes\" \/>\n<script type=\"application\/ld+json\" class=\"yoast-schema-graph\">{\"@context\":\"https:\/\/schema.org\",\"@graph\":[{\"@type\":\"WebPage\",\"@id\":\"https:\/\/slashmyprice.com\/fr\/cookies-policy\/\",\"url\":\"https:\/\/slashmyprice.com\/fr\/cookies-policy\/\",\"name\":\"Cookies Policy - SlashMyPrice\",\"isPartOf\":{\"@id\":\"https:\/\/slashmyprice.com\/fr\/#website\"},\"datePublished\":\"2024-08-21T07:20:57+00:00\",\"dateModified\":\"2024-08-21T07:25:37+00:00\",\"breadcrumb\":{\"@id\":\"https:\/\/slashmyprice.com\/fr\/cookies-policy\/#breadcrumb\"},\"inLanguage\":\"en-US\",\"potentialAction\":[{\"@type\":\"ReadAction\",\"target\":[\"https:\/\/slashmyprice.com\/fr\/cookies-policy\/\"]}]},{\"@type\":\"BreadcrumbList\",\"@id\":\"https:\/\/slashmyprice.com\/fr\/cookies-policy\/#breadcrumb\",\"itemListElement\":[{\"@type\":\"ListItem\",\"position\":1,\"name\":\"Home\",\"item\":\"https:\/\/slashmyprice.com\/fr\/\"},{\"@type\":\"ListItem\",\"position\":2,\"name\":\"Cookies Policy\"}]},{\"@type\":\"WebSite\",\"@id\":\"https:\/\/slashmyprice.com\/fr\/#website\",\"url\":\"https:\/\/slashmyprice.com\/fr\/\",\"name\":\"SlashMyPrice\",\"description\":\"SlashMyPrice\",\"potentialAction\":[{\"@type\":\"SearchAction\",\"target\":{\"@type\":\"EntryPoint\",\"urlTemplate\":\"https:\/\/slashmyprice.com\/fr\/?s={search_term_string}\"},\"query-input\":{\"@type\":\"PropertyValueSpecification\",\"valueRequired\":true,\"valueName\":\"search_term_string\"}}],\"inLanguage\":\"en-US\"}]}<\/script>\n<!-- \/ Yoast SEO plugin. -->","yoast_head_json":{"title":"Cookies Policy - SlashMyPrice","robots":{"index":"index","follow":"follow","max-snippet":"max-snippet:-1","max-image-preview":"max-image-preview:large","max-video-preview":"max-video-preview:-1"},"canonical":"https:\/\/slashmyprice.com\/fr\/cookies-policy\/","og_locale":"en_US","og_type":"article","og_title":"Cookies Policy - SlashMyPrice","og_description":"Cookies Policy Slashmyprice.com\/fr Ce document informe les utilisateurs sur les technologies qui aident le site Web (SlashMyPrice) \u00e0 atteindre les objectifs d\u00e9crits ci-dessous. Ces technologies permettent \u00e0 l\u2019Op\u00e9rateur d\u2019acc\u00e9der et de stocker des informations (par exemple en utilisant un fichier Cookie) ou d\u2019utiliser des ressources (par exemple en ex\u00e9cutant un script) situ\u00e9es sur l\u2019appareil de [&hellip;]","og_url":"https:\/\/slashmyprice.com\/fr\/cookies-policy\/","og_site_name":"SlashMyPrice","article_modified_time":"2024-08-21T07:25:37+00:00","twitter_card":"summary_large_image","twitter_misc":{"Est. reading time":"7 minutes"},"schema":{"@context":"https:\/\/schema.org","@graph":[{"@type":"WebPage","@id":"https:\/\/slashmyprice.com\/fr\/cookies-policy\/","url":"https:\/\/slashmyprice.com\/fr\/cookies-policy\/","name":"Cookies Policy - SlashMyPrice","isPartOf":{"@id":"https:\/\/slashmyprice.com\/fr\/#website"},"datePublished":"2024-08-21T07:20:57+00:00","dateModified":"2024-08-21T07:25:37+00:00","breadcrumb":{"@id":"https:\/\/slashmyprice.com\/fr\/cookies-policy\/#breadcrumb"},"inLanguage":"en-US","potentialAction":[{"@type":"ReadAction","target":["https:\/\/slashmyprice.com\/fr\/cookies-policy\/"]}]},{"@type":"BreadcrumbList","@id":"https:\/\/slashmyprice.com\/fr\/cookies-policy\/#breadcrumb","itemListElement":[{"@type":"ListItem","position":1,"name":"Home","item":"https:\/\/slashmyprice.com\/fr\/"},{"@type":"ListItem","position":2,"name":"Cookies Policy"}]},{"@type":"WebSite","@id":"https:\/\/slashmyprice.com\/fr\/#website","url":"https:\/\/slashmyprice.com\/fr\/","name":"SlashMyPrice","description":"SlashMyPrice","potentialAction":[{"@type":"SearchAction","target":{"@type":"EntryPoint","urlTemplate":"https:\/\/slashmyprice.com\/fr\/?s={search_term_string}"},"query-input":{"@type":"PropertyValueSpecification","valueRequired":true,"valueName":"search_term_string"}}],"inLanguage":"en-US"}]}},"_links":{"self":[{"href":"https:\/\/slashmyprice.com\/fr\/wp-json\/wp\/v2\/pages\/14620","targetHints":{"allow":["GET"]}}],"collection":[{"href":"https:\/\/slashmyprice.com\/fr\/wp-json\/wp\/v2\/pages"}],"about":[{"href":"https:\/\/slashmyprice.com\/fr\/wp-json\/wp\/v2\/types\/page"}],"author":[{"embeddable":true,"href":"https:\/\/slashmyprice.com\/fr\/wp-json\/wp\/v2\/users\/3"}],"replies":[{"embeddable":true,"href":"https:\/\/slashmyprice.com\/fr\/wp-json\/wp\/v2\/comments?post=14620"}],"version-history":[{"count":3,"href":"https:\/\/slashmyprice.com\/fr\/wp-json\/wp\/v2\/pages\/14620\/revisions"}],"predecessor-version":[{"id":14625,"href":"https:\/\/slashmyprice.com\/fr\/wp-json\/wp\/v2\/pages\/14620\/revisions\/14625"}],"wp:attachment":[{"href":"https:\/\/slashmyprice.com\/fr\/wp-json\/wp\/v2\/media?parent=14620"}],"curies":[{"name":"wp","href":"https:\/\/api.w.org\/{rel}","templated":true}]}}