{"id":12695,"date":"2024-04-23T11:26:07","date_gmt":"2024-04-23T11:26:07","guid":{"rendered":"https:\/\/slashmyprice.com\/fr\/?page_id=12695"},"modified":"2024-04-23T11:28:10","modified_gmt":"2024-04-23T11:28:10","slug":"gdpr-policy","status":"publish","type":"page","link":"https:\/\/slashmyprice.com\/fr\/gdpr-policy\/","title":{"rendered":"GDPR Policy"},"content":{"rendered":"<p><strong>SlashMyPrice GDPR Policy<\/strong><\/p>\n<p><strong>Collecte d&#8217;informations :<\/strong><\/p>\n<p>Nous collectons, traitons et utilisons des informations vous concernant lorsque vous\u00a0:<\/p>\n<ul>\n<li>Inscrivez-vous \u00e0 nos services.<\/li>\n<li>Interagissez avec nos services.<\/li>\n<li>Connectez-vous \u00e0 nos services via des tiers, y compris des comptes de r\u00e9seaux sociaux, des comptes de messagerie et des partenaires commerciaux (d\u00e9crits dans la section 3 ci-dessous).<\/li>\n<li>Contactez-nous pour obtenir de l&#8217;aide.<\/li>\n<\/ul>\n<p>Nous collectons certaines informations lorsque vous interagissez avec nos services en ligne. Nous collectons \u00e9galement automatiquement des informations sur vous et votre utilisation des Services gr\u00e2ce \u00e0 l&#8217;utilisation de processus de journalisation, de cookies, de technologies d&#8217;identification de localisation et d&#8217;autres technologies de suivi. Certaines informations vous concernant sont collect\u00e9es par des tiers, notamment lorsque vous vous connectez via un service tiers ou le site Web d&#8217;un partenaire commercial, ou lorsque des informations sont partag\u00e9es par des commer\u00e7ants et des partenaires commerciaux avec lesquels vous avez \u00e9galement interagi.<\/p>\n<p><strong>Types d&#8217;informations que nous pouvons collecter<\/strong><\/p>\n<p>Les types d&#8217;informations que nous collectons \u00e0 votre sujet peuvent inclure des donn\u00e9es personnelles des types suivants\u00a0:<\/p>\n<ul>\n<li>Les identifiants que vous nous fournissez directement, tels que votre nom et pr\u00e9nom, votre adresse postale, votre adresse e-mail, vos informations fiscales (pour les gagnants des tirages au sort, des concours et des promotions) et\/ou votre num\u00e9ro de t\u00e9l\u00e9phone.<\/li>\n<li>Identifiants collect\u00e9s lors de votre utilisation des Services, tels que\u00a0: Tels que les identifiants uniques en ligne ou d&#8217;appareil, l&#8217;adresse IP, les identifiants d&#8217;appareil ou de session, et les informations sur la configuration de votre syst\u00e8me (syst\u00e8me d&#8217;exploitation et version), le r\u00e9seau et le mat\u00e9riel connect\u00e9 (par exemple, ordinateur ou mobile). appareil, etc., op\u00e9rateur sans fil) et les applications logicielles (par exemple, d&#8217;autres applications install\u00e9es sur votre appareil mobile).<\/li>\n<li>Informations enregistr\u00e9es sur le client telles que le nom du compte de paiement, le num\u00e9ro de compte de paiement, la date d&#8217;expiration de la carte de paiement et l&#8217;adresse de facturation.<\/li>\n<li>Caract\u00e9ristiques de classification prot\u00e9g\u00e9es, telles que votre sexe, votre \u00e2ge, le revenu de votre foyer, votre \u00e9tat civil ou votre classification dans toute autre classification prot\u00e9g\u00e9e en vertu de la loi californienne, uniquement dans la mesure o\u00f9 vous nous fournissez ces informations en tant qu&#8217;informations d\u00e9mographiques dans une r\u00e9ponse \u00e0 une enqu\u00eate qui sont identifiables. pour vous.<\/li>\n<li>Informations commerciales vous concernant, telles que\u00a0: B. Enregistrements de produits, types de produits, commer\u00e7ants, types de commer\u00e7ants, biens ou services que vous avez achet\u00e9s, re\u00e7us ou envisag\u00e9s, y compris les produits, commer\u00e7ants et coupons que vous avez recherch\u00e9s, consult\u00e9s ou sur lesquels vous avez cliqu\u00e9, ajout\u00e9s \u00e0 Articles du panier, courses initi\u00e9es, courses initi\u00e9es, pages marchandes visit\u00e9es via nos Services, historique des transactions li\u00e9es \u00e0 nos Services, informations de confirmation d&#8217;achat, remises en argent accumul\u00e9es, points d&#8217;adh\u00e9sion American Express et autres devises de fid\u00e9lit\u00e9.<\/li>\n<li>Internet et autres activit\u00e9s de r\u00e9seau, telles que votre historique de navigation et de recherche et vos interactions avec nos sites Web et services, notamment\u00a0:<\/li>\n<\/ul>\n<ul>\n<li>Produits, coupons, offres ou marchands que vous recherchez, sur lesquels vous cliquez, ajoutez \u00e0 vos favoris et\/ou consultez, y compris les clics que vous effectuez sur les sites marchands que vous visitez.<\/li>\n<li>Horodatages associ\u00e9s \u00e0 ces navigations, recherches et clics\u00a0;<\/li>\n<li>Donn\u00e9es de flux de clics, c&#8217;est-\u00e0-dire H. les clics page par page que vous effectuez lorsque vous naviguez dans nos Services, y compris la page Web visit\u00e9e avant d&#8217;acc\u00e9der \u00e0 notre site Web\u00a0;<\/li>\n<li>Pr\u00e9f\u00e9rences locales pour votre utilisation des Services. Les informations sensorielles, telles que les enregistrements audio de votre voix lorsque vous appelez nos repr\u00e9sentants du service aux membres, dans la mesure permise par la loi applicable\u00a0;<\/li>\n<li>Informations de connexion au compte membre, y compris le nom d&#8217;utilisateur et le mot de passe\u00a0; Et<\/li>\n<li>Des d\u00e9ductions sur vous et vos pr\u00e9f\u00e9rences, caract\u00e9ristiques, comportements et attitudes probables \u00e0 partir de toute information que nous collectons \u00e0 votre sujet, autre que les informations \u00ab sensibles \u00bb.<\/li>\n<\/ul>\n<p>Dans certaines juridictions, certains types d\u2019informations que nous collectons peuvent \u00eatre consid\u00e9r\u00e9s comme des informations personnelles \u00ab sensibles \u00bb, notamment\u00a0:<\/p>\n<ul>\n<li>Informations d\u00e9mographiques telles que votre sexe, votre \u00e2ge, le revenu de votre foyer ou votre \u00e9tat civil, uniquement dans la mesure o\u00f9 vous nous fournissez ces informations en tant qu&#8217;informations d\u00e9mographiques dans une r\u00e9ponse \u00e0 une enqu\u00eate qui vous permettent d&#8217;\u00eatre identifiable.<\/li>\n<li>Des donn\u00e9es de g\u00e9olocalisation pr\u00e9cises, si vous avez configur\u00e9 votre appareil pour partager ces informations avec nous.<\/li>\n<\/ul>\n<p>Veuillez noter que nous utilisons ces informations sensibles uniquement pour vous fournir les Services et que nous ne collectons, n&#8217;utilisons ni ne divulguons ces informations sensibles pour tirer des conclusions sur vos caract\u00e9ristiques personnelles. Nous ne \u00ab vendons \u00bb ni ne \u00ab partageons \u00bb d\u2019informations personnelles sensibles, ni n\u2019utilisons d\u2019informations sensibles \u00e0 des fins de \u00ab publicit\u00e9 cibl\u00e9e \u00bb, comme ces termes sont d\u00e9finis dans les lois am\u00e9ricaines sur la protection de la vie priv\u00e9e.<\/p>\n<p><strong>Utilisation des informations que nous collectons<\/strong><\/p>\n<p>Nous utilisons les informations que nous collectons \u00e0 votre sujet aux fins commerciales suivantes\u00a0:<\/p>\n<p><strong>Pour fournir nos services et g\u00e9rer votre compte, notamment\u00a0:<\/strong><\/p>\n<ul>\n<li>Traitez votre inscription \u00e0 nos services, notamment en v\u00e9rifiant que votre adresse e-mail est active et valide et en vous inscrivant \u00e0 nos programmes.<\/li>\n<li>G\u00e9rez votre compte et vos pr\u00e9f\u00e9rences d&#8217;interaction, y compris le suivi de vos magasins, commer\u00e7ants et emplacements pr\u00e9f\u00e9r\u00e9s pr\u00e9f\u00e9r\u00e9s, ainsi que l&#8217;historique de vos transactions.<\/li>\n<li>Vous envoyer des notifications techniques, des mises \u00e0 jour, des alertes de s\u00e9curit\u00e9 et des messages administratifs<\/li>\n<li>Fournir aux membres des services et un accompagnement concernant votre compte et r\u00e9pondre \u00e0 leurs questions, commentaires et demandes<\/li>\n<\/ul>\n<p><strong>Pour personnaliser et am\u00e9liorer nos services<\/strong><\/p>\n<p>Nous pouvons utiliser les informations que nous collectons \u00e0 votre sujet pour cr\u00e9er un profil de vos pr\u00e9f\u00e9rences afin de personnaliser et personnaliser le contenu des Services afin qu&#8217;il soit plus susceptible de vous int\u00e9resser. Par exemple, nous pouvons utiliser vos magasins les plus visit\u00e9s ou votre historique d&#8217;achats pour afficher des offres de magasins similaires dans les parties pertinentes des Services ou pour pr\u00e9senter des offres sp\u00e9ciales susceptibles de vous int\u00e9resser sur l&#8217;ensemble de nos Services, y compris en magasin.<\/p>\n<p>Nous pouvons \u00e9galement utiliser les informations que nous collectons sur vous pour identifier les tendances d&#8217;utilisation et effectuer des analyses statistiques afin d&#8217;am\u00e9liorer nos services, sites Web, applications, efforts de marketing et les produits et services de nos partenaires commerciaux que nous recommandons ou proposons, afin de fournir un un meilleur service pour vous \u00e0 l&#8217;avenir.<\/p>\n<p><strong>Pour vous fournir des informations marketing<\/strong><\/p>\n<p>La Soci\u00e9t\u00e9 peut utiliser les informations que nous collectons \u00e0 votre sujet pour vous proposer des offres plus personnalis\u00e9es, des offres sp\u00e9ciales, des r\u00e9ductions et\/ou des offres plus pertinentes de la part de nos commer\u00e7ants participants par e-mail et autres communications directes, ainsi que par le biais de la publicit\u00e9 num\u00e9rique. Nous pouvons utiliser vos informations pour vous envoyer directement par courrier \u00e9lectronique des newsletters, des offres de r\u00e9compenses, des remises, des codes promotionnels, des \u00e9v\u00e9nements et des informations g\u00e9n\u00e9rales sur les Services.<\/p>\n<p><strong>Pour vous prot\u00e9ger, prot\u00e9ger les autres et notre entreprise<\/strong><\/p>\n<p>Nous pouvons utiliser les informations collect\u00e9es pour \u00e9valuer les risques, enqu\u00eater et limiter la fraude, le spam et autres activit\u00e9s en ligne malveillantes sur nos Services, et am\u00e9liorer nos mesures de s\u00e9curit\u00e9. Nous pouvons \u00e9galement utiliser les informations collect\u00e9es pour faire valoir nos droits l\u00e9gaux ou pour d\u00e9fendre nos droits l\u00e9gaux contre des tiers.<\/p>\n<p><strong>Pour se conformer aux lois applicables<\/strong><\/p>\n<p>Nous pouvons utiliser les informations que nous collectons \u00e0 votre sujet pour nous conformer aux lois, r\u00e8gles, r\u00e9glementations et autorit\u00e9s l\u00e9gales applicables dans chaque r\u00e9gion g\u00e9ographique dans laquelle nous exer\u00e7ons nos activit\u00e9s.<\/p>\n<p><strong>Vos droits en mati\u00e8re de confidentialit\u00e9<\/strong><\/p>\n<p>Sous r\u00e9serve de certaines exceptions, vous disposez de certains droits en vertu de la loi applicable concernant vos informations personnelles.<\/p>\n<p><strong>Droit \u00e0 la connaissance et \u00e0 l\u2019acc\u00e8s<\/strong><\/p>\n<p>Vous avez le droit de demander l&#8217;acc\u00e8s aux informations personnelles vous concernant que nous avons collect\u00e9es, utilis\u00e9es, divulgu\u00e9es \u00e0 des fins commerciales et vendues ou partag\u00e9es \u00e0 des fins de publicit\u00e9 intercontextuelle ou cibl\u00e9e, y compris les fins pour lesquelles nous les avons utilis\u00e9es et les cat\u00e9gories de sources. lesquels nous avons obtenu vos informations et les cat\u00e9gories de tiers avec lesquels nous avons partag\u00e9 vos donn\u00e9es. Vous avez \u00e9galement le droit de demander l\u2019acc\u00e8s (d\u2019obtenir une copie) aux informations personnelles sp\u00e9cifiques que nous avons collect\u00e9es \u00e0 votre sujet. (Veuillez noter que nous ne partageons aucune information personnelle sensible que nous pourrions d\u00e9tenir dans le cadre de ce type de demandes).<\/p>\n<p><strong>Droit de demander la suppression<\/strong><\/p>\n<p>Vous avez le droit de demander que nous supprimions toute information personnelle que nous avons collect\u00e9e ou stock\u00e9e \u00e0 votre sujet, sous r\u00e9serve de certaines exceptions. Nous supprimerons vos informations personnelles sur une telle demande, \u00e0 moins que nous d\u00e9terminions que nous avons besoin de ces informations \u00e0 des fins commerciales et que nous avons le droit l\u00e9gal de les conserver. Dans ce cas, nous vous informerons de cette exception l\u00e9gale.<\/p>\n<p><strong>Droit de rectification<\/strong><\/p>\n<p>Sous r\u00e9serve de certaines exceptions, vous avez le droit de demander \u00e0 la Soci\u00e9t\u00e9 de corriger toute information personnelle inexacte ou incompl\u00e8te que nous avons collect\u00e9e aupr\u00e8s de vous ou que nous conservons \u00e0 votre sujet.<\/p>\n<p><strong>Droit \u00e0 la non-discrimination<\/strong><\/p>\n<p>Nous ne ferons aucune discrimination \u00e0 votre \u00e9gard dans l\u2019exercice de vos droits. Sauf si la loi applicable le permet autrement, si vous demandez \u00e0 conna\u00eetre, acc\u00e9der, corriger ou supprimer vos informations, ou vous d\u00e9sinscrire de la vente ou du transfert, nous ne ferons aucune des actions suivantes\u00a0:<\/p>\n<ul>\n<li>Vous refuser des biens ou des services<\/li>\n<li>Vous facturer des prix ou des tarifs diff\u00e9rents pour des biens ou des services, notamment en offrant des remises ou d&#8217;autres avantages ou en imposant des p\u00e9nalit\u00e9s.<\/li>\n<li>Vous proposer un niveau ou une qualit\u00e9 diff\u00e9rent de biens ou de services, ou sugg\u00e9rer que vous puissiez recevoir un prix ou un tarif diff\u00e9rent pour des biens ou des services ou<\/li>\n<li>Un niveau ou une qualit\u00e9 diff\u00e9rent des biens ou des services<\/li>\n<\/ul>\n<p><strong>Droit de recours<\/strong><\/p>\n<p>En fonction de votre \u00e9tat de r\u00e9sidence, vous pouvez avoir le droit de faire appel de notre d\u00e9cision concernant votre demande de droit \u00e0 la vie priv\u00e9e. Vous pouvez soumettre une demande d&#8217;objection en nous contactant \u00e0\u00a0<a href=\"mailto:contact@slashmyprice.com\">contact@slashmyprice.com<\/a>. Nous r\u00e9pondons conform\u00e9ment \u00e0 la loi applicable dans votre r\u00e9gion.<\/p>\n<p><strong>Agents<\/strong><\/p>\n<p>Seul vous ou une personne l\u00e9galement autoris\u00e9e \u00e0 agir en votre nom pouvez faire une demande de consommateur v\u00e9rifiable concernant vos informations personnelles. Tout agent faisant une demande en votre nom, nous pouvons vous demander de fournir la preuve que vous avez autoris\u00e9 cet agent \u00e0 faire une demande en votre nom, et nous pouvons vous demander de v\u00e9rifier ind\u00e9pendamment votre identit\u00e9 ou de vous connecter vous-m\u00eame \u00e0 votre compte pour fournir l&#8217;acc\u00e8s. code.<\/p>\n<p><strong>Les autres informations<\/strong><\/p>\n<p>En vertu de la loi californienne, les r\u00e9sidents californiens peuvent demander des d\u00e9tails sp\u00e9cifiques sur la mani\u00e8re dont leurs informations peuvent \u00eatre partag\u00e9es avec des tiers \u00e0 des fins de marketing direct.<\/p>\n<p><strong>Informations pour les mineurs<\/strong><\/p>\n<p>Ce site et tous les services associ\u00e9s s&#8217;adressent aux adultes de 18 ans et plus, et nous ne collectons, ne vendons ni ne partageons sciemment des informations personnelles aupr\u00e8s de consommateurs de moins de 16 ans sans autorisation expresse ou consentement parental v\u00e9rifiable \u00e0 toute personne de moins de 13 ans. \u00e2ge.<\/p>\n<p><strong>S\u00e9curit\u00e9 des informations<\/strong><\/p>\n<p>Nous avons mis en \u0153uvre des mesures techniques et organisationnelles pour assurer un niveau de s\u00e9curit\u00e9 adapt\u00e9 au risque sur les donn\u00e9es personnelles que nous traitons. Le but de ces mesures est de maintenir l\u2019int\u00e9grit\u00e9 continue et de prot\u00e9ger la confidentialit\u00e9 des donn\u00e9es personnelles. Nous \u00e9valuons r\u00e9guli\u00e8rement ces mesures pour nous assurer qu&#8217;elles continuent de maintenir et d&#8217;appliquer un niveau de s\u00e9curit\u00e9 appropri\u00e9.<\/p>\n<p><strong>Modifications de cette politique de confidentialit\u00e9<\/strong><\/p>\n<p>Cette politique de confidentialit\u00e9 est \u00e0 jour \u00e0 la date d\u2019entr\u00e9e en vigueur indiqu\u00e9e ci-dessous. Nous nous r\u00e9servons le droit de modifier cette politique de confidentialit\u00e9 de temps \u00e0 autre conform\u00e9ment aux lois et principes applicables en mati\u00e8re de protection des donn\u00e9es et \u00e0 nos pratiques en mati\u00e8re de donn\u00e9es personnelles. Si nous apportons des modifications \u00e0 cette politique de confidentialit\u00e9, nous vous en informerons en modifiant la date de cette politique de confidentialit\u00e9. En cas de changement important, nous vous fournirons un pr\u00e9avis suppl\u00e9mentaire (par exemple, en ajoutant une d\u00e9claration sur les pages d&#8217;accueil de nos Services ou en vous envoyant une notification par e-mail).<\/p>\n<p><strong>Contactez-nous<\/strong><\/p>\n<p>Si vous avez des questions concernant cette politique de confidentialit\u00e9, n&#8217;h\u00e9sitez pas \u00e0 nous contacter \u00e0\u00a0<a href=\"mailto:contact@slashmyprice.com\">contact@slashmyprice.com<\/a><\/p>\n","protected":false},"excerpt":{"rendered":"<p>SlashMyPrice GDPR Policy Collecte d&#8217;informations : Nous collectons, traitons et utilisons des informations vous concernant lorsque vous\u00a0: Inscrivez-vous \u00e0 nos services. Interagissez avec nos services. Connectez-vous \u00e0 nos services via des tiers, y compris des comptes de r\u00e9seaux sociaux, des comptes de messagerie et des partenaires commerciaux (d\u00e9crits dans la section 3 ci-dessous). Contactez-nous pour [&hellip;]<\/p>\n","protected":false},"author":3,"featured_media":0,"parent":0,"menu_order":2,"comment_status":"closed","ping_status":"closed","template":"","meta":{"_acf_changed":false,"footnotes":""},"class_list":["post-12695","page","type-page","status-publish","hentry"],"acf":[],"yoast_head":"<!-- This site is optimized with the Yoast SEO plugin v27.1.1 - https:\/\/yoast.com\/product\/yoast-seo-wordpress\/ -->\n<title>GDPR Policy - SlashMyPrice<\/title>\n<meta name=\"robots\" content=\"index, follow, max-snippet:-1, max-image-preview:large, max-video-preview:-1\" \/>\n<link rel=\"canonical\" href=\"https:\/\/slashmyprice.com\/fr\/gdpr-policy\/\" \/>\n<meta property=\"og:locale\" content=\"en_US\" \/>\n<meta property=\"og:type\" content=\"article\" \/>\n<meta property=\"og:title\" content=\"GDPR Policy - SlashMyPrice\" \/>\n<meta property=\"og:description\" content=\"SlashMyPrice GDPR Policy Collecte d&#8217;informations : Nous collectons, traitons et utilisons des informations vous concernant lorsque vous\u00a0: Inscrivez-vous \u00e0 nos services. Interagissez avec nos services. Connectez-vous \u00e0 nos services via des tiers, y compris des comptes de r\u00e9seaux sociaux, des comptes de messagerie et des partenaires commerciaux (d\u00e9crits dans la section 3 ci-dessous). Contactez-nous pour [&hellip;]\" \/>\n<meta property=\"og:url\" content=\"https:\/\/slashmyprice.com\/fr\/gdpr-policy\/\" \/>\n<meta property=\"og:site_name\" content=\"SlashMyPrice\" \/>\n<meta property=\"article:modified_time\" content=\"2024-04-23T11:28:10+00:00\" \/>\n<meta name=\"twitter:card\" content=\"summary_large_image\" \/>\n<meta name=\"twitter:label1\" content=\"Est. reading time\" \/>\n\t<meta name=\"twitter:data1\" content=\"9 minutes\" \/>\n<script type=\"application\/ld+json\" class=\"yoast-schema-graph\">{\"@context\":\"https:\/\/schema.org\",\"@graph\":[{\"@type\":\"WebPage\",\"@id\":\"https:\/\/slashmyprice.com\/fr\/gdpr-policy\/\",\"url\":\"https:\/\/slashmyprice.com\/fr\/gdpr-policy\/\",\"name\":\"GDPR Policy - SlashMyPrice\",\"isPartOf\":{\"@id\":\"https:\/\/slashmyprice.com\/fr\/#website\"},\"datePublished\":\"2024-04-23T11:26:07+00:00\",\"dateModified\":\"2024-04-23T11:28:10+00:00\",\"breadcrumb\":{\"@id\":\"https:\/\/slashmyprice.com\/fr\/gdpr-policy\/#breadcrumb\"},\"inLanguage\":\"en-US\",\"potentialAction\":[{\"@type\":\"ReadAction\",\"target\":[\"https:\/\/slashmyprice.com\/fr\/gdpr-policy\/\"]}]},{\"@type\":\"BreadcrumbList\",\"@id\":\"https:\/\/slashmyprice.com\/fr\/gdpr-policy\/#breadcrumb\",\"itemListElement\":[{\"@type\":\"ListItem\",\"position\":1,\"name\":\"Home\",\"item\":\"https:\/\/slashmyprice.com\/fr\/\"},{\"@type\":\"ListItem\",\"position\":2,\"name\":\"GDPR Policy\"}]},{\"@type\":\"WebSite\",\"@id\":\"https:\/\/slashmyprice.com\/fr\/#website\",\"url\":\"https:\/\/slashmyprice.com\/fr\/\",\"name\":\"SlashMyPrice\",\"description\":\"SlashMyPrice\",\"potentialAction\":[{\"@type\":\"SearchAction\",\"target\":{\"@type\":\"EntryPoint\",\"urlTemplate\":\"https:\/\/slashmyprice.com\/fr\/?s={search_term_string}\"},\"query-input\":{\"@type\":\"PropertyValueSpecification\",\"valueRequired\":true,\"valueName\":\"search_term_string\"}}],\"inLanguage\":\"en-US\"}]}<\/script>\n<!-- \/ Yoast SEO plugin. -->","yoast_head_json":{"title":"GDPR Policy - SlashMyPrice","robots":{"index":"index","follow":"follow","max-snippet":"max-snippet:-1","max-image-preview":"max-image-preview:large","max-video-preview":"max-video-preview:-1"},"canonical":"https:\/\/slashmyprice.com\/fr\/gdpr-policy\/","og_locale":"en_US","og_type":"article","og_title":"GDPR Policy - SlashMyPrice","og_description":"SlashMyPrice GDPR Policy Collecte d&#8217;informations : Nous collectons, traitons et utilisons des informations vous concernant lorsque vous\u00a0: Inscrivez-vous \u00e0 nos services. Interagissez avec nos services. Connectez-vous \u00e0 nos services via des tiers, y compris des comptes de r\u00e9seaux sociaux, des comptes de messagerie et des partenaires commerciaux (d\u00e9crits dans la section 3 ci-dessous). Contactez-nous pour [&hellip;]","og_url":"https:\/\/slashmyprice.com\/fr\/gdpr-policy\/","og_site_name":"SlashMyPrice","article_modified_time":"2024-04-23T11:28:10+00:00","twitter_card":"summary_large_image","twitter_misc":{"Est. reading time":"9 minutes"},"schema":{"@context":"https:\/\/schema.org","@graph":[{"@type":"WebPage","@id":"https:\/\/slashmyprice.com\/fr\/gdpr-policy\/","url":"https:\/\/slashmyprice.com\/fr\/gdpr-policy\/","name":"GDPR Policy - SlashMyPrice","isPartOf":{"@id":"https:\/\/slashmyprice.com\/fr\/#website"},"datePublished":"2024-04-23T11:26:07+00:00","dateModified":"2024-04-23T11:28:10+00:00","breadcrumb":{"@id":"https:\/\/slashmyprice.com\/fr\/gdpr-policy\/#breadcrumb"},"inLanguage":"en-US","potentialAction":[{"@type":"ReadAction","target":["https:\/\/slashmyprice.com\/fr\/gdpr-policy\/"]}]},{"@type":"BreadcrumbList","@id":"https:\/\/slashmyprice.com\/fr\/gdpr-policy\/#breadcrumb","itemListElement":[{"@type":"ListItem","position":1,"name":"Home","item":"https:\/\/slashmyprice.com\/fr\/"},{"@type":"ListItem","position":2,"name":"GDPR Policy"}]},{"@type":"WebSite","@id":"https:\/\/slashmyprice.com\/fr\/#website","url":"https:\/\/slashmyprice.com\/fr\/","name":"SlashMyPrice","description":"SlashMyPrice","potentialAction":[{"@type":"SearchAction","target":{"@type":"EntryPoint","urlTemplate":"https:\/\/slashmyprice.com\/fr\/?s={search_term_string}"},"query-input":{"@type":"PropertyValueSpecification","valueRequired":true,"valueName":"search_term_string"}}],"inLanguage":"en-US"}]}},"_links":{"self":[{"href":"https:\/\/slashmyprice.com\/fr\/wp-json\/wp\/v2\/pages\/12695","targetHints":{"allow":["GET"]}}],"collection":[{"href":"https:\/\/slashmyprice.com\/fr\/wp-json\/wp\/v2\/pages"}],"about":[{"href":"https:\/\/slashmyprice.com\/fr\/wp-json\/wp\/v2\/types\/page"}],"author":[{"embeddable":true,"href":"https:\/\/slashmyprice.com\/fr\/wp-json\/wp\/v2\/users\/3"}],"replies":[{"embeddable":true,"href":"https:\/\/slashmyprice.com\/fr\/wp-json\/wp\/v2\/comments?post=12695"}],"version-history":[{"count":1,"href":"https:\/\/slashmyprice.com\/fr\/wp-json\/wp\/v2\/pages\/12695\/revisions"}],"predecessor-version":[{"id":12696,"href":"https:\/\/slashmyprice.com\/fr\/wp-json\/wp\/v2\/pages\/12695\/revisions\/12696"}],"wp:attachment":[{"href":"https:\/\/slashmyprice.com\/fr\/wp-json\/wp\/v2\/media?parent=12695"}],"curies":[{"name":"wp","href":"https:\/\/api.w.org\/{rel}","templated":true}]}}