{"id":7306,"date":"2024-08-21T09:15:50","date_gmt":"2024-08-21T09:15:50","guid":{"rendered":"https:\/\/slashmyprice.com\/es\/?page_id=7306"},"modified":"2024-08-21T09:28:39","modified_gmt":"2024-08-21T09:28:39","slug":"cookies-policy","status":"publish","type":"page","link":"https:\/\/slashmyprice.com\/es\/cookies-policy\/","title":{"rendered":"Cookies Policy"},"content":{"rendered":"<p><strong>Pol\u00edtica de Cookies Slashmyprice.com\/es<\/strong><\/p>\n<p>Este documento informa a los usuarios sobre las tecnolog\u00edas que ayudan al sitio web (SlashMyPrice) a lograr los objetivos que se describen a continuaci\u00f3n. Estas tecnolog\u00edas permiten al Operador acceder y almacenar informaci\u00f3n (por ejemplo, mediante el uso de un archivo Cookie) o utilizar recursos (por ejemplo, ejecutando un script) ubicados en el dispositivo del Usuario cuando interact\u00faa con el sitio web (SlashMyPrice).<\/p>\n<p>Para simplificar, todas estas tecnolog\u00edas se definen en este documento como &#8220;Rastreadores&#8221;, a menos que exista una raz\u00f3n para tratarlas por separado.<br \/>\nPor ejemplo, aunque las cookies se pueden utilizar tanto en navegadores web como m\u00f3viles, ser\u00eda impreciso hablar de cookies en el contexto de las aplicaciones m\u00f3viles porque son una herramienta de seguimiento basada en el navegador. Por este motivo, el t\u00e9rmino &#8220;Cookie&#8221; s\u00f3lo se utiliza en este documento para indicar claramente este tipo espec\u00edfico de rastreador.<\/p>\n<p>Algunos de los fines para los que se utilizan los rastreadores tambi\u00e9n pueden requerir su consentimiento. En cualquier caso, usted podr\u00e1 retirar libremente su consentimiento en cualquier momento siguiendo las instrucciones proporcionadas en este documento.<\/p>\n<p>SlashMyPrice utiliza Rastreadores gestionados directamente por el Operador (los llamados Rastreadores \u201cpropios\u201d) y Rastreadores que permiten el uso de servicios proporcionados por terceros (los llamados Rastreadores \u201cexternos\u201d). A menos que se indique lo contrario en el presente, los Proveedores externos pueden acceder a los Rastreadores que administran.<br \/>\nLos per\u00edodos de validez y caducidad de las cookies y otros rastreadores similares pueden variar seg\u00fan el per\u00edodo de validez establecido por el Operador o proveedor en cuesti\u00f3n. Algunas de ellas caducan al finalizar la sesi\u00f3n de navegaci\u00f3n del Usuario.<br \/>\nSin perjuicio de la informaci\u00f3n contenida en las descripciones de cada una de las categor\u00edas siguientes, los usuarios pueden encontrar informaci\u00f3n m\u00e1s precisa y actualizada sobre las especificaciones de vida \u00fatil, as\u00ed como cualquier otra informaci\u00f3n relevante, como la presencia de otros Rastreadores, bajo las condiciones de confidencialidad adecuadas. . pol\u00edticas de los terceros proveedores en cuesti\u00f3n o poni\u00e9ndose en contacto con el Operador.<\/p>\n<p><strong>Actividades estrictamente necesarias para el funcionamiento del sitio web (SlashMyPrice) y la prestaci\u00f3n del Servicio<\/strong><\/p>\n<p>SlashMyPrice utiliza las denominadas cookies \u201ct\u00e9cnicas\u201d y otros rastreadores similares para realizar actividades estrictamente necesarias para el funcionamiento o prestaci\u00f3n del Servicio.<\/p>\n<p><strong>Rastreadores externos<\/strong><\/p>\n<p><strong>Otras actividades relacionadas con el uso de Trackers<\/strong><\/p>\n<p><strong>Medidas<\/strong><\/p>\n<p>SlashMyPrice utiliza m\u00f3dulos de seguimiento para medir el tr\u00e1fico y analizar el comportamiento del Usuario con el fin de mejorar el funcionamiento del Sitio Web.<\/p>\n<p><strong>Marketing<\/strong><\/p>\n<p>SlashMyPrice utiliza Trackers para ofrecer contenido de marketing personalizado basado en el comportamiento del usuario y para ejecutar, mostrar y rastrear anuncios.<\/p>\n<p><strong>G\u00e9rer les pr\u00e9f\u00e9rences et exprimer et retirer son consentement sur SlashMyPrice<\/strong><\/p>\n<p>L&#8217;utilisation des Trackers \u00e9tant bas\u00e9e sur votre consentement, vous pouvez au pr\u00e9alable ou retirer votre consentement pour d\u00e9finir ou modifier vos pr\u00e9f\u00e9rences via le panneau de confidentialit\u00e9 propre \u00e0 SlashMyPrice.<\/p>\n<p>In ce qui concerne les tiers trackers, les utilisateurs peuvent g\u00e9rer leurs pr\u00e9f\u00e9rences en utilisant le lien de d\u00e9sinscription associ\u00e9 (si disponible), comme indiqu\u00e9 dans la politique de confidentialit\u00e9 du tiers, ou en contactant le tiers concern\u00e9.<\/p>\n<p><strong>Controlar y eliminar cookies y tecnolog\u00edas similares en la configuraci\u00f3n de su dispositivo<\/strong><\/p>\n<p>En la configuraci\u00f3n de su navegador, puede:<\/p>\n<ul>\n<li>comprobar qu\u00e9 cookies y tecnolog\u00edas similares se almacenan en su dispositivo<\/li>\n<li>bloquear cookies y tecnolog\u00edas similares,<\/li>\n<li>eliminar cookies y tecnolog\u00edas similares de su navegador.<\/li>\n<\/ul>\n<p>Sin embargo, no es posible proporcionar un control m\u00e1s detallado aceptando ciertas categor\u00edas de archivos en la configuraci\u00f3n de su navegador.<\/p>\n<p>Por ejemplo, los usuarios pueden encontrar informaci\u00f3n sobre c\u00f3mo gestionar las Cookies en los navegadores web m\u00e1s populares en las siguientes direcciones:<\/p>\n<ul>\n<li>GoogleChrome<\/li>\n<li>Mozilla Firefox<\/li>\n<li>Jab\u0142kowe Safari<\/li>\n<li>Przegl\u0105darka Microsoftu<\/li>\n<li>Microsoft Edge\u2019a<\/li>\n<li>Odwa\u017cny<\/li>\n<li>Opera<\/li>\n<\/ul>\n<p>Los usuarios tambi\u00e9n pueden administrar y excluirse de ciertas categor\u00edas de rastreadores utilizados en aplicaciones m\u00f3viles a trav\u00e9s de la configuraci\u00f3n adecuada del dispositivo, como la configuraci\u00f3n de publicidad m\u00f3vil del dispositivo o la configuraci\u00f3n de seguimiento general (los usuarios pueden abrir la configuraci\u00f3n de seguimiento de su dispositivo y encontrar la configuraci\u00f3n adecuada).<\/p>\n<p><strong>Optar por no recibir publicidad basada en intereses<\/strong><\/p>\n<p>Sin perjuicio de lo anterior, los usuarios pueden utilizar las instrucciones proporcionadas por YourOnlineChoices (UE y Reino Unido), Network Advertising Initiative (EE.UU.) y Digital Advertising Alliance (EE.UU.), DAAC (Canad\u00e1), DDAI (Jap\u00f3n) u otros servicios similares. Estas iniciativas permiten a los usuarios seleccionar sus preferencias de seguimiento para la mayor\u00eda de las herramientas publicitarias. Por lo tanto, el Operador recomienda que los Usuarios utilicen estos recursos independientemente de la informaci\u00f3n contenida en este documento.<\/p>\n<p>Digital Advertising Alliance ofrece una aplicaci\u00f3n llamada AppChoices que ayuda a los usuarios a controlar la publicidad basada en intereses en aplicaciones m\u00f3viles.<\/p>\n<p><strong>Consecuencias de negarse a autorizar el uso de rastreadores<\/strong><\/p>\n<p>Los usuarios son libres de decidir si permiten o no el uso de rastreadores. Sin embargo, tenga en cuenta que los Rastreadores ayudan al sitio web (SlashMyPrice) a brindar a los usuarios mejores experiencias y funciones avanzadas (de acuerdo con los prop\u00f3sitos establecidos en este documento). Por lo tanto, si el usuario decide bloquear el uso de rastreadores, es posible que el operador no pueda proporcionar las funciones adecuadas.<\/p>\n<p>Dado que el Operador no puede controlar completamente el uso de rastreadores de terceros a trav\u00e9s del Servicio (SlashMyPrice), cualquier referencia espec\u00edfica a rastreadores de terceros debe considerarse indicativa. Para obtener informaci\u00f3n completa, se recomienda a los usuarios que consulten las pol\u00edticas de privacidad de los servicios de terceros pertinentes que se enumeran en este documento.<\/p>\n<p>Debido a la complejidad objetiva de las tecnolog\u00edas de seguimiento, si los Usuarios desean obtener m\u00e1s informaci\u00f3n sobre el uso de estas tecnolog\u00edas por parte del sitio web (SlashMyPrice), les animamos a ponerse en contacto con el Operador.<\/p>\n<p><strong>Definiciones y referencias legales<\/strong><\/p>\n<p><strong>Datos personales (o datos)<\/strong><\/p>\n<p>Cualquier informaci\u00f3n que, directa, indirectamente o en combinaci\u00f3n con otra informaci\u00f3n \u2013incluido un n\u00famero de identificaci\u00f3n personal\u2013 permita la identificaci\u00f3n o identificaci\u00f3n de una persona f\u00edsica.<\/p>\n<p><strong>Datos de uso<\/strong><\/p>\n<p>Informaci\u00f3n recopilada autom\u00e1ticamente a trav\u00e9s del sitio web (SlashMyPrice) (o servicios de terceros utilizados en el sitio web (SlashMyPrice)), que puede incluir: direcciones IP o nombres de dominio de computadoras utilizadas por los Usuarios que utilizan el sitio web (SlashMyPrice), URI (Identificador uniforme de recursos) direcciones), hora de la solicitud, m\u00e9todo de env\u00edo de la solicitud al servidor, tama\u00f1o del archivo recibido en respuesta, c\u00f3digo num\u00e9rico que indica el estado de la respuesta del servidor (resultado exitoso, error, etc.), pa\u00eds de origen, las caracter\u00edsticas del navegador y del sistema operativo utilizado por el Usuario, las diversas informaciones sobre el tiempo de visita (por ejemplo, el tiempo transcurrido en cada p\u00e1gina de la Aplicaci\u00f3n) y los detalles del camino recorrido dentro de la Aplicaci\u00f3n, con especial \u00e9nfasis sobre el orden de las p\u00e1ginas visitadas, as\u00ed como otros par\u00e1metros relativos al sistema operativo del dispositivo o al entorno inform\u00e1tico del usuario.<\/p>\n<p><strong>Usuario<\/strong><\/p>\n<p>Una persona que utiliza el sitio web (SlashMyPrice) que, salvo que se indique lo contrario, es el interesado.<\/p>\n<p><strong>Interesado<\/strong><\/p>\n<p>La persona f\u00edsica a quien se refieren los Datos Personales.<\/p>\n<p><strong>Editor<\/strong><\/p>\n<p>Persona f\u00edsica o jur\u00eddica, autoridad p\u00fablica, agencia u otra entidad que procese datos personales por cuenta del responsable del tratamiento, de conformidad con lo dispuesto en esta pol\u00edtica de privacidad.<\/p>\n<p><strong>Detalles del administrador (u operador)<\/strong><\/p>\n<p>La persona f\u00edsica o jur\u00eddica, autoridad p\u00fablica, agencia u otra entidad que, sola o junto con otros, determina los fines y medios del procesamiento de datos personales, incluidas las medidas de seguridad para el funcionamiento y el uso del servicio SlashMyPrice. El administrador de los datos, salvo que se indique lo contrario, es el operador del sitio web (SlashMyPrice).<\/p>\n<p><strong>SlashMyPrice (o esta aplicaci\u00f3n)<\/strong><\/p>\n<p>Podmiot zbieraj\u0105cy i przetwarzaj\u0105cy Dane Osobowe U\u017cytkownik\u00f3w.<\/p>\n<p><strong>Trabajar<\/strong><\/p>\n<p>Servicio prestado por el sitio web (SlashMyPrice) de acuerdo con las condiciones establecidas en la normativa aplicable a este sitio web (si est\u00e1 disponible) y en este sitio web\/aplicaci\u00f3n.<\/p>\n<p><strong>Uni\u00f3n Europea (o UE)<\/strong><\/p>\n<p>A menos que se indique lo contrario, todas las referencias a la Uni\u00f3n Europea en este documento incluyen todos los estados miembros actuales de la Uni\u00f3n Europea y el Espacio Econ\u00f3mico Europeo.<\/p>\n<p><strong>Galleta<\/strong><\/p>\n<p>Las cookies son m\u00f3dulos de seguimiento que consisten en peque\u00f1os conjuntos de datos almacenados en el navegador del usuario.<\/p>\n<p><strong>Abstracto<\/strong><\/p>\n<p>Un rastreador es cualquier tecnolog\u00eda (como cookies, identificadores \u00fanicos, balizas web, scripts integrados, etiquetas electr\u00f3nicas y huellas dactilares) que permite el seguimiento de los usuarios, por ejemplo, utilizando informaci\u00f3n en el dispositivo del usuario o almacenando cierta informaci\u00f3n.<\/p>\n<p><strong>Avisos legales<\/strong><\/p>\n<p>O ile w niniejszym dokumencie nie wskazano inaczej, niniejsza polityka prywatno\u015bci dotyczy wy\u0142\u0105cznie serwisu internetowego (SlashMyPrice).<\/p>\n","protected":false},"excerpt":{"rendered":"<p>Pol\u00edtica de Cookies Slashmyprice.com\/es Este documento informa a los usuarios sobre las tecnolog\u00edas que ayudan al sitio web (SlashMyPrice) a lograr los objetivos que se describen a continuaci\u00f3n. Estas tecnolog\u00edas permiten al Operador acceder y almacenar informaci\u00f3n (por ejemplo, mediante el uso de un archivo Cookie) o utilizar recursos (por ejemplo, ejecutando un script) ubicados [&hellip;]<\/p>\n","protected":false},"author":3,"featured_media":0,"parent":0,"menu_order":1,"comment_status":"closed","ping_status":"closed","template":"","meta":{"_acf_changed":false,"footnotes":""},"class_list":["post-7306","page","type-page","status-publish","hentry"],"acf":[],"yoast_head":"<!-- This site is optimized with the Yoast SEO plugin v27.1.1 - https:\/\/yoast.com\/product\/yoast-seo-wordpress\/ -->\n<title>Cookies Policy - SlashMyPrice<\/title>\n<meta name=\"robots\" content=\"index, follow, max-snippet:-1, max-image-preview:large, max-video-preview:-1\" \/>\n<link rel=\"canonical\" href=\"https:\/\/slashmyprice.com\/es\/cookies-policy\/\" \/>\n<meta property=\"og:locale\" content=\"en_US\" \/>\n<meta property=\"og:type\" content=\"article\" \/>\n<meta property=\"og:title\" content=\"Cookies Policy - SlashMyPrice\" \/>\n<meta property=\"og:description\" content=\"Pol\u00edtica de Cookies Slashmyprice.com\/es Este documento informa a los usuarios sobre las tecnolog\u00edas que ayudan al sitio web (SlashMyPrice) a lograr los objetivos que se describen a continuaci\u00f3n. Estas tecnolog\u00edas permiten al Operador acceder y almacenar informaci\u00f3n (por ejemplo, mediante el uso de un archivo Cookie) o utilizar recursos (por ejemplo, ejecutando un script) ubicados [&hellip;]\" \/>\n<meta property=\"og:url\" content=\"https:\/\/slashmyprice.com\/es\/cookies-policy\/\" \/>\n<meta property=\"og:site_name\" content=\"SlashMyPrice\" \/>\n<meta property=\"article:modified_time\" content=\"2024-08-21T09:28:39+00:00\" \/>\n<meta name=\"twitter:card\" content=\"summary_large_image\" \/>\n<meta name=\"twitter:label1\" content=\"Est. reading time\" \/>\n\t<meta name=\"twitter:data1\" content=\"7 minutes\" \/>\n<script type=\"application\/ld+json\" class=\"yoast-schema-graph\">{\"@context\":\"https:\/\/schema.org\",\"@graph\":[{\"@type\":\"WebPage\",\"@id\":\"https:\/\/slashmyprice.com\/es\/cookies-policy\/\",\"url\":\"https:\/\/slashmyprice.com\/es\/cookies-policy\/\",\"name\":\"Cookies Policy - SlashMyPrice\",\"isPartOf\":{\"@id\":\"https:\/\/slashmyprice.com\/es\/#website\"},\"datePublished\":\"2024-08-21T09:15:50+00:00\",\"dateModified\":\"2024-08-21T09:28:39+00:00\",\"breadcrumb\":{\"@id\":\"https:\/\/slashmyprice.com\/es\/cookies-policy\/#breadcrumb\"},\"inLanguage\":\"en-US\",\"potentialAction\":[{\"@type\":\"ReadAction\",\"target\":[\"https:\/\/slashmyprice.com\/es\/cookies-policy\/\"]}]},{\"@type\":\"BreadcrumbList\",\"@id\":\"https:\/\/slashmyprice.com\/es\/cookies-policy\/#breadcrumb\",\"itemListElement\":[{\"@type\":\"ListItem\",\"position\":1,\"name\":\"Home\",\"item\":\"https:\/\/slashmyprice.com\/es\/\"},{\"@type\":\"ListItem\",\"position\":2,\"name\":\"Cookies Policy\"}]},{\"@type\":\"WebSite\",\"@id\":\"https:\/\/slashmyprice.com\/es\/#website\",\"url\":\"https:\/\/slashmyprice.com\/es\/\",\"name\":\"SlashMyPrice\",\"description\":\"SlashMyPrice\",\"potentialAction\":[{\"@type\":\"SearchAction\",\"target\":{\"@type\":\"EntryPoint\",\"urlTemplate\":\"https:\/\/slashmyprice.com\/es\/?s={search_term_string}\"},\"query-input\":{\"@type\":\"PropertyValueSpecification\",\"valueRequired\":true,\"valueName\":\"search_term_string\"}}],\"inLanguage\":\"en-US\"}]}<\/script>\n<!-- \/ Yoast SEO plugin. -->","yoast_head_json":{"title":"Cookies Policy - SlashMyPrice","robots":{"index":"index","follow":"follow","max-snippet":"max-snippet:-1","max-image-preview":"max-image-preview:large","max-video-preview":"max-video-preview:-1"},"canonical":"https:\/\/slashmyprice.com\/es\/cookies-policy\/","og_locale":"en_US","og_type":"article","og_title":"Cookies Policy - SlashMyPrice","og_description":"Pol\u00edtica de Cookies Slashmyprice.com\/es Este documento informa a los usuarios sobre las tecnolog\u00edas que ayudan al sitio web (SlashMyPrice) a lograr los objetivos que se describen a continuaci\u00f3n. Estas tecnolog\u00edas permiten al Operador acceder y almacenar informaci\u00f3n (por ejemplo, mediante el uso de un archivo Cookie) o utilizar recursos (por ejemplo, ejecutando un script) ubicados [&hellip;]","og_url":"https:\/\/slashmyprice.com\/es\/cookies-policy\/","og_site_name":"SlashMyPrice","article_modified_time":"2024-08-21T09:28:39+00:00","twitter_card":"summary_large_image","twitter_misc":{"Est. reading time":"7 minutes"},"schema":{"@context":"https:\/\/schema.org","@graph":[{"@type":"WebPage","@id":"https:\/\/slashmyprice.com\/es\/cookies-policy\/","url":"https:\/\/slashmyprice.com\/es\/cookies-policy\/","name":"Cookies Policy - SlashMyPrice","isPartOf":{"@id":"https:\/\/slashmyprice.com\/es\/#website"},"datePublished":"2024-08-21T09:15:50+00:00","dateModified":"2024-08-21T09:28:39+00:00","breadcrumb":{"@id":"https:\/\/slashmyprice.com\/es\/cookies-policy\/#breadcrumb"},"inLanguage":"en-US","potentialAction":[{"@type":"ReadAction","target":["https:\/\/slashmyprice.com\/es\/cookies-policy\/"]}]},{"@type":"BreadcrumbList","@id":"https:\/\/slashmyprice.com\/es\/cookies-policy\/#breadcrumb","itemListElement":[{"@type":"ListItem","position":1,"name":"Home","item":"https:\/\/slashmyprice.com\/es\/"},{"@type":"ListItem","position":2,"name":"Cookies Policy"}]},{"@type":"WebSite","@id":"https:\/\/slashmyprice.com\/es\/#website","url":"https:\/\/slashmyprice.com\/es\/","name":"SlashMyPrice","description":"SlashMyPrice","potentialAction":[{"@type":"SearchAction","target":{"@type":"EntryPoint","urlTemplate":"https:\/\/slashmyprice.com\/es\/?s={search_term_string}"},"query-input":{"@type":"PropertyValueSpecification","valueRequired":true,"valueName":"search_term_string"}}],"inLanguage":"en-US"}]}},"_links":{"self":[{"href":"https:\/\/slashmyprice.com\/es\/wp-json\/wp\/v2\/pages\/7306","targetHints":{"allow":["GET"]}}],"collection":[{"href":"https:\/\/slashmyprice.com\/es\/wp-json\/wp\/v2\/pages"}],"about":[{"href":"https:\/\/slashmyprice.com\/es\/wp-json\/wp\/v2\/types\/page"}],"author":[{"embeddable":true,"href":"https:\/\/slashmyprice.com\/es\/wp-json\/wp\/v2\/users\/3"}],"replies":[{"embeddable":true,"href":"https:\/\/slashmyprice.com\/es\/wp-json\/wp\/v2\/comments?post=7306"}],"version-history":[{"count":3,"href":"https:\/\/slashmyprice.com\/es\/wp-json\/wp\/v2\/pages\/7306\/revisions"}],"predecessor-version":[{"id":7310,"href":"https:\/\/slashmyprice.com\/es\/wp-json\/wp\/v2\/pages\/7306\/revisions\/7310"}],"wp:attachment":[{"href":"https:\/\/slashmyprice.com\/es\/wp-json\/wp\/v2\/media?parent=7306"}],"curies":[{"name":"wp","href":"https:\/\/api.w.org\/{rel}","templated":true}]}}