{"id":5985,"date":"2024-04-26T12:10:15","date_gmt":"2024-04-26T12:10:15","guid":{"rendered":"https:\/\/slashmyprice.com\/es\/?page_id=5985"},"modified":"2024-04-26T12:10:15","modified_gmt":"2024-04-26T12:10:15","slug":"gdpr-policy","status":"publish","type":"page","link":"https:\/\/slashmyprice.com\/es\/gdpr-policy\/","title":{"rendered":"GDPR Policy"},"content":{"rendered":"<p><strong>SlashMyPrice GDPR Policy<\/strong><\/p>\n<p><strong>Colecci\u00f3n de informaci\u00f3n:<\/strong><\/p>\n<p>Recopilamos, procesamos y utilizamos informaci\u00f3n sobre usted cuando:<\/p>\n<ul>\n<li>Reg\u00edstrese para nuestros servicios.<\/li>\n<li>Interactuar con nuestros servicios.<\/li>\n<li>Con\u00e9ctese a nuestros Servicios a trav\u00e9s de terceros, incluidas cuentas de redes sociales, cuentas de correo electr\u00f3nico y socios comerciales (descritos en la Secci\u00f3n 3 a continuaci\u00f3n).<\/li>\n<li>Cont\u00e1ctenos para obtener ayuda.<\/li>\n<\/ul>\n<p>Recopilamos cierta informaci\u00f3n cuando interact\u00faa con nuestros Servicios en l\u00ednea. Tambi\u00e9n recopilamos autom\u00e1ticamente informaci\u00f3n sobre usted y su uso de los Servicios mediante el uso de procesos de registro, cookies, tecnolog\u00edas de identificaci\u00f3n de ubicaci\u00f3n y otras tecnolog\u00edas de seguimiento. Cierta informaci\u00f3n sobre usted es recopilada por terceros, incluso cuando se conecta a trav\u00e9s de un servicio de terceros o el sitio web de un socio comercial, o cuando la informaci\u00f3n es compartida por comerciantes y socios comerciales con quienes tambi\u00e9n ha interactuado.<\/p>\n<p><strong>Tipos de informaci\u00f3n que podemos recopilar<\/strong><\/p>\n<p>Los tipos de informaci\u00f3n que recopilamos sobre usted pueden incluir datos personales de los siguientes tipos:<\/p>\n<ul>\n<li>Identificadores que usted nos proporciona directamente, como su nombre y apellido, direcci\u00f3n postal, direcci\u00f3n de correo electr\u00f3nico, informaci\u00f3n fiscal (para ganadores de sorteos, concursos y promociones) y\/o n\u00famero de tel\u00e9fono.<\/li>\n<li>Identificadores recopilados a trav\u00e9s de su uso de los Servicios, tales como: identificadores \u00fanicos en l\u00ednea o de dispositivo, direcci\u00f3n IP, ID de dispositivo o sesi\u00f3n e informaci\u00f3n sobre la configuraci\u00f3n de su sistema (sistema operativo y versi\u00f3n), red y hardware conectado (por ejemplo, computadora o dispositivo m\u00f3vil). dispositivo, etc., proveedor de servicios inal\u00e1mbricos) y aplicaciones de software (por ejemplo, otras aplicaciones instaladas en su dispositivo m\u00f3vil).<\/li>\n<li>Informaci\u00f3n de registro del cliente, como nombre de la cuenta de pago, n\u00famero de cuenta de pago, fecha de vencimiento de la tarjeta de pago y direcci\u00f3n de facturaci\u00f3n.<\/li>\n<li>Caracter\u00edsticas de clasificaci\u00f3n protegidas, como su g\u00e9nero, edad, ingresos familiares, estado civil o su clasificaci\u00f3n en cualquier otra clasificaci\u00f3n protegida seg\u00fan la ley de California, solo en la medida en que nos proporcione dicha informaci\u00f3n como informaci\u00f3n demogr\u00e1fica en una respuesta a la encuesta que sea identificable. ese eres t\u00fa.<\/li>\n<li>Informaci\u00f3n comercial sobre usted, como por ejemplo: B. Registros de productos, tipos de productos, comerciantes, tipos de comerciantes, bienes o servicios que haya comprado, recibido o considerado, incluidos productos, comerciantes y cupones que busc\u00f3, vio o en los que hizo clic, agregados a Art\u00edculos del carrito, viajes de compras iniciados, viajes de compras iniciados, p\u00e1ginas de comerciantes visitadas a trav\u00e9s de nuestros Servicios, historial de transacciones relacionadas con nuestros Servicios, informaci\u00f3n de confirmaci\u00f3n de compra, reembolsos de efectivo acumulados, puntos de membres\u00eda de American Express y otras monedas de fidelidad.<\/li>\n<li>Internet y otras actividades de red, como su historial de navegaci\u00f3n y b\u00fasqueda y sus interacciones con nuestros sitios web y servicios, incluidos:<\/li>\n<li>Productos, cupones, ofertas o comerciantes que busca, en los que hace clic, agrega a sus favoritos y\/o ve, incluidos los clics que realiza en los sitios de comerciantes que visita.<\/li>\n<li>Marcas de fecha y hora asociadas con dicha navegaci\u00f3n, b\u00fasquedas y clics;<\/li>\n<li>Haga clic en transmitir datos, es decir H. los clics p\u00e1gina por p\u00e1gina que realiza mientras navega por nuestros Servicios, incluida la p\u00e1gina web visitada antes de acceder a nuestro sitio web;<\/li>\n<li>Preferencias locales para su uso de los Servicios. Informaci\u00f3n sensorial, como grabaciones de audio de su voz cuando llama a nuestros representantes de servicio al miembro, en la medida permitida por la ley aplicable;<\/li>\n<li>Informaci\u00f3n de inicio de sesi\u00f3n de la cuenta de miembro, incluido el nombre de usuario y la contrase\u00f1a; Y<\/li>\n<li>Inferencias sobre usted y sus probables preferencias, caracter\u00edsticas, comportamientos y actitudes a partir de cualquier informaci\u00f3n que recopilemos sobre usted, que no sea informaci\u00f3n &#8220;sensible&#8221;.<\/li>\n<\/ul>\n<p>En algunas jurisdicciones, ciertos tipos de informaci\u00f3n que recopilamos pueden considerarse informaci\u00f3n personal &#8220;sensible&#8221;, que incluye:<\/p>\n<ul>\n<li>Informaci\u00f3n demogr\u00e1fica como su sexo, edad, ingresos del hogar o estado civil, solo en la medida en que usted nos proporcione esa informaci\u00f3n como informaci\u00f3n demogr\u00e1fica en una respuesta de encuesta que sea identificable para usted.<\/li>\n<li>Datos precisos de geolocalizaci\u00f3n, si has configurado tu dispositivo para compartir esta informaci\u00f3n con nosotros.<\/li>\n<\/ul>\n<p>Tenga en cuenta que solo utilizamos esta informaci\u00f3n confidencial para brindarle los Servicios y no recopilamos, usamos ni divulgamos esta informaci\u00f3n confidencial para sacar conclusiones sobre sus caracter\u00edsticas personales. No \u201cvendemos\u201d ni \u201ccompartimos\u201d informaci\u00f3n personal confidencial ni utilizamos informaci\u00f3n confidencial para \u201cpublicidad dirigida\u201d, tal como se definen esos t\u00e9rminos en las leyes de EE.UU. leyes estatales de privacidad.<\/p>\n<p><strong>Uso de la informaci\u00f3n que recopilamos<\/strong><\/p>\n<p>Utilizamos la informaci\u00f3n que recopilamos sobre usted para los siguientes fines comerciales y comerciales:<\/p>\n<p><strong>Para proporcionar nuestros servicios y administrar su cuenta, incluyendo:<\/strong><\/p>\n<ul>\n<li>Procesar su registro en nuestros Servicios, incluyendo verificar que su direcci\u00f3n de correo electr\u00f3nico est\u00e9 activa y v\u00e1lida e inscribirlo en nuestros programas.<\/li>\n<li>Administre su cuenta y sus preferencias de interacci\u00f3n, incluido el seguimiento de sus tiendas, comerciantes y ubicaciones preferidas favoritos, as\u00ed como su historial de transacciones.<\/li>\n<li>Enviarle avisos t\u00e9cnicos, actualizaciones, alertas de seguridad y mensajes administrativos.<\/li>\n<li>Brindar a los miembros servicios y soporte con respecto a su cuenta y responder a sus preguntas, comentarios y solicitudes.<\/li>\n<\/ul>\n<p><strong>Para personalizar y mejorar nuestros servicios.<\/strong><\/p>\n<p>Podemos utilizar la informaci\u00f3n que recopilamos sobre usted para crear un perfil de sus preferencias con el fin de personalizar el contenido de los Servicios para que sea m\u00e1s probable que sea de su inter\u00e9s. Por ejemplo, podemos utilizar sus tiendas m\u00e1s visitadas o su historial de compras para mostrar ofertas de tiendas similares en partes relevantes de los Servicios o para presentar ofertas especiales que puedan interesarle en todos nuestros Servicios, incluso en la tienda.<\/p>\n<p>Tambi\u00e9n podemos utilizar la informaci\u00f3n que recopilamos sobre usted para identificar tendencias de uso y realizar an\u00e1lisis estad\u00edsticos para mejorar nuestros servicios, sitios web, aplicaciones, esfuerzos de marketing y los productos y servicios de nuestros socios comerciales que recomendamos u ofrecemos, con el fin de proporcionarle un mejor servicio para usted en el futuro.<\/p>\n<p><strong>Para proporcionarle informaci\u00f3n de marketing.<\/strong><\/p>\n<p>La Compa\u00f1\u00eda puede utilizar la informaci\u00f3n que recopilamos sobre usted para brindarle ofertas m\u00e1s personalizadas, ofertas especiales, descuentos y\/u ofertas m\u00e1s relevantes de nuestros comerciantes participantes a trav\u00e9s de correo electr\u00f3nico y otras comunicaciones directas, as\u00ed como a trav\u00e9s de publicidad digital. Podemos utilizar su informaci\u00f3n para enviarle directamente por correo electr\u00f3nico boletines informativos, ofertas de recompensas, descuentos, c\u00f3digos promocionales, eventos e informaci\u00f3n general sobre los Servicios.<\/p>\n<p><strong>Para protegerlo a usted, a los dem\u00e1s y a nuestra empresa<\/strong><\/p>\n<p>Podemos utilizar la informaci\u00f3n recopilada para evaluar riesgos, investigar y limitar el fraude, el spam y otras actividades maliciosas en l\u00ednea en nuestros Servicios, y mejorar nuestras medidas de seguridad. Tambi\u00e9n podemos utilizar la informaci\u00f3n recopilada para hacer valer nuestros derechos legales o para defender nuestros derechos legales contra terceros.<\/p>\n<p><strong>Para cumplir con las leyes aplicables<\/strong><\/p>\n<p>Podemos utilizar la informaci\u00f3n que recopilamos sobre usted para cumplir con las leyes, normas, regulaciones y autoridades legales aplicables en cada regi\u00f3n geogr\u00e1fica en la que operamos.<\/p>\n<p><strong>Tus derechos de privacidad<\/strong><\/p>\n<p>Sujeto a ciertas excepciones, usted tiene ciertos derechos seg\u00fan la ley aplicable con respecto a su informaci\u00f3n personal.<\/p>\n<p><strong>Derecho al conocimiento y acceso<\/strong><\/p>\n<p>Tiene derecho a solicitar acceso a la informaci\u00f3n personal sobre usted que recopilamos, utilizamos, divulgamos con fines comerciales y vendemos o compartimos para publicidad multicontextual o dirigida, incluidos los fines para los que la utilizamos y las categor\u00edas de fuentes de del cual obtuvimos su informaci\u00f3n y las categor\u00edas de terceros con quienes hemos compartido sus datos. Tambi\u00e9n tiene derecho a solicitar acceso (obtener una copia de) la informaci\u00f3n personal espec\u00edfica que hemos recopilado sobre usted. (Tenga en cuenta que no compartimos ninguna informaci\u00f3n personal confidencial que podamos tener como parte de este tipo de solicitudes).<\/p>\n<p><strong>Derecho a solicitar la eliminaci\u00f3n<\/strong><\/p>\n<p>Tiene derecho a solicitar que eliminemos cualquier informaci\u00f3n personal que hayamos recopilado o almacenado sobre usted, sujeto a ciertas excepciones. Eliminaremos su informaci\u00f3n personal ante dicha solicitud, a menos que determinemos que necesitamos la informaci\u00f3n para un prop\u00f3sito comercial y tenemos el derecho legal de conservarla. En este caso le informaremos sobre esta excepci\u00f3n legal.<\/p>\n<p><strong>Derecho de rectificaci\u00f3n<\/strong><\/p>\n<p>Sujeto a ciertas excepciones, usted tiene derecho a solicitar que la Compa\u00f1\u00eda corrija cualquier informaci\u00f3n personal inexacta o incompleta que hayamos recopilado o mantenido sobre usted.<\/p>\n<p><strong>Derecho a la no discriminaci\u00f3n<\/strong><\/p>\n<p>No lo discriminaremos en el ejercicio de sus derechos. A menos que la ley aplicable permita lo contrario, si solicita conocer, acceder, corregir o eliminar su informaci\u00f3n, u optar por no participar en la venta o transferencia, no haremos nada de lo siguiente:<\/p>\n<ul>\n<li>Negarle bienes o servicios<\/li>\n<li>Cobrarle precios o tarifas diferentes por bienes o servicios, incluso brind\u00e1ndole descuentos u otros beneficios o imponiendo sanciones.<\/li>\n<li>Ofrecerle un nivel o calidad diferente de bienes o servicios, o sugerir que puede recibir un precio o tarifa diferente por bienes o servicios o<\/li>\n<li>Un nivel o calidad diferente de bienes o servicios.<\/li>\n<\/ul>\n<p><strong>Derecho de apelaci\u00f3n<\/strong><\/p>\n<p>Dependiendo de su estado de residencia, es posible que tenga derecho a apelar nuestra decisi\u00f3n con respecto a su solicitud de derechos de privacidad. Puede enviar una solicitud de objeci\u00f3n comunic\u00e1ndose con nosotros a <a href=\"mailto:contact@slashmyprice.com\">contact@slashmyprice.com<\/a>. Respondemos de acuerdo con la ley aplicable en su ubicaci\u00f3n.<\/p>\n<p><strong>Agentes<\/strong><\/p>\n<p>S\u00f3lo usted o alguien legalmente autorizado para actuar en su nombre puede realizar una solicitud de consumidor verificable relacionada con su informaci\u00f3n personal. Cualquier agente que realice una solicitud en su nombre, es posible que le solicitemos que proporcione pruebas de que ha autorizado a ese agente a realizar una solicitud en su nombre, y es posible que le solicitemos que verifique de forma independiente su identidad o que usted mismo inicie sesi\u00f3n en su cuenta para proporcionar acceso. c\u00f3digo.<\/p>\n<p><strong>Otra informaci\u00f3n<\/strong><\/p>\n<p>Seg\u00fan la ley de California, los residentes de California pueden solicitar detalles espec\u00edficos sobre c\u00f3mo se puede compartir su informaci\u00f3n con terceros con fines de marketing directo.<\/p>\n<p><strong>Informaci\u00f3n para menores<\/strong><\/p>\n<p>Este sitio y cualquier servicio relacionado est\u00e1n dirigidos a adultos mayores de 18 a\u00f1os, y no recopilamos, vendemos ni compartimos intencionalmente informaci\u00f3n personal de consumidores menores de 16 a\u00f1os sin autorizaci\u00f3n expresa o consentimiento parental verificable con cualquier persona menor de 13 a\u00f1os. edad.<\/p>\n<p><strong>Seguridad de informaci\u00f3n<\/strong><\/p>\n<p>Hemos implementado medidas t\u00e9cnicas y organizativas para garantizar un nivel de seguridad adecuado al riesgo de los datos personales que procesamos. El objetivo de estas medidas es mantener la integridad permanente y proteger la confidencialidad de los datos personales. Evaluamos peri\u00f3dicamente estas medidas para garantizar que contin\u00faan manteniendo y aplicando un nivel de seguridad adecuado.<\/p>\n<p><strong>Cambios a esta Pol\u00edtica de Privacidad<\/strong><\/p>\n<p>Esta Pol\u00edtica de Privacidad est\u00e1 vigente a partir de la Fecha de Entrada en Vigor especificada a continuaci\u00f3n. Nos reservamos el derecho de cambiar esta pol\u00edtica de privacidad de vez en cuando de acuerdo con las leyes y principios de protecci\u00f3n de datos aplicables y nuestras pr\u00e1cticas de datos personales. Si realizamos cambios en esta Pol\u00edtica de Privacidad, se lo notificaremos cambiando la fecha de esta Pol\u00edtica de Privacidad. En caso de un cambio sustancial, le proporcionaremos un aviso adicional (por ejemplo, agregando una declaraci\u00f3n en las p\u00e1ginas de inicio de nuestros Servicios o envi\u00e1ndole una notificaci\u00f3n por correo electr\u00f3nico).<\/p>\n<p><strong>Cont\u00e1ctenos<\/strong><\/p>\n<p>Si tiene alguna pregunta sobre esta pol\u00edtica de privacidad, no dude en contactarnos en <a href=\"mailto:contact@slashmyprice.com\">contact@slashmyprice.com<\/a><\/p>\n","protected":false},"excerpt":{"rendered":"<p>SlashMyPrice GDPR Policy Colecci\u00f3n de informaci\u00f3n: Recopilamos, procesamos y utilizamos informaci\u00f3n sobre usted cuando: Reg\u00edstrese para nuestros servicios. Interactuar con nuestros servicios. Con\u00e9ctese a nuestros Servicios a trav\u00e9s de terceros, incluidas cuentas de redes sociales, cuentas de correo electr\u00f3nico y socios comerciales (descritos en la Secci\u00f3n 3 a continuaci\u00f3n). Cont\u00e1ctenos para obtener ayuda. Recopilamos cierta [&hellip;]<\/p>\n","protected":false},"author":3,"featured_media":0,"parent":0,"menu_order":2,"comment_status":"closed","ping_status":"closed","template":"","meta":{"_acf_changed":false,"footnotes":""},"class_list":["post-5985","page","type-page","status-publish","hentry"],"acf":[],"yoast_head":"<!-- This site is optimized with the Yoast SEO plugin v27.1.1 - https:\/\/yoast.com\/product\/yoast-seo-wordpress\/ -->\n<title>GDPR Policy - SlashMyPrice<\/title>\n<meta name=\"robots\" content=\"index, follow, max-snippet:-1, max-image-preview:large, max-video-preview:-1\" \/>\n<link rel=\"canonical\" href=\"https:\/\/slashmyprice.com\/es\/gdpr-policy\/\" \/>\n<meta property=\"og:locale\" content=\"en_US\" \/>\n<meta property=\"og:type\" content=\"article\" \/>\n<meta property=\"og:title\" content=\"GDPR Policy - SlashMyPrice\" \/>\n<meta property=\"og:description\" content=\"SlashMyPrice GDPR Policy Colecci\u00f3n de informaci\u00f3n: Recopilamos, procesamos y utilizamos informaci\u00f3n sobre usted cuando: Reg\u00edstrese para nuestros servicios. Interactuar con nuestros servicios. Con\u00e9ctese a nuestros Servicios a trav\u00e9s de terceros, incluidas cuentas de redes sociales, cuentas de correo electr\u00f3nico y socios comerciales (descritos en la Secci\u00f3n 3 a continuaci\u00f3n). Cont\u00e1ctenos para obtener ayuda. Recopilamos cierta [&hellip;]\" \/>\n<meta property=\"og:url\" content=\"https:\/\/slashmyprice.com\/es\/gdpr-policy\/\" \/>\n<meta property=\"og:site_name\" content=\"SlashMyPrice\" \/>\n<meta name=\"twitter:card\" content=\"summary_large_image\" \/>\n<meta name=\"twitter:label1\" content=\"Est. reading time\" \/>\n\t<meta name=\"twitter:data1\" content=\"9 minutes\" \/>\n<script type=\"application\/ld+json\" class=\"yoast-schema-graph\">{\"@context\":\"https:\/\/schema.org\",\"@graph\":[{\"@type\":\"WebPage\",\"@id\":\"https:\/\/slashmyprice.com\/es\/gdpr-policy\/\",\"url\":\"https:\/\/slashmyprice.com\/es\/gdpr-policy\/\",\"name\":\"GDPR Policy - SlashMyPrice\",\"isPartOf\":{\"@id\":\"https:\/\/slashmyprice.com\/es\/#website\"},\"datePublished\":\"2024-04-26T12:10:15+00:00\",\"breadcrumb\":{\"@id\":\"https:\/\/slashmyprice.com\/es\/gdpr-policy\/#breadcrumb\"},\"inLanguage\":\"en-US\",\"potentialAction\":[{\"@type\":\"ReadAction\",\"target\":[\"https:\/\/slashmyprice.com\/es\/gdpr-policy\/\"]}]},{\"@type\":\"BreadcrumbList\",\"@id\":\"https:\/\/slashmyprice.com\/es\/gdpr-policy\/#breadcrumb\",\"itemListElement\":[{\"@type\":\"ListItem\",\"position\":1,\"name\":\"Home\",\"item\":\"https:\/\/slashmyprice.com\/es\/\"},{\"@type\":\"ListItem\",\"position\":2,\"name\":\"GDPR Policy\"}]},{\"@type\":\"WebSite\",\"@id\":\"https:\/\/slashmyprice.com\/es\/#website\",\"url\":\"https:\/\/slashmyprice.com\/es\/\",\"name\":\"SlashMyPrice\",\"description\":\"SlashMyPrice\",\"potentialAction\":[{\"@type\":\"SearchAction\",\"target\":{\"@type\":\"EntryPoint\",\"urlTemplate\":\"https:\/\/slashmyprice.com\/es\/?s={search_term_string}\"},\"query-input\":{\"@type\":\"PropertyValueSpecification\",\"valueRequired\":true,\"valueName\":\"search_term_string\"}}],\"inLanguage\":\"en-US\"}]}<\/script>\n<!-- \/ Yoast SEO plugin. -->","yoast_head_json":{"title":"GDPR Policy - SlashMyPrice","robots":{"index":"index","follow":"follow","max-snippet":"max-snippet:-1","max-image-preview":"max-image-preview:large","max-video-preview":"max-video-preview:-1"},"canonical":"https:\/\/slashmyprice.com\/es\/gdpr-policy\/","og_locale":"en_US","og_type":"article","og_title":"GDPR Policy - SlashMyPrice","og_description":"SlashMyPrice GDPR Policy Colecci\u00f3n de informaci\u00f3n: Recopilamos, procesamos y utilizamos informaci\u00f3n sobre usted cuando: Reg\u00edstrese para nuestros servicios. Interactuar con nuestros servicios. Con\u00e9ctese a nuestros Servicios a trav\u00e9s de terceros, incluidas cuentas de redes sociales, cuentas de correo electr\u00f3nico y socios comerciales (descritos en la Secci\u00f3n 3 a continuaci\u00f3n). Cont\u00e1ctenos para obtener ayuda. Recopilamos cierta [&hellip;]","og_url":"https:\/\/slashmyprice.com\/es\/gdpr-policy\/","og_site_name":"SlashMyPrice","twitter_card":"summary_large_image","twitter_misc":{"Est. reading time":"9 minutes"},"schema":{"@context":"https:\/\/schema.org","@graph":[{"@type":"WebPage","@id":"https:\/\/slashmyprice.com\/es\/gdpr-policy\/","url":"https:\/\/slashmyprice.com\/es\/gdpr-policy\/","name":"GDPR Policy - SlashMyPrice","isPartOf":{"@id":"https:\/\/slashmyprice.com\/es\/#website"},"datePublished":"2024-04-26T12:10:15+00:00","breadcrumb":{"@id":"https:\/\/slashmyprice.com\/es\/gdpr-policy\/#breadcrumb"},"inLanguage":"en-US","potentialAction":[{"@type":"ReadAction","target":["https:\/\/slashmyprice.com\/es\/gdpr-policy\/"]}]},{"@type":"BreadcrumbList","@id":"https:\/\/slashmyprice.com\/es\/gdpr-policy\/#breadcrumb","itemListElement":[{"@type":"ListItem","position":1,"name":"Home","item":"https:\/\/slashmyprice.com\/es\/"},{"@type":"ListItem","position":2,"name":"GDPR Policy"}]},{"@type":"WebSite","@id":"https:\/\/slashmyprice.com\/es\/#website","url":"https:\/\/slashmyprice.com\/es\/","name":"SlashMyPrice","description":"SlashMyPrice","potentialAction":[{"@type":"SearchAction","target":{"@type":"EntryPoint","urlTemplate":"https:\/\/slashmyprice.com\/es\/?s={search_term_string}"},"query-input":{"@type":"PropertyValueSpecification","valueRequired":true,"valueName":"search_term_string"}}],"inLanguage":"en-US"}]}},"_links":{"self":[{"href":"https:\/\/slashmyprice.com\/es\/wp-json\/wp\/v2\/pages\/5985","targetHints":{"allow":["GET"]}}],"collection":[{"href":"https:\/\/slashmyprice.com\/es\/wp-json\/wp\/v2\/pages"}],"about":[{"href":"https:\/\/slashmyprice.com\/es\/wp-json\/wp\/v2\/types\/page"}],"author":[{"embeddable":true,"href":"https:\/\/slashmyprice.com\/es\/wp-json\/wp\/v2\/users\/3"}],"replies":[{"embeddable":true,"href":"https:\/\/slashmyprice.com\/es\/wp-json\/wp\/v2\/comments?post=5985"}],"version-history":[{"count":1,"href":"https:\/\/slashmyprice.com\/es\/wp-json\/wp\/v2\/pages\/5985\/revisions"}],"predecessor-version":[{"id":5986,"href":"https:\/\/slashmyprice.com\/es\/wp-json\/wp\/v2\/pages\/5985\/revisions\/5986"}],"wp:attachment":[{"href":"https:\/\/slashmyprice.com\/es\/wp-json\/wp\/v2\/media?parent=5985"}],"curies":[{"name":"wp","href":"https:\/\/api.w.org\/{rel}","templated":true}]}}