{"id":204,"date":"2022-08-24T14:03:23","date_gmt":"2022-08-24T14:03:23","guid":{"rendered":"https:\/\/slashmyprice.com\/es\/?page_id=204"},"modified":"2025-04-17T07:13:04","modified_gmt":"2025-04-17T07:13:04","slug":"imprimir","status":"publish","type":"page","link":"https:\/\/slashmyprice.com\/es\/imprimir\/","title":{"rendered":"Imprimir"},"content":{"rendered":"<p><b>Affilito<br \/>\n<\/b>Address: <a>44C, Khalid Commercial, Lane 1, Phase 7 Ext, DHA, Karachi. Pakistan. 75500.<\/a><\/p>\n<p><strong>Contacto:<\/strong><\/p>\n<p><strong>Consultas sobre vales y campa\u00f1as de descuentos:<\/strong> +92 334 3109895<br \/>\n<strong>Preguntas sobre oportunidades de cooperaci\u00f3n:<\/strong> +92 334 3109895<br \/>\n<strong>Fax:<\/strong> +92 334 3109895<\/p>\n<p><strong>Correo electr\u00f3nico:<\/strong> <a href=\"mailto:contact@slashmyprice.com\">contact@slashmyprice.com<\/a><br \/>\n<strong>Sitio web:<\/strong> <a href=\"https:\/\/slashmyprice.com\/es\/\">https:\/\/slashmyprice.com\/es\/<\/a><\/p>\n<p>Puede comunicarse con nuestro responsable de protecci\u00f3n de datos, Oliver Peters, por correo postal en Affilito \u2013 <a>44C, Khalid Commercial, Lane 1, Phase 7 Ext, DHA, Karachi. Pakistan. 75500.<\/a> o por correo electr\u00f3nico a <a href=\"mailto:contact@slashmyprice.com\">contact@slashmyprice.com<\/a><\/p>\n<p><strong>Tenga en cuenta lo siguiente:<\/strong><\/p>\n<p>\u00a1Precio Reducido no es una tienda online! Esto significa que no puede realizar pedidos, reservar ni comprar nada con nosotros. S\u00f3lo ofrecemos vales y c\u00f3digos de descuento con los que podr\u00e1 ahorrar de forma gratuita al realizar el pedido en la tienda online correspondiente. Por lo tanto, no podemos proporcionarle ninguna informaci\u00f3n sobre su pedido, reserva o estado de env\u00edo. P\u00f3ngase en contacto con la tienda en l\u00ednea correspondiente desde la que realiz\u00f3 el pedido.<\/p>\n<p><strong>T\u00e9rminos de uso\/Descargo de responsabilidad<\/strong><\/p>\n<p>Las ofertas y enlaces a los respectivos organizadores y empresas se realizan seg\u00fan nuestro leal saber y entender. Sin embargo, no se acepta ninguna responsabilidad por errores o equivocaciones. Como proveedor de servicios, somos<br \/>\nResponsable de nuestros propios contenidos en estas p\u00e1ginas de acuerdo con las leyes generales de conformidad con el art\u00edculo 7, apartado 1 de la TMG.<br \/>\nSin embargo, seg\u00fan los art\u00edculos 8 a 10 de la TMG, como proveedor de servicios no estamos obligados a controlar la informaci\u00f3n de terceros transmitida o almacenada ni a investigar circunstancias que indiquen una actividad ilegal. Las obligaciones de eliminar o bloquear el uso de informaci\u00f3n de acuerdo con la ley general no se ver\u00e1n afectadas. Sin embargo, la responsabilidad a este respecto s\u00f3lo es posible a partir del momento en que se tiene conocimiento de una infracci\u00f3n legal concreta. Si tenemos conocimiento de alguna infracci\u00f3n legal correspondiente, eliminaremos inmediatamente este contenido. Las ofertas s\u00f3lo son v\u00e1lidas hasta agotar existencias y no hay derecho a ellas.<\/p>\n<p>Nuestra oferta contiene enlaces a sitios web externos de terceros sobre cuyo contenido no tenemos ninguna influencia. Por lo tanto, no podemos asumir ninguna responsabilidad por este contenido externo. El respectivo proveedor u operador de las p\u00e1ginas es siempre responsable del contenido de las p\u00e1ginas enlazadas. En el momento de la vinculaci\u00f3n se comprobaron las p\u00e1ginas enlazadas para detectar posibles infracciones legales. El contenido ilegal no era evidente en el momento del enlace. Sin embargo, un control permanente del contenido de las p\u00e1ginas enlazadas no es razonable sin pruebas concretas de una infracci\u00f3n legal. Si tenemos conocimiento de alguna infracci\u00f3n legal, eliminaremos inmediatamente dichos enlaces.<\/p>\n","protected":false},"excerpt":{"rendered":"<p>Affilito Address: 44C, Khalid Commercial, Lane 1, Phase 7 Ext, DHA, Karachi. Pakistan. 75500. Contacto: Consultas sobre vales y campa\u00f1as de descuentos: +92 334 3109895 Preguntas sobre oportunidades de cooperaci\u00f3n: +92 334 3109895 Fax: +92 334 3109895 Correo electr\u00f3nico: contact@slashmyprice.com Sitio web: https:\/\/slashmyprice.com\/es\/ Puede comunicarse con nuestro responsable de protecci\u00f3n de datos, Oliver Peters, por [&hellip;]<\/p>\n","protected":false},"author":3,"featured_media":0,"parent":0,"menu_order":9,"comment_status":"closed","ping_status":"closed","template":"","meta":{"_acf_changed":false,"footnotes":""},"class_list":["post-204","page","type-page","status-publish","hentry"],"acf":[],"yoast_head":"<!-- This site is optimized with the Yoast SEO plugin v27.1.1 - https:\/\/yoast.com\/product\/yoast-seo-wordpress\/ -->\n<title>Imprimir - SlashMyPrice<\/title>\n<meta name=\"robots\" content=\"index, follow, max-snippet:-1, max-image-preview:large, max-video-preview:-1\" \/>\n<link rel=\"canonical\" href=\"https:\/\/slashmyprice.com\/es\/imprimir\/\" \/>\n<meta property=\"og:locale\" content=\"en_US\" \/>\n<meta property=\"og:type\" content=\"article\" \/>\n<meta property=\"og:title\" content=\"Imprimir - SlashMyPrice\" \/>\n<meta property=\"og:description\" content=\"Affilito Address: 44C, Khalid Commercial, Lane 1, Phase 7 Ext, DHA, Karachi. Pakistan. 75500. Contacto: Consultas sobre vales y campa\u00f1as de descuentos: +92 334 3109895 Preguntas sobre oportunidades de cooperaci\u00f3n: +92 334 3109895 Fax: +92 334 3109895 Correo electr\u00f3nico: contact@slashmyprice.com Sitio web: https:\/\/slashmyprice.com\/es\/ Puede comunicarse con nuestro responsable de protecci\u00f3n de datos, Oliver Peters, por [&hellip;]\" \/>\n<meta property=\"og:url\" content=\"https:\/\/slashmyprice.com\/es\/imprimir\/\" \/>\n<meta property=\"og:site_name\" content=\"SlashMyPrice\" \/>\n<meta property=\"article:modified_time\" content=\"2025-04-17T07:13:04+00:00\" \/>\n<meta name=\"twitter:card\" content=\"summary_large_image\" \/>\n<meta name=\"twitter:label1\" content=\"Est. reading time\" \/>\n\t<meta name=\"twitter:data1\" content=\"2 minutes\" \/>\n<script type=\"application\/ld+json\" class=\"yoast-schema-graph\">{\"@context\":\"https:\/\/schema.org\",\"@graph\":[{\"@type\":\"WebPage\",\"@id\":\"https:\/\/slashmyprice.com\/es\/imprimir\/\",\"url\":\"https:\/\/slashmyprice.com\/es\/imprimir\/\",\"name\":\"Imprimir - SlashMyPrice\",\"isPartOf\":{\"@id\":\"https:\/\/slashmyprice.com\/es\/#website\"},\"datePublished\":\"2022-08-24T14:03:23+00:00\",\"dateModified\":\"2025-04-17T07:13:04+00:00\",\"breadcrumb\":{\"@id\":\"https:\/\/slashmyprice.com\/es\/imprimir\/#breadcrumb\"},\"inLanguage\":\"en-US\",\"potentialAction\":[{\"@type\":\"ReadAction\",\"target\":[\"https:\/\/slashmyprice.com\/es\/imprimir\/\"]}]},{\"@type\":\"BreadcrumbList\",\"@id\":\"https:\/\/slashmyprice.com\/es\/imprimir\/#breadcrumb\",\"itemListElement\":[{\"@type\":\"ListItem\",\"position\":1,\"name\":\"Home\",\"item\":\"https:\/\/slashmyprice.com\/es\/\"},{\"@type\":\"ListItem\",\"position\":2,\"name\":\"Imprimir\"}]},{\"@type\":\"WebSite\",\"@id\":\"https:\/\/slashmyprice.com\/es\/#website\",\"url\":\"https:\/\/slashmyprice.com\/es\/\",\"name\":\"SlashMyPrice\",\"description\":\"SlashMyPrice\",\"potentialAction\":[{\"@type\":\"SearchAction\",\"target\":{\"@type\":\"EntryPoint\",\"urlTemplate\":\"https:\/\/slashmyprice.com\/es\/?s={search_term_string}\"},\"query-input\":{\"@type\":\"PropertyValueSpecification\",\"valueRequired\":true,\"valueName\":\"search_term_string\"}}],\"inLanguage\":\"en-US\"}]}<\/script>\n<!-- \/ Yoast SEO plugin. -->","yoast_head_json":{"title":"Imprimir - SlashMyPrice","robots":{"index":"index","follow":"follow","max-snippet":"max-snippet:-1","max-image-preview":"max-image-preview:large","max-video-preview":"max-video-preview:-1"},"canonical":"https:\/\/slashmyprice.com\/es\/imprimir\/","og_locale":"en_US","og_type":"article","og_title":"Imprimir - SlashMyPrice","og_description":"Affilito Address: 44C, Khalid Commercial, Lane 1, Phase 7 Ext, DHA, Karachi. Pakistan. 75500. Contacto: Consultas sobre vales y campa\u00f1as de descuentos: +92 334 3109895 Preguntas sobre oportunidades de cooperaci\u00f3n: +92 334 3109895 Fax: +92 334 3109895 Correo electr\u00f3nico: contact@slashmyprice.com Sitio web: https:\/\/slashmyprice.com\/es\/ Puede comunicarse con nuestro responsable de protecci\u00f3n de datos, Oliver Peters, por [&hellip;]","og_url":"https:\/\/slashmyprice.com\/es\/imprimir\/","og_site_name":"SlashMyPrice","article_modified_time":"2025-04-17T07:13:04+00:00","twitter_card":"summary_large_image","twitter_misc":{"Est. reading time":"2 minutes"},"schema":{"@context":"https:\/\/schema.org","@graph":[{"@type":"WebPage","@id":"https:\/\/slashmyprice.com\/es\/imprimir\/","url":"https:\/\/slashmyprice.com\/es\/imprimir\/","name":"Imprimir - SlashMyPrice","isPartOf":{"@id":"https:\/\/slashmyprice.com\/es\/#website"},"datePublished":"2022-08-24T14:03:23+00:00","dateModified":"2025-04-17T07:13:04+00:00","breadcrumb":{"@id":"https:\/\/slashmyprice.com\/es\/imprimir\/#breadcrumb"},"inLanguage":"en-US","potentialAction":[{"@type":"ReadAction","target":["https:\/\/slashmyprice.com\/es\/imprimir\/"]}]},{"@type":"BreadcrumbList","@id":"https:\/\/slashmyprice.com\/es\/imprimir\/#breadcrumb","itemListElement":[{"@type":"ListItem","position":1,"name":"Home","item":"https:\/\/slashmyprice.com\/es\/"},{"@type":"ListItem","position":2,"name":"Imprimir"}]},{"@type":"WebSite","@id":"https:\/\/slashmyprice.com\/es\/#website","url":"https:\/\/slashmyprice.com\/es\/","name":"SlashMyPrice","description":"SlashMyPrice","potentialAction":[{"@type":"SearchAction","target":{"@type":"EntryPoint","urlTemplate":"https:\/\/slashmyprice.com\/es\/?s={search_term_string}"},"query-input":{"@type":"PropertyValueSpecification","valueRequired":true,"valueName":"search_term_string"}}],"inLanguage":"en-US"}]}},"_links":{"self":[{"href":"https:\/\/slashmyprice.com\/es\/wp-json\/wp\/v2\/pages\/204","targetHints":{"allow":["GET"]}}],"collection":[{"href":"https:\/\/slashmyprice.com\/es\/wp-json\/wp\/v2\/pages"}],"about":[{"href":"https:\/\/slashmyprice.com\/es\/wp-json\/wp\/v2\/types\/page"}],"author":[{"embeddable":true,"href":"https:\/\/slashmyprice.com\/es\/wp-json\/wp\/v2\/users\/3"}],"replies":[{"embeddable":true,"href":"https:\/\/slashmyprice.com\/es\/wp-json\/wp\/v2\/comments?post=204"}],"version-history":[{"count":18,"href":"https:\/\/slashmyprice.com\/es\/wp-json\/wp\/v2\/pages\/204\/revisions"}],"predecessor-version":[{"id":11041,"href":"https:\/\/slashmyprice.com\/es\/wp-json\/wp\/v2\/pages\/204\/revisions\/11041"}],"wp:attachment":[{"href":"https:\/\/slashmyprice.com\/es\/wp-json\/wp\/v2\/media?parent=204"}],"curies":[{"name":"wp","href":"https:\/\/api.w.org\/{rel}","templated":true}]}}