{"id":204,"date":"2022-08-24T14:03:23","date_gmt":"2022-08-24T14:03:23","guid":{"rendered":"https:\/\/slashmyprice.com\/de\/?page_id=204"},"modified":"2025-08-29T07:34:24","modified_gmt":"2025-08-29T07:34:24","slug":"impressum","status":"publish","type":"page","link":"https:\/\/slashmyprice.com\/de\/impressum\/","title":{"rendered":"Impressum"},"content":{"rendered":"<p><b>Affilito<br \/>\n<\/b>Address: <a>44C, Khalid Commercial, Lane 1, Phase 7 Ext, DHA, Karachi. Pakistan. 75500.<\/a><\/p>\n<p><strong>Kommunikationsmanager:<\/strong> Bilal Ahmed<\/p>\n<p><strong>Kontakt:<\/strong><\/p>\n<p><strong>Fragen zu Gutscheinen und Rabattaktionen:<\/strong> +92 334 3109895<br \/>\n<strong>Fragen zu Kooperationsm\u00f6glichkeiten:<\/strong> +92 334 3109895<br \/>\n<strong>Fax:<\/strong> +92 334 3109895<\/p>\n<p><strong>Email:\u00a0<\/strong><a href=\"mailto:contact@slashmyprice.com\">contact@slashmyprice.com<\/a><br \/>\n<strong>Webseite: <\/strong><a href=\"https:\/\/slashmyprice.com\/de\/\">https:\/\/slashmyprice.com\/de\/<\/a><\/p>\n<p>Unseren Datenschutzbeauftragten Oliver Peters erreichen Sie postalisch unter Affilito \u2013<span style=\"font-weight: 400;\"> <a>44C, Khalid Commercial, Lane 1, Phase 7 Ext, DHA, Karachi. Pakistan. 75500.<\/a><\/span>\u00a0oder per E-Mail an <a href=\"mailto:contact@slashmyprice.com\">contact@slashmyprice.com<\/a><\/p>\n<p><strong>Bitte beachten Sie Folgendes:<\/strong><\/p>\n<p>Slashmyprice ist kein Online-Shop! Das bedeutet, dass Sie bei uns nichts bestellen, buchen oder kaufen k\u00f6nnen. Wir bieten ausschlie\u00dflich Gutscheine und Rabattcodes an, mit denen Sie bei Ihrer Bestellung im jeweiligen Online-Shop kostenlos sparen k\u00f6nnen. Daher k\u00f6nnen wir Ihnen bei Fragen zu Ihrer Bestellung, Buchung oder zum Versandstatus keine Auskunft geben. Bitte wenden Sie sich hierzu an den jeweiligen Online-Shop, bei dem Sie bestellt haben.<\/p>\n<p><strong>Nutzungsbedingungen\/Haftungsausschluss<\/strong><\/p>\n<p>Die Angebote und Links zu den jeweiligen Veranstaltern und Unternehmen erfolgen nach bestem Wissen und Gewissen. Dennoch kann f\u00fcr etwaige Fehler und Irrt\u00fcmer keine Haftung \u00fcbernommen werden. Als Dienstleister sind wir es<br \/>\nAls Verantwortlicher f\u00fcr eigene Inhalte auf diesen Seiten sind wir gem\u00e4\u00df \u00a7 7 Abs.1 TMG nach den allgemeinen Gesetzen verantwortlich.<br \/>\nNach \u00a7\u00a7 8 bis 10 TMG sind wir als Diensteanbieter jedoch nicht verpflichtet, \u00fcbermittelte oder gespeicherte fremde Informationen zu \u00fcberwachen oder nach Umst\u00e4nden zu forschen, die auf eine rechtswidrige T\u00e4tigkeit hinweisen. Verpflichtungen zur Entfernung oder Sperrung der Nutzung von Informationen nach den allgemeinen Gesetzen bleiben hiervon unber\u00fchrt. Eine diesbez\u00fcgliche Haftung ist jedoch erst ab dem Zeitpunkt der Kenntnis einer konkreten Rechtsverletzung m\u00f6glich. Bei Bekanntwerden von entsprechenden Rechtsverletzungen werden wir diese Inhalte umgehend entfernen. Die Angebote gelten nur solange der Vorrat reicht und es besteht kein Anspruch darauf.<\/p>\n<p>Unser Angebot enth\u00e4lt Links zu externen Webseiten Dritter, auf deren Inhalte wir keinen Einfluss haben. Deshalb k\u00f6nnen wir f\u00fcr diese fremden Inhalte auch keine Gew\u00e4hr \u00fcbernehmen. F\u00fcr die Inhalte der verlinkten Seiten ist stets der jeweilige Anbieter oder Betreiber der Seiten verantwortlich. Die verlinkten Seiten wurden zum Zeitpunkt der Verlinkung auf m\u00f6gliche Rechtsverst\u00f6\u00dfe \u00fcberpr\u00fcft. Rechtswidrige Inhalte waren zum Zeitpunkt der Verlinkung nicht erkennbar. Eine permanente inhaltliche Kontrolle der verlinkten Seiten ist jedoch ohne konkrete Anhaltspunkte einer Rechtsverletzung nicht zumutbar. Bei Bekanntwerden von Rechtsverst\u00f6\u00dfen werden wir derartige Links umgehend entfernen.<\/p>\n","protected":false},"excerpt":{"rendered":"<p>Affilito Address: 44C, Khalid Commercial, Lane 1, Phase 7 Ext, DHA, Karachi. Pakistan. 75500. Kommunikationsmanager: Bilal Ahmed Kontakt: Fragen zu Gutscheinen und Rabattaktionen: +92 334 3109895 Fragen zu Kooperationsm\u00f6glichkeiten: +92 334 3109895 Fax: +92 334 3109895 Email:\u00a0contact@slashmyprice.com Webseite: https:\/\/slashmyprice.com\/de\/ Unseren Datenschutzbeauftragten Oliver Peters erreichen Sie postalisch unter Affilito \u2013 44C, Khalid Commercial, Lane 1, Phase [&hellip;]<\/p>\n","protected":false},"author":3,"featured_media":0,"parent":0,"menu_order":7,"comment_status":"closed","ping_status":"closed","template":"","meta":{"_acf_changed":false,"footnotes":""},"class_list":["post-204","page","type-page","status-publish","hentry"],"acf":[],"yoast_head":"<!-- This site is optimized with the Yoast SEO plugin v27.1.1 - https:\/\/yoast.com\/product\/yoast-seo-wordpress\/ -->\n<title>Impressum - SlashMyPrice<\/title>\n<meta name=\"robots\" content=\"index, follow, max-snippet:-1, max-image-preview:large, max-video-preview:-1\" \/>\n<link rel=\"canonical\" href=\"https:\/\/slashmyprice.com\/de\/impressum\/\" \/>\n<meta property=\"og:locale\" content=\"en_US\" \/>\n<meta property=\"og:type\" content=\"article\" \/>\n<meta property=\"og:title\" content=\"Impressum - SlashMyPrice\" \/>\n<meta property=\"og:description\" content=\"Affilito Address: 44C, Khalid Commercial, Lane 1, Phase 7 Ext, DHA, Karachi. Pakistan. 75500. Kommunikationsmanager: Bilal Ahmed Kontakt: Fragen zu Gutscheinen und Rabattaktionen: +92 334 3109895 Fragen zu Kooperationsm\u00f6glichkeiten: +92 334 3109895 Fax: +92 334 3109895 Email:\u00a0contact@slashmyprice.com Webseite: https:\/\/slashmyprice.com\/de\/ Unseren Datenschutzbeauftragten Oliver Peters erreichen Sie postalisch unter Affilito \u2013 44C, Khalid Commercial, Lane 1, Phase [&hellip;]\" \/>\n<meta property=\"og:url\" content=\"https:\/\/slashmyprice.com\/de\/impressum\/\" \/>\n<meta property=\"og:site_name\" content=\"SlashMyPrice\" \/>\n<meta property=\"article:modified_time\" content=\"2025-08-29T07:34:24+00:00\" \/>\n<meta name=\"twitter:card\" content=\"summary_large_image\" \/>\n<meta name=\"twitter:label1\" content=\"Est. reading time\" \/>\n\t<meta name=\"twitter:data1\" content=\"2 minutes\" \/>\n<script type=\"application\/ld+json\" class=\"yoast-schema-graph\">{\"@context\":\"https:\/\/schema.org\",\"@graph\":[{\"@type\":\"WebPage\",\"@id\":\"https:\/\/slashmyprice.com\/de\/impressum\/\",\"url\":\"https:\/\/slashmyprice.com\/de\/impressum\/\",\"name\":\"Impressum - SlashMyPrice\",\"isPartOf\":{\"@id\":\"https:\/\/slashmyprice.com\/de\/#website\"},\"datePublished\":\"2022-08-24T14:03:23+00:00\",\"dateModified\":\"2025-08-29T07:34:24+00:00\",\"breadcrumb\":{\"@id\":\"https:\/\/slashmyprice.com\/de\/impressum\/#breadcrumb\"},\"inLanguage\":\"en-US\",\"potentialAction\":[{\"@type\":\"ReadAction\",\"target\":[\"https:\/\/slashmyprice.com\/de\/impressum\/\"]}]},{\"@type\":\"BreadcrumbList\",\"@id\":\"https:\/\/slashmyprice.com\/de\/impressum\/#breadcrumb\",\"itemListElement\":[{\"@type\":\"ListItem\",\"position\":1,\"name\":\"Home\",\"item\":\"https:\/\/slashmyprice.com\/de\/\"},{\"@type\":\"ListItem\",\"position\":2,\"name\":\"Impressum\"}]},{\"@type\":\"WebSite\",\"@id\":\"https:\/\/slashmyprice.com\/de\/#website\",\"url\":\"https:\/\/slashmyprice.com\/de\/\",\"name\":\"SlashMyPrice\",\"description\":\"SlashMyPrice\",\"potentialAction\":[{\"@type\":\"SearchAction\",\"target\":{\"@type\":\"EntryPoint\",\"urlTemplate\":\"https:\/\/slashmyprice.com\/de\/?s={search_term_string}\"},\"query-input\":{\"@type\":\"PropertyValueSpecification\",\"valueRequired\":true,\"valueName\":\"search_term_string\"}}],\"inLanguage\":\"en-US\"}]}<\/script>\n<!-- \/ Yoast SEO plugin. -->","yoast_head_json":{"title":"Impressum - SlashMyPrice","robots":{"index":"index","follow":"follow","max-snippet":"max-snippet:-1","max-image-preview":"max-image-preview:large","max-video-preview":"max-video-preview:-1"},"canonical":"https:\/\/slashmyprice.com\/de\/impressum\/","og_locale":"en_US","og_type":"article","og_title":"Impressum - SlashMyPrice","og_description":"Affilito Address: 44C, Khalid Commercial, Lane 1, Phase 7 Ext, DHA, Karachi. Pakistan. 75500. Kommunikationsmanager: Bilal Ahmed Kontakt: Fragen zu Gutscheinen und Rabattaktionen: +92 334 3109895 Fragen zu Kooperationsm\u00f6glichkeiten: +92 334 3109895 Fax: +92 334 3109895 Email:\u00a0contact@slashmyprice.com Webseite: https:\/\/slashmyprice.com\/de\/ Unseren Datenschutzbeauftragten Oliver Peters erreichen Sie postalisch unter Affilito \u2013 44C, Khalid Commercial, Lane 1, Phase [&hellip;]","og_url":"https:\/\/slashmyprice.com\/de\/impressum\/","og_site_name":"SlashMyPrice","article_modified_time":"2025-08-29T07:34:24+00:00","twitter_card":"summary_large_image","twitter_misc":{"Est. reading time":"2 minutes"},"schema":{"@context":"https:\/\/schema.org","@graph":[{"@type":"WebPage","@id":"https:\/\/slashmyprice.com\/de\/impressum\/","url":"https:\/\/slashmyprice.com\/de\/impressum\/","name":"Impressum - SlashMyPrice","isPartOf":{"@id":"https:\/\/slashmyprice.com\/de\/#website"},"datePublished":"2022-08-24T14:03:23+00:00","dateModified":"2025-08-29T07:34:24+00:00","breadcrumb":{"@id":"https:\/\/slashmyprice.com\/de\/impressum\/#breadcrumb"},"inLanguage":"en-US","potentialAction":[{"@type":"ReadAction","target":["https:\/\/slashmyprice.com\/de\/impressum\/"]}]},{"@type":"BreadcrumbList","@id":"https:\/\/slashmyprice.com\/de\/impressum\/#breadcrumb","itemListElement":[{"@type":"ListItem","position":1,"name":"Home","item":"https:\/\/slashmyprice.com\/de\/"},{"@type":"ListItem","position":2,"name":"Impressum"}]},{"@type":"WebSite","@id":"https:\/\/slashmyprice.com\/de\/#website","url":"https:\/\/slashmyprice.com\/de\/","name":"SlashMyPrice","description":"SlashMyPrice","potentialAction":[{"@type":"SearchAction","target":{"@type":"EntryPoint","urlTemplate":"https:\/\/slashmyprice.com\/de\/?s={search_term_string}"},"query-input":{"@type":"PropertyValueSpecification","valueRequired":true,"valueName":"search_term_string"}}],"inLanguage":"en-US"}]}},"_links":{"self":[{"href":"https:\/\/slashmyprice.com\/de\/wp-json\/wp\/v2\/pages\/204","targetHints":{"allow":["GET"]}}],"collection":[{"href":"https:\/\/slashmyprice.com\/de\/wp-json\/wp\/v2\/pages"}],"about":[{"href":"https:\/\/slashmyprice.com\/de\/wp-json\/wp\/v2\/types\/page"}],"author":[{"embeddable":true,"href":"https:\/\/slashmyprice.com\/de\/wp-json\/wp\/v2\/users\/3"}],"replies":[{"embeddable":true,"href":"https:\/\/slashmyprice.com\/de\/wp-json\/wp\/v2\/comments?post=204"}],"version-history":[{"count":21,"href":"https:\/\/slashmyprice.com\/de\/wp-json\/wp\/v2\/pages\/204\/revisions"}],"predecessor-version":[{"id":19541,"href":"https:\/\/slashmyprice.com\/de\/wp-json\/wp\/v2\/pages\/204\/revisions\/19541"}],"wp:attachment":[{"href":"https:\/\/slashmyprice.com\/de\/wp-json\/wp\/v2\/media?parent=204"}],"curies":[{"name":"wp","href":"https:\/\/api.w.org\/{rel}","templated":true}]}}