{"id":14344,"date":"2024-08-21T07:13:20","date_gmt":"2024-08-21T07:13:20","guid":{"rendered":"https:\/\/slashmyprice.com\/de\/?page_id=14344"},"modified":"2024-08-21T07:18:05","modified_gmt":"2024-08-21T07:18:05","slug":"cookies-policy","status":"publish","type":"page","link":"https:\/\/slashmyprice.com\/de\/cookies-policy\/","title":{"rendered":"Cookies Policy"},"content":{"rendered":"<p><strong>Cookie-Richtlinie slashmyprice.com\/de<\/strong><\/p>\n<p>Dieses Dokument informiert Benutzer \u00fcber Technologien, die der Website (SlashMyPrice) helfen, die unten beschriebenen Ziele zu erreichen. Diese Technologien erm\u00f6glichen es dem Betreiber, bei der Interaktion mit der Website auf Informationen zuzugreifen und diese zu speichern (z. B. durch die Verwendung einer Cookie-Datei) oder Ressourcen zu nutzen (z. B. durch die Ausf\u00fchrung eines Skripts), die sich auf dem Ger\u00e4t des Benutzers befinden (SlashMyPrice).<\/p>\n<p>Der Einfachheit halber werden alle diese Technologien in diesem Dokument als \u201eTracker\u201c definiert \u2013 es sei denn, es gibt einen Grund, sie separat zu behandeln.<br \/>\nObwohl Cookies beispielsweise sowohl in Web- als auch in mobilen Browsern verwendet werden k\u00f6nnen, w\u00e4re es ungenau, \u00fcber Cookies im Zusammenhang mit mobilen Anwendungen zu sprechen, da es sich dabei um ein browserbasiertes Tracking-Tool handelt. Aus diesem Grund wird der Begriff \u201eCookie\u201c in diesem Dokument nur verwendet, um diesen speziellen Tracker-Typ eindeutig zu kennzeichnen.<\/p>\n<p>F\u00fcr einige Zwecke, f\u00fcr die Tracker eingesetzt werden, ist m\u00f6glicherweise auch Ihre Einwilligung erforderlich. In jedem Fall k\u00f6nnen Sie Ihre Einwilligung jederzeit widerrufen, indem Sie den Anweisungen in diesem Dokument folgen.<\/p>\n<p>SlashMyPrice nutzt direkt vom Betreiber verwaltete Tracker (sog. \u201eeigene\u201c Tracker) und Tracker, die die Nutzung von Diensten Dritter erm\u00f6glichen (sog. \u201eexterne\u201c Tracker). Sofern hierin nicht anders angegeben, k\u00f6nnen Drittanbieter auf die von ihnen verwalteten Tracker zugreifen.<br \/>\nDie G\u00fcltigkeits- und Ablauffristen von Cookies und anderen \u00e4hnlichen Trackern k\u00f6nnen je nach der vom jeweiligen Betreiber oder Lieferanten festgelegten G\u00fcltigkeitsdauer variieren. Einige von ihnen verfallen am Ende der Browsersitzung des Benutzers.<br \/>\nUngeachtet der in den Beschreibungen der einzelnen Kategorien unten enthaltenen Informationen k\u00f6nnen Benutzer unter angemessenen Vertraulichkeitsbedingungen genauere und aktuellere Informationen zu Lebensdauerspezifikationen sowie alle anderen relevanten Informationen \u2013 wie z. B. die Anwesenheit anderer Tracker \u2013 finden . Richtlinien der betreffenden Drittanbieter oder durch Kontaktaufnahme mit dem Betreiber.<\/p>\n<p>&nbsp;<\/p>\n<p><strong>Aktivit\u00e4ten, Die F\u00fcr Den Betrieb Der Website (SlashMyPrice) Und Die Bereitstellung Des Dienstes Unbedingt Erforderlich Sind<\/strong><\/p>\n<p>SlashMyPrice verwendet sogenannte \u201etechnische\u201c Cookies und andere \u00e4hnliche Tracker, um Aktivit\u00e4ten durchzuf\u00fchren, die f\u00fcr den Betrieb oder die Bereitstellung des Dienstes unbedingt erforderlich sind.<\/p>\n<p><strong>Externe Tracker<\/strong><\/p>\n<p><strong>Weitere Aktivit\u00e4ten im Zusammenhang mit der Verwendung von Trackern<\/strong><\/p>\n<p><strong>Ma\u00dfnahmen<\/strong><\/p>\n<p>SlashMyPrice verwendet Tracking-Module, um den Datenverkehr zu messen und das Nutzerverhalten zu analysieren, um die Funktionsweise der Website zu verbessern.<\/p>\n<p><strong>Marketing<\/strong><\/p>\n<p>SlashMyPrice nutzt Tracker, um personalisierte Marketinginhalte basierend auf dem Nutzerverhalten bereitzustellen und Werbung zu schalten, anzuzeigen und zu verfolgen.<\/p>\n<p><strong>Verwalten Sie Ihre Pr\u00e4ferenzen und geben Sie Ihre Einwilligung auf SlashMyPrice ab oder widerrufen Sie sie<\/strong><\/p>\n<p>Wenn die Nutzung von Trackern auf einer Einwilligung beruht, k\u00f6nnen Sie Ihre Einwilligung ausdr\u00fccken oder widerrufen, indem Sie Ihre Pr\u00e4ferenzen \u00fcber das entsprechende Datenschutzfenster auf SlashMyPrice festlegen oder \u00e4ndern.<\/p>\n<p>In Bezug auf Tracker von Drittanbietern k\u00f6nnen Benutzer ihre Pr\u00e4ferenzen verwalten, indem sie den zugeh\u00f6rigen Opt-out-Link (falls verf\u00fcgbar) verwenden, wie in der Datenschutzrichtlinie des Drittanbieters dargelegt, oder indem sie den jeweiligen Drittanbieter kontaktieren.<\/p>\n<p><strong>Steuern und l\u00f6schen Sie Cookies und \u00e4hnliche Technologien in Ihren Ger\u00e4teeinstellungen<\/strong><\/p>\n<p>In Ihren Browsereinstellungen k\u00f6nnen Sie:<\/p>\n<ul>\n<li>\u00dcberpr\u00fcfen Sie, welche Cookies und \u00e4hnliche Technologien auf Ihrem Ger\u00e4t gespeichert sind<\/li>\n<li>Cookies und \u00e4hnliche Technologien blockieren,<\/li>\n<li>Entfernen Sie Cookies und \u00e4hnliche Technologien aus Ihrem Browser.<\/li>\n<\/ul>\n<p>Eine detailliertere Steuerung durch die Zulassung bestimmter Dateikategorien in Ihren Browsereinstellungen ist jedoch nicht m\u00f6glich.<\/p>\n<p>Informationen zur Verwaltung von Cookies in den g\u00e4ngigsten Webbrowsern finden Nutzer beispielsweise unter den folgenden Adressen:<\/p>\n<ul>\n<li>GoogleChrome<\/li>\n<li>Mozilla Firefox<\/li>\n<li>Jab\u0142kowe Safari<\/li>\n<li>Przegl\u0105darka Microsoftu<\/li>\n<li>Microsoft Edge\u2019a<\/li>\n<li>Odwa\u017cny<\/li>\n<li>Opera<\/li>\n<\/ul>\n<p>Benutzer k\u00f6nnen auch bestimmte Kategorien von Trackern, die in mobilen Anwendungen verwendet werden, \u00fcber die entsprechenden Ger\u00e4teeinstellungen verwalten und ablehnen, z. B. \u00fcber die Einstellungen f\u00fcr mobile Werbung oder allgemeine Tracking-Einstellungen des Ger\u00e4ts (Benutzer k\u00f6nnen die Tracking-Einstellungen ihres Ger\u00e4ts \u00f6ffnen und die entsprechenden Einstellungen finden).<\/p>\n<p><strong>Deaktivieren Sie interessenbasierte Werbung<\/strong><\/p>\n<p>Ungeachtet des Vorstehenden k\u00f6nnen Benutzer Anweisungen von YourOnlineChoices (EU und Gro\u00dfbritannien), Network Advertising Initiative (USA) und Digital Advertising Alliance (USA), DAAC (Kanada), DDAI (Japan) oder anderen \u00e4hnlichen Diensten verwenden. Solche Initiativen erm\u00f6glichen es Benutzern, ihre Tracking-Pr\u00e4ferenzen f\u00fcr die meisten Werbetools auszuw\u00e4hlen. Der Betreiber empfiehlt daher den Nutzern, diese Ressourcen unabh\u00e4ngig von den in diesem Dokument enthaltenen Informationen zu nutzen.<\/p>\n<p>Die Digital Advertising Alliance bietet eine App namens AppChoices an, die Nutzern dabei hilft, interessenbasierte Werbung in mobilen Apps zu steuern.<\/p>\n<p><strong>Folgen einer Verweigerung der Genehmigung des Einsatzes von Trackern<\/strong><\/p>\n<p>Nutzer k\u00f6nnen frei entscheiden, ob sie den Einsatz von Trackern zulassen oder nicht. Bitte beachten Sie jedoch, dass Tracker der Website (SlashMyPrice) dabei helfen, Benutzern bessere Erlebnisse und erweiterte Funktionen zu bieten (in \u00dcbereinstimmung mit den in diesem Dokument dargelegten Zwecken). Wenn der Benutzer daher beschlie\u00dft, die Verwendung von Trackern zu sperren, kann der Betreiber m\u00f6glicherweise nicht in der Lage sein, die entsprechenden Funktionen bereitzustellen.<\/p>\n<p>Da die Verwendung von Trackern von Drittanbietern \u00fcber den Dienst (SlashMyPrice) nicht vollst\u00e4ndig vom Betreiber kontrolliert werden kann, sollte jeder spezifische Verweis auf Tracker von Drittanbietern als indikativ angesehen werden. Um vollst\u00e4ndige Informationen zu erhalten, wird Benutzern empfohlen, die Datenschutzrichtlinien der hier aufgef\u00fchrten relevanten Drittanbieterdienste zu konsultieren.<\/p>\n<p>Aufgrund der objektiven Komplexit\u00e4t von Tracking-Technologien empfehlen wir Benutzern, sich an den Betreiber zu wenden, wenn sie weitere Informationen \u00fcber die Nutzung dieser Technologien durch die Website erhalten m\u00f6chten (SlashMyPrice).<\/p>\n<p><strong>Definitionen und rechtliche Hinweise<\/strong><\/p>\n<p><strong>Pers\u00f6nliche Daten (oder Daten)<\/strong><\/p>\n<p>Alle Informationen, die direkt, indirekt oder in Kombination mit anderen Informationen \u2013 einschlie\u00dflich einer pers\u00f6nlichen Identifikationsnummer \u2013 die Identifizierung oder Identifizierung einer nat\u00fcrlichen Person erm\u00f6glichen.<\/p>\n<p><strong>Nutzungsdaten<\/strong><\/p>\n<p>Informationen, die automatisch \u00fcber die (SlashMyPrice)-Website (oder \u00fcber die auf der (SlashMyPrice)-Website genutzten Dienste Dritter) erfasst werden. Dazu k\u00f6nnen geh\u00f6ren: IP-Adressen oder Dom\u00e4nennamen von Computern, die von Benutzern verwendet werden, die die (SlashMyPrice)-Website nutzen, URI (Uniform Resource Identifier) \u200b\u200b\u200b\u200bAdressen), Zeitpunkt der Anfrage, Methode zum Senden der Anfrage an den Server, Gr\u00f6\u00dfe der als Antwort empfangenen Datei, numerischer Code, der den Status der Antwort vom Server angibt (erfolgreiches Ergebnis, Fehler usw.), Herkunftsland, die Eigenschaften des vom Benutzer verwendeten Browsers und Betriebssystems, die verschiedenen Informationen zur Besuchszeit (z. B. die auf jeder Seite der Anwendung verbrachte Zeit) und die Einzelheiten des innerhalb der Anwendung zur\u00fcckgelegten Weges, mit besonderem Schwerpunkt \u00fcber die Reihenfolge der besuchten Seiten sowie andere Parameter, die das Betriebssystem des Ger\u00e4ts oder die Computerumgebung des Benutzers betreffen.<\/p>\n<p><strong>Benutzer<\/strong><\/p>\n<p>Eine Person, die die Website nutzt (SlashMyPrice), die, sofern nicht anders angegeben, die betroffene Person ist.<\/p>\n<p><strong>Betroffene Person<\/strong><\/p>\n<p>Die nat\u00fcrliche Person, auf die sich die personenbezogenen Daten beziehen.<\/p>\n<p><strong>Editor<\/strong><\/p>\n<p>Nat\u00fcrliche oder juristische Person, Beh\u00f6rde, Einrichtung oder andere Stelle, die personenbezogene Daten im Auftrag des Verantwortlichen im Rahmen der Bestimmungen dieser Datenschutzerkl\u00e4rung verarbeitet.<\/p>\n<p><strong>Details zum Administrator (oder Betreiber).<\/strong><\/p>\n<p>Die nat\u00fcrliche oder juristische Person, Beh\u00f6rde, Einrichtung oder andere Stelle, die allein oder gemeinsam mit anderen \u00fcber die Zwecke und Mittel der Verarbeitung personenbezogener Daten entscheidet, einschlie\u00dflich der Sicherheitsma\u00dfnahmen f\u00fcr den Betrieb und die Nutzung des erm\u00e4\u00dfigten Dienstes. Sofern nicht anders angegeben, ist der Datenverwalter der Betreiber der Website (SlashMyPrice).<\/p>\n<p><strong>SlashMyPrice (oder diese Anwendung)<\/strong><\/p>\n<p>Podmiot zbieraj\u0105cy i przetwarzaj\u0105cy Dane Osobowe U\u017cytkownik\u00f3w.<\/p>\n<p><strong>Arbeiten<\/strong><\/p>\n<p>Von der Website bereitgestellter Service (SlashMyPrice) gem\u00e4\u00df den Bedingungen, die in den f\u00fcr diese Website geltenden Bestimmungen (falls verf\u00fcgbar) und in dieser Website\/Anwendung festgelegt sind.<\/p>\n<p><strong>Europ\u00e4ische Union (oder EU)<\/strong><\/p>\n<p>Sofern nicht anders angegeben, beziehen sich alle Verweise auf die Europ\u00e4ische Union in diesem Dokument auf alle derzeitigen Mitgliedstaaten der Europ\u00e4ischen Union und des Europ\u00e4ischen Wirtschaftsraums.<\/p>\n<p><strong>Keks<\/strong><\/p>\n<p>Cookies sind Tracking-Module, die aus kleinen Datenmengen bestehen, die im Browser des Benutzers gespeichert werden.<\/p>\n<p><strong>Abstrakt<\/strong><\/p>\n<p>Ein Tracker ist jede Technologie \u2013 wie Cookies, eindeutige Identifikatoren, Web-Beacons, eingebettete Skripte, E-Tags und Fingerabdr\u00fccke \u2013 die die Verfolgung von Benutzern erm\u00f6glicht, beispielsweise durch die Verwendung von Informationen auf dem Ger\u00e4t des Benutzers oder durch die Speicherung bestimmter Informationen.<\/p>\n<p><strong>Rechtliche Hinweise<\/strong><\/p>\n<p>Es handelt sich dabei um eine Dokumentation, die nicht in der Lage ist, Ihre Internetpr\u00e4senz zu nutzen (SlashMyPrice).<\/p>\n","protected":false},"excerpt":{"rendered":"<p>Cookie-Richtlinie slashmyprice.com\/de Dieses Dokument informiert Benutzer \u00fcber Technologien, die der Website (SlashMyPrice) helfen, die unten beschriebenen Ziele zu erreichen. Diese Technologien erm\u00f6glichen es dem Betreiber, bei der Interaktion mit der Website auf Informationen zuzugreifen und diese zu speichern (z. B. durch die Verwendung einer Cookie-Datei) oder Ressourcen zu nutzen (z. B. durch die Ausf\u00fchrung eines [&hellip;]<\/p>\n","protected":false},"author":3,"featured_media":0,"parent":0,"menu_order":0,"comment_status":"closed","ping_status":"closed","template":"","meta":{"_acf_changed":false,"footnotes":""},"class_list":["post-14344","page","type-page","status-publish","hentry"],"acf":[],"yoast_head":"<!-- This site is optimized with the Yoast SEO plugin v27.1.1 - https:\/\/yoast.com\/product\/yoast-seo-wordpress\/ -->\n<title>Cookies Policy - SlashMyPrice<\/title>\n<meta name=\"robots\" content=\"index, follow, max-snippet:-1, max-image-preview:large, max-video-preview:-1\" \/>\n<link rel=\"canonical\" href=\"https:\/\/slashmyprice.com\/de\/cookies-policy\/\" \/>\n<meta property=\"og:locale\" content=\"en_US\" \/>\n<meta property=\"og:type\" content=\"article\" \/>\n<meta property=\"og:title\" content=\"Cookies Policy - SlashMyPrice\" \/>\n<meta property=\"og:description\" content=\"Cookie-Richtlinie slashmyprice.com\/de Dieses Dokument informiert Benutzer \u00fcber Technologien, die der Website (SlashMyPrice) helfen, die unten beschriebenen Ziele zu erreichen. Diese Technologien erm\u00f6glichen es dem Betreiber, bei der Interaktion mit der Website auf Informationen zuzugreifen und diese zu speichern (z. B. durch die Verwendung einer Cookie-Datei) oder Ressourcen zu nutzen (z. B. durch die Ausf\u00fchrung eines [&hellip;]\" \/>\n<meta property=\"og:url\" content=\"https:\/\/slashmyprice.com\/de\/cookies-policy\/\" \/>\n<meta property=\"og:site_name\" content=\"SlashMyPrice\" \/>\n<meta property=\"article:modified_time\" content=\"2024-08-21T07:18:05+00:00\" \/>\n<meta name=\"twitter:card\" content=\"summary_large_image\" \/>\n<meta name=\"twitter:label1\" content=\"Est. reading time\" \/>\n\t<meta name=\"twitter:data1\" content=\"6 minutes\" \/>\n<script type=\"application\/ld+json\" class=\"yoast-schema-graph\">{\"@context\":\"https:\/\/schema.org\",\"@graph\":[{\"@type\":\"WebPage\",\"@id\":\"https:\/\/slashmyprice.com\/de\/cookies-policy\/\",\"url\":\"https:\/\/slashmyprice.com\/de\/cookies-policy\/\",\"name\":\"Cookies Policy - SlashMyPrice\",\"isPartOf\":{\"@id\":\"https:\/\/slashmyprice.com\/de\/#website\"},\"datePublished\":\"2024-08-21T07:13:20+00:00\",\"dateModified\":\"2024-08-21T07:18:05+00:00\",\"breadcrumb\":{\"@id\":\"https:\/\/slashmyprice.com\/de\/cookies-policy\/#breadcrumb\"},\"inLanguage\":\"en-US\",\"potentialAction\":[{\"@type\":\"ReadAction\",\"target\":[\"https:\/\/slashmyprice.com\/de\/cookies-policy\/\"]}]},{\"@type\":\"BreadcrumbList\",\"@id\":\"https:\/\/slashmyprice.com\/de\/cookies-policy\/#breadcrumb\",\"itemListElement\":[{\"@type\":\"ListItem\",\"position\":1,\"name\":\"Home\",\"item\":\"https:\/\/slashmyprice.com\/de\/\"},{\"@type\":\"ListItem\",\"position\":2,\"name\":\"Cookies Policy\"}]},{\"@type\":\"WebSite\",\"@id\":\"https:\/\/slashmyprice.com\/de\/#website\",\"url\":\"https:\/\/slashmyprice.com\/de\/\",\"name\":\"SlashMyPrice\",\"description\":\"SlashMyPrice\",\"potentialAction\":[{\"@type\":\"SearchAction\",\"target\":{\"@type\":\"EntryPoint\",\"urlTemplate\":\"https:\/\/slashmyprice.com\/de\/?s={search_term_string}\"},\"query-input\":{\"@type\":\"PropertyValueSpecification\",\"valueRequired\":true,\"valueName\":\"search_term_string\"}}],\"inLanguage\":\"en-US\"}]}<\/script>\n<!-- \/ Yoast SEO plugin. -->","yoast_head_json":{"title":"Cookies Policy - SlashMyPrice","robots":{"index":"index","follow":"follow","max-snippet":"max-snippet:-1","max-image-preview":"max-image-preview:large","max-video-preview":"max-video-preview:-1"},"canonical":"https:\/\/slashmyprice.com\/de\/cookies-policy\/","og_locale":"en_US","og_type":"article","og_title":"Cookies Policy - SlashMyPrice","og_description":"Cookie-Richtlinie slashmyprice.com\/de Dieses Dokument informiert Benutzer \u00fcber Technologien, die der Website (SlashMyPrice) helfen, die unten beschriebenen Ziele zu erreichen. Diese Technologien erm\u00f6glichen es dem Betreiber, bei der Interaktion mit der Website auf Informationen zuzugreifen und diese zu speichern (z. B. durch die Verwendung einer Cookie-Datei) oder Ressourcen zu nutzen (z. B. durch die Ausf\u00fchrung eines [&hellip;]","og_url":"https:\/\/slashmyprice.com\/de\/cookies-policy\/","og_site_name":"SlashMyPrice","article_modified_time":"2024-08-21T07:18:05+00:00","twitter_card":"summary_large_image","twitter_misc":{"Est. reading time":"6 minutes"},"schema":{"@context":"https:\/\/schema.org","@graph":[{"@type":"WebPage","@id":"https:\/\/slashmyprice.com\/de\/cookies-policy\/","url":"https:\/\/slashmyprice.com\/de\/cookies-policy\/","name":"Cookies Policy - SlashMyPrice","isPartOf":{"@id":"https:\/\/slashmyprice.com\/de\/#website"},"datePublished":"2024-08-21T07:13:20+00:00","dateModified":"2024-08-21T07:18:05+00:00","breadcrumb":{"@id":"https:\/\/slashmyprice.com\/de\/cookies-policy\/#breadcrumb"},"inLanguage":"en-US","potentialAction":[{"@type":"ReadAction","target":["https:\/\/slashmyprice.com\/de\/cookies-policy\/"]}]},{"@type":"BreadcrumbList","@id":"https:\/\/slashmyprice.com\/de\/cookies-policy\/#breadcrumb","itemListElement":[{"@type":"ListItem","position":1,"name":"Home","item":"https:\/\/slashmyprice.com\/de\/"},{"@type":"ListItem","position":2,"name":"Cookies Policy"}]},{"@type":"WebSite","@id":"https:\/\/slashmyprice.com\/de\/#website","url":"https:\/\/slashmyprice.com\/de\/","name":"SlashMyPrice","description":"SlashMyPrice","potentialAction":[{"@type":"SearchAction","target":{"@type":"EntryPoint","urlTemplate":"https:\/\/slashmyprice.com\/de\/?s={search_term_string}"},"query-input":{"@type":"PropertyValueSpecification","valueRequired":true,"valueName":"search_term_string"}}],"inLanguage":"en-US"}]}},"_links":{"self":[{"href":"https:\/\/slashmyprice.com\/de\/wp-json\/wp\/v2\/pages\/14344","targetHints":{"allow":["GET"]}}],"collection":[{"href":"https:\/\/slashmyprice.com\/de\/wp-json\/wp\/v2\/pages"}],"about":[{"href":"https:\/\/slashmyprice.com\/de\/wp-json\/wp\/v2\/types\/page"}],"author":[{"embeddable":true,"href":"https:\/\/slashmyprice.com\/de\/wp-json\/wp\/v2\/users\/3"}],"replies":[{"embeddable":true,"href":"https:\/\/slashmyprice.com\/de\/wp-json\/wp\/v2\/comments?post=14344"}],"version-history":[{"count":3,"href":"https:\/\/slashmyprice.com\/de\/wp-json\/wp\/v2\/pages\/14344\/revisions"}],"predecessor-version":[{"id":14348,"href":"https:\/\/slashmyprice.com\/de\/wp-json\/wp\/v2\/pages\/14344\/revisions\/14348"}],"wp:attachment":[{"href":"https:\/\/slashmyprice.com\/de\/wp-json\/wp\/v2\/media?parent=14344"}],"curies":[{"name":"wp","href":"https:\/\/api.w.org\/{rel}","templated":true}]}}