{"id":11529,"date":"2024-04-23T11:43:05","date_gmt":"2024-04-23T11:43:05","guid":{"rendered":"https:\/\/slashmyprice.com\/de\/?page_id=11529"},"modified":"2024-04-23T11:43:05","modified_gmt":"2024-04-23T11:43:05","slug":"gdpr-policy","status":"publish","type":"page","link":"https:\/\/slashmyprice.com\/de\/gdpr-policy\/","title":{"rendered":"GDPR Policy"},"content":{"rendered":"<section class=\"default-page-section\">\n<div class=\"container\">\n<p><strong>SlashMyPrice GDPR Policy<\/strong><\/p>\n<p>Sammlung von Informationen:<\/p>\n<p>Wir erheben, verarbeiten und nutzen Informationen \u00fcber Sie, wenn Sie:<\/p>\n<ul>\n<li>Registrieren Sie sich f\u00fcr unsere Dienstleistungen.<\/li>\n<li>Interagieren Sie mit unseren Diensten.<\/li>\n<li>Stellen Sie \u00fcber Dritte eine Verbindung zu unseren Diensten her, einschlie\u00dflich Social-Media-Konten, E-Mail-Konten und Gesch\u00e4ftspartnern (beschrieben in Abschnitt 3 unten).<\/li>\n<li>Kontaktieren Sie uns f\u00fcr Unterst\u00fctzung.<\/li>\n<\/ul>\n<p>Wir erfassen bestimmte Informationen, wenn Sie online mit unseren Diensten interagieren. Wir erfassen au\u00dferdem automatisch Informationen \u00fcber Sie und Ihre Nutzung der Dienste durch den Einsatz von Protokollprozessen, Cookies, Standortidentifizierungstechnologien und anderen Tracking-Technologien. Bestimmte Informationen \u00fcber Sie werden von Dritten erfasst, beispielsweise wenn Sie eine Verbindung \u00fcber einen Drittanbieterdienst oder die Website eines Gesch\u00e4ftspartners herstellen oder wenn Informationen von H\u00e4ndlern und Gesch\u00e4ftspartnern weitergegeben werden, mit denen Sie ebenfalls interagiert haben.<\/p>\n<p><strong>Arten von Informationen, die wir m\u00f6glicherweise sammeln<\/strong><\/p>\n<p>Die Arten von Informationen, die wir \u00fcber Sie sammeln, k\u00f6nnen personenbezogene Daten der folgenden Arten umfassen:<\/p>\n<ul>\n<li>Identifikatoren, die Sie uns direkt mitteilen, wie z. B. Ihr Vor- und Nachname, Ihre Postanschrift, E-Mail-Adresse, Steuerinformationen (f\u00fcr Gewinner von Gewinnspielen, Wettbewerben und Werbeaktionen) und\/oder Ihre Telefonnummer.<\/li>\n<li>Identifikatoren, die durch Ihre Nutzung der Dienste erfasst werden, wie z.\u00a0B. eindeutige Online- oder Ger\u00e4tekennungen, IP-Adresse, Ger\u00e4te- oder Sitzungs-IDs sowie Informationen \u00fcber Ihre Systemkonfiguration (Betriebssystem und Version), Netzwerk und verbundene Hardware (z. B. Computer oder Mobilger\u00e4t). Ger\u00e4t usw., Mobilfunkanbieter) und Softwareanwendungen (z. B. andere auf Ihrem Mobilger\u00e4t installierte Anwendungen).<\/li>\n<li>Kundendatensatzinformationen wie Zahlungskontoname, Zahlungskontonummer, Ablaufdatum der Zahlungskarte und Rechnungsadresse.<\/li>\n<li>Gesch\u00fctzte Klassifizierungsmerkmale wie Ihr Geschlecht, Alter, Haushaltseinkommen, Familienstand oder Ihre Einstufung in eine andere gesch\u00fctzte Klassifizierung nach kalifornischem Recht nur in dem Umfang, in dem Sie uns solche Informationen als demografische Informationen in einer identifizierbaren Umfrageantwort zur Verf\u00fcgung stellen zu dir.<\/li>\n<li>Kommerzielle Informationen \u00fcber Sie, wie z. B. Aufzeichnungen \u00fcber Produkte, Produkttypen, H\u00e4ndler, H\u00e4ndlertypen, Waren oder Dienstleistungen, die Sie gekauft, erhalten oder in Betracht gezogen haben, einschlie\u00dflich Produkte, H\u00e4ndler und Gutscheine, nach denen Sie gesucht, die Sie angesehen oder angeklickt oder denen Sie hinzugef\u00fcgt haben Warenkorbartikel, eingeleitete Einkaufsreisen, eingeleitete Einkaufsreisen, \u00fcber unsere Dienste besuchte H\u00e4ndlerseiten, Transaktionsverlauf im Zusammenhang mit unseren Diensten, Kaufbest\u00e4tigungsinformationen, angesammeltes Cashback, American Express-Mitgliedspunkte und andere Treuew\u00e4hrungen.<\/li>\n<li>Internet- und andere Netzwerkaktivit\u00e4ten, wie Ihr Browser- und Suchverlauf und Ihre Interaktionen mit unseren Websites und Diensten, einschlie\u00dflich:<\/li>\n<\/ul>\n<ul>\n<li>Produkte, Gutscheine, Angebote oder H\u00e4ndler, nach denen Sie suchen, die Sie anklicken, zu Ihren Favoriten hinzuf\u00fcgen und\/oder die Sie ansehen, einschlie\u00dflich Klicks, die Sie auf von Ihnen besuchten H\u00e4ndlerseiten t\u00e4tigen.<\/li>\n<li>Datums- und Zeitstempel im Zusammenhang mit solchen Browsing-, Such- und Klickvorg\u00e4ngen;<\/li>\n<li>Click-Stream-Daten, d. h. die seitenweisen Klicks, die Sie machen, w\u00e4hrend Sie durch unsere Dienste navigieren, einschlie\u00dflich der Webseite, die Sie besucht haben, bevor Sie auf unsere Website gelangten;<\/li>\n<li>Lokale Pr\u00e4ferenzen f\u00fcr Ihre Nutzung der Dienste. Sensorische Informationen, wie z. B. Audioaufzeichnungen Ihrer Stimme, wenn Sie unsere Mitgliederservice-Vertreter anrufen, soweit dies nach geltendem Recht zul\u00e4ssig ist;<\/li>\n<li>Anmeldeinformationen f\u00fcr das Mitgliedskonto, einschlie\u00dflich Benutzername und Passwort; Und<\/li>\n<li>R\u00fcckschl\u00fcsse auf Sie und Ihre wahrscheinlichen Vorlieben, Merkmale, Verhaltensweisen und Einstellungen aus allen Informationen, die wir \u00fcber Sie sammeln, mit Ausnahme \u201esensibler\u201c Informationen.<\/li>\n<\/ul>\n<p>In einigen Gerichtsbarkeiten k\u00f6nnen bestimmte Arten von Informationen, die wir sammeln, als \u201esensible\u201c personenbezogene Daten gelten, darunter:<\/p>\n<ul>\n<li>Demografische Informationen wie Ihr Geschlecht, Alter, Haushaltseinkommen oder Familienstand, nur in dem Umfang, in dem Sie uns diese Informationen als demografische Informationen in einer Umfrageantwort zur Verf\u00fcgung stellen, die f\u00fcr Sie identifizierbar ist<\/li>\n<li>Pr\u00e4zise Geolokalisierungsdaten, wenn Sie Ihr Ger\u00e4t so konfiguriert haben, dass es diese Informationen mit uns teilt.<\/li>\n<\/ul>\n<p>Bitte beachten Sie, dass wir diese sensiblen Informationen nur verwenden, um Ihnen die Dienste bereitzustellen, und dass wir diese sensiblen Informationen nicht sammeln, verwenden oder offenlegen, um R\u00fcckschl\u00fcsse auf Ihre pers\u00f6nlichen Merkmale zu ziehen. Wir \u201everkaufen\u201c oder \u201eteilen\u201c keine sensiblen personenbezogenen Daten und verwenden keine sensiblen Informationen f\u00fcr \u201egezielte Werbung\u201c, wie diese Begriffe in den Datenschutzgesetzen der US-Bundesstaaten definiert sind.<\/p>\n<p><strong>Verwendung der von uns erfassten Informationen<\/strong><\/p>\n<p>Wir verwenden die Informationen, die wir \u00fcber Sie sammeln, f\u00fcr die folgenden gesch\u00e4ftlichen und kommerziellen Zwecke:<\/p>\n<p><strong>Um unsere Dienste bereitzustellen und Ihr Konto zu verwalten, einschlie\u00dflich:<\/strong><\/p>\n<ul>\n<li>Verarbeiten Sie Ihre Registrierung bei unseren Diensten, einschlie\u00dflich der \u00dcberpr\u00fcfung, ob Ihre E-Mail-Adresse aktiv und g\u00fcltig ist, und der Anmeldung f\u00fcr unsere Programme.<\/li>\n<li>Verwalten Sie Ihre Konto- und Interaktionspr\u00e4ferenzen, einschlie\u00dflich der Verfolgung Ihrer bevorzugten Gesch\u00e4fte, H\u00e4ndler und bevorzugten Standorte sowie<\/li>\n<li>Ihres Transaktionsverlaufs.<\/li>\n<li>Senden Sie Ihnen technische Hinweise, Aktualisierungen, Sicherheitswarnungen und Verwaltungsnachrichten<\/li>\n<li>Bieten Sie Mitgliedern Dienstleistungen und Support bez\u00fcglich Ihres Kontos und beantworten Sie deren Fragen, Kommentare und W\u00fcnsche<\/li>\n<\/ul>\n<p><strong>Um unsere Dienstleistungen zu personalisieren und zu verbessern<\/strong><\/p>\n<p>Wir k\u00f6nnen die Informationen, die wir \u00fcber Sie sammeln, verwenden, um ein Profil Ihrer Pr\u00e4ferenzen zu erstellen und die Inhalte der Dienste so zu personalisieren und anzupassen, dass sie wahrscheinlicher f\u00fcr Sie von Interesse sind. Beispielsweise k\u00f6nnen wir Ihre am h\u00e4ufigsten besuchten Gesch\u00e4fte oder Ihren Einkaufsverlauf verwenden, um Angebote f\u00fcr \u00e4hnliche Gesch\u00e4fte in relevanten Teilen der Dienste anzuzeigen oder Sonderangebote zu pr\u00e4sentieren, die Sie in unseren Diensten, einschlie\u00dflich im Gesch\u00e4ft, interessieren k\u00f6nnten.<\/p>\n<p>Wir k\u00f6nnen die Informationen, die wir \u00fcber Sie sammeln, auch verwenden, um Nutzungstrends zu erkennen und statistische Analysen durchzuf\u00fchren, um unsere Dienste, Websites, Anwendungen, Marketingbem\u00fchungen und die Produkte und Dienste unserer Gesch\u00e4ftspartner, die wir empfehlen oder anbieten, zu verbessern, um eine zu bieten besseren Service f\u00fcr Sie in der Zukunft.<\/p>\n<p><strong>Um Ihnen Marketinginformationen zur Verf\u00fcgung zu stellen<\/strong><\/p>\n<p>Das Unternehmen kann die Informationen, die wir \u00fcber Sie sammeln, nutzen, um Ihnen personalisiertere Angebote, Sonderangebote, Rabatte und\/oder relevantere Angebote unserer teilnehmenden H\u00e4ndler per E-Mail und \u00fcber andere direkte Kommunikation sowie \u00fcber digitale Werbung zukommen zu lassen. Wir k\u00f6nnen Ihre Daten verwenden, um Ihnen direkt E-Mail-Newsletter, Pr\u00e4mienangebote, Rabatte, Aktionscodes, Veranstaltungen und allgemeine Informationen \u00fcber die Dienste zuzusenden.<\/p>\n<p><strong>Um Sie, andere und unser Unternehmen zu sch\u00fctzen<\/strong><\/p>\n<p>Wir k\u00f6nnen die gesammelten Informationen verwenden, um Risiken zu bewerten, Betrug, Spam und andere b\u00f6swillige Online-Aktivit\u00e4ten auf unseren Diensten zu untersuchen und einzuschr\u00e4nken und unsere Sicherheitsma\u00dfnahmen zu verbessern. Wir k\u00f6nnen die erhobenen Informationen auch zur Geltendmachung unserer Rechtsanspr\u00fcche oder zur Verteidigung unserer Rechtsanspr\u00fcche gegen\u00fcber Dritten verwenden.<\/p>\n<p><strong>Um die geltenden Gesetze einzuhalten<\/strong><\/p>\n<p>Wir k\u00f6nnen die Informationen, die wir \u00fcber Sie sammeln, verwenden, um die geltenden Gesetze, Regeln, Vorschriften und Beh\u00f6rden in jeder geografischen Region, in der wir t\u00e4tig sind, einzuhalten.<\/p>\n<p><strong>Ihre Datenschutzrechte<\/strong><\/p>\n<p>Vorbehaltlich bestimmter Ausnahmen haben Sie nach geltendem Recht bestimmte Rechte in Bezug auf Ihre personenbezogenen Daten.<\/p>\n<p><strong>Recht auf Wissen und Zugang<\/strong><\/p>\n<p>Sie haben das Recht, Zugang zu den personenbezogenen Daten \u00fcber Sie zu verlangen, die wir erfasst, verwendet, f\u00fcr gesch\u00e4ftliche Zwecke offengelegt und verkauft oder f\u00fcr kontext\u00fcbergreifende oder gezielte Werbung weitergegeben haben, einschlie\u00dflich der Zwecke, f\u00fcr die wir sie verwendet haben, und der Kategorien der Quellen woher wir Ihre Daten erhalten haben und an welche Kategorien von Dritten wir Ihre Daten weitergegeben haben. Sie haben au\u00dferdem das Recht, Zugang zu den spezifischen personenbezogenen Daten, die wir \u00fcber Sie erfasst haben, zu verlangen (eine Kopie davon zu erhalten). (Bitte beachten Sie, dass wir im Rahmen dieser Art von Anfragen keine sensiblen personenbezogenen Daten weitergeben, die wir m\u00f6glicherweise gespeichert haben.)<\/p>\n<p><strong>Recht, die L\u00f6schung zu verlangen<\/strong><\/p>\n<p>Vorbehaltlich bestimmter Ausnahmen haben Sie das Recht, die L\u00f6schung aller personenbezogenen Daten zu verlangen, die wir von Ihnen erfasst oder \u00fcber Sie gespeichert haben. Auf eine solche Anfrage hin werden wir Ihre personenbezogenen Daten l\u00f6schen, es sei denn, wir stellen fest, dass wir die Daten f\u00fcr einen Gesch\u00e4ftszweck ben\u00f6tigen und einen gesetzlichen Anspruch auf deren Aufbewahrung haben. In diesem Fall werden wir Sie \u00fcber diese gesetzliche Ausnahme informieren.<\/p>\n<p><strong>Recht auf Berichtigung<\/strong><\/p>\n<p>Vorbehaltlich bestimmter Ausnahmen haben Sie das Recht, vom Unternehmen die Berichtigung unrichtiger oder unvollst\u00e4ndiger personenbezogener Daten zu verlangen, die wir von Ihnen erfasst oder \u00fcber Sie gespeichert haben.<\/p>\n<p><strong>Recht auf Nichtdiskriminierung<\/strong><\/p>\n<p>Wir werden Sie bei der Aus\u00fcbung Ihrer Rechte nicht diskriminieren. Sofern das geltende Recht nichts anderes zul\u00e4sst, werden wir Folgendes nicht tun, wenn Sie Auskunft \u00fcber Ihre Daten, Zugriff, Berichtigung oder L\u00f6schung verlangen oder den Verkauf oder die \u00dcbertragung ablehnen:<\/p>\n<ul>\n<li>Ihnen Waren oder Dienstleistungen verweigern<\/li>\n<li>Ihnen unterschiedliche Preise oder Tarife f\u00fcr Waren oder Dienstleistungen in Rechnung zu stellen, unter anderem durch die Gew\u00e4hrung von Rabatten oder anderen Vorteilen oder die Verh\u00e4ngung von Strafen<\/li>\n<li>Bieten Sie Ihnen ein anderes Niveau oder eine andere Qualit\u00e4t von Waren oder Dienstleistungen an oder schlagen Sie vor, dass Sie m\u00f6glicherweise einen anderen Preis oder Tarif f\u00fcr Waren oder Dienstleistungen erhalten<\/li>\n<li>Ein anderes Niveau oder eine andere Qualit\u00e4t von Waren oder Dienstleistungen<\/li>\n<\/ul>\n<p><strong>Beschwerderecht<\/strong><\/p>\n<p>Abh\u00e4ngig von Ihrem Wohnsitzstaat haben Sie m\u00f6glicherweise das Recht, gegen unsere Entscheidung bez\u00fcglich Ihres Antrags auf Datenschutzrechte Berufung einzulegen. Sie k\u00f6nnen einen Widerspruchsantrag einreichen, indem Sie uns unter <a href=\"mailto:contact@slashmyprice.com\">contact@slashmyprice.com<\/a> kontaktieren. Wir reagieren in \u00dcbereinstimmung mit dem an Ihrem Standort geltenden Recht.<\/p>\n<p><strong>Agenten<\/strong><\/p>\n<p>Nur Sie oder jemand, der gesetzlich dazu befugt ist, in Ihrem Namen zu handeln, d\u00fcrfen eine \u00fcberpr\u00fcfbare Verbraucheranfrage in Bezug auf Ihre personenbezogenen Daten stellen. Wenn ein Agent in Ihrem Namen eine Anfrage stellt, k\u00f6nnen wir von Ihnen den Nachweis verlangen, dass Sie diesen Agenten autorisiert haben, in Ihrem Namen eine Anfrage zu stellen, und wir k\u00f6nnen von Ihnen verlangen, dass Sie unabh\u00e4ngig Ihre Identit\u00e4t \u00fcberpr\u00fcfen oder sich selbst bei Ihrem Konto anmelden, um den Zugriff zu erm\u00f6glichen Code.<\/p>\n<p><strong>Andere Informationen<\/strong><\/p>\n<p>Nach kalifornischem Recht k\u00f6nnen Einwohner Kaliforniens spezifische Einzelheiten dar\u00fcber anfordern, wie ihre Daten f\u00fcr Direktmarketingzwecke an Dritte weitergegeben werden d\u00fcrfen.<\/p>\n<p><strong>Informationen f\u00fcr Minderj\u00e4hrige<\/strong><\/p>\n<p>Diese Website und alle damit verbundenen Dienste richten sich an Erwachsene ab 18 Jahren. Wir sammeln, verkaufen oder geben personenbezogene Daten von Verbrauchern unter 16 Jahren nicht wissentlich ohne ausdr\u00fcckliche Genehmigung oder nachweisbare Zustimmung der Eltern an Personen unter 13 Jahren weiter Alter.<\/p>\n<p><strong>Informationssicherheit<\/strong><\/p>\n<p>Wir haben technische und organisatorische Ma\u00dfnahmen umgesetzt, um ein dem Risiko f\u00fcr die von uns verarbeiteten personenbezogenen Daten angemessenes Sicherheitsniveau zu gew\u00e4hrleisten. Ziel dieser Ma\u00dfnahmen ist die dauerhafte Wahrung der Integrit\u00e4t und der Schutz der Vertraulichkeit personenbezogener Daten. Wir evaluieren diese Ma\u00dfnahmen regelm\u00e4\u00dfig, um sicherzustellen, dass sie weiterhin ein angemessenes Sicherheitsniveau aufrechterhalten und anwenden<\/p>\n<p><strong>\u00c4nderungen dieser Datenschutzrichtlinie<\/strong><\/p>\n<p>Diese Datenschutzrichtlinie ist ab dem unten angegebenen Datum des Inkrafttretens aktuell. Wir behalten uns das Recht vor, diese Datenschutzrichtlinie von Zeit zu Zeit in \u00dcbereinstimmung mit den geltenden Datenschutzgesetzen und -grunds\u00e4tzen sowie unseren Praktiken zum Schutz personenbezogener Daten zu \u00e4ndern. Wenn wir \u00c4nderungen an dieser Datenschutzrichtlinie vornehmen, werden wir Sie benachrichtigen, indem wir das Datum dieser Datenschutzrichtlinie \u00e4ndern. Im Falle einer wesentlichen \u00c4nderung werden wir Sie zus\u00e4tzlich benachrichtigen (z. B. indem wir eine Erkl\u00e4rung auf den Homepages unserer Dienste hinzuf\u00fcgen oder Ihnen eine E-Mail-Benachrichtigung senden).<\/p>\n<p><strong>Kontaktiere uns<\/strong><\/p>\n<p>Wenn Sie Fragen zu dieser Datenschutzrichtlinie haben, k\u00f6nnen Sie uns gerne unter <a href=\"mailto:contact@slashmyprice.com\">contact@slashmyprice.com<\/a> kontaktieren<\/p>\n<\/div>\n<\/section>\n","protected":false},"excerpt":{"rendered":"<p>SlashMyPrice GDPR Policy Sammlung von Informationen: Wir erheben, verarbeiten und nutzen Informationen \u00fcber Sie, wenn Sie: Registrieren Sie sich f\u00fcr unsere Dienstleistungen. Interagieren Sie mit unseren Diensten. Stellen Sie \u00fcber Dritte eine Verbindung zu unseren Diensten her, einschlie\u00dflich Social-Media-Konten, E-Mail-Konten und Gesch\u00e4ftspartnern (beschrieben in Abschnitt 3 unten). Kontaktieren Sie uns f\u00fcr Unterst\u00fctzung. Wir erfassen bestimmte [&hellip;]<\/p>\n","protected":false},"author":3,"featured_media":0,"parent":0,"menu_order":2,"comment_status":"closed","ping_status":"closed","template":"","meta":{"_acf_changed":false,"footnotes":""},"class_list":["post-11529","page","type-page","status-publish","hentry"],"acf":[],"yoast_head":"<!-- This site is optimized with the Yoast SEO plugin v27.1.1 - https:\/\/yoast.com\/product\/yoast-seo-wordpress\/ -->\n<title>GDPR Policy - SlashMyPrice<\/title>\n<meta name=\"robots\" content=\"index, follow, max-snippet:-1, max-image-preview:large, max-video-preview:-1\" \/>\n<link rel=\"canonical\" href=\"https:\/\/slashmyprice.com\/de\/gdpr-policy\/\" \/>\n<meta property=\"og:locale\" content=\"en_US\" \/>\n<meta property=\"og:type\" content=\"article\" \/>\n<meta property=\"og:title\" content=\"GDPR Policy - SlashMyPrice\" \/>\n<meta property=\"og:description\" content=\"SlashMyPrice GDPR Policy Sammlung von Informationen: Wir erheben, verarbeiten und nutzen Informationen \u00fcber Sie, wenn Sie: Registrieren Sie sich f\u00fcr unsere Dienstleistungen. Interagieren Sie mit unseren Diensten. Stellen Sie \u00fcber Dritte eine Verbindung zu unseren Diensten her, einschlie\u00dflich Social-Media-Konten, E-Mail-Konten und Gesch\u00e4ftspartnern (beschrieben in Abschnitt 3 unten). Kontaktieren Sie uns f\u00fcr Unterst\u00fctzung. Wir erfassen bestimmte [&hellip;]\" \/>\n<meta property=\"og:url\" content=\"https:\/\/slashmyprice.com\/de\/gdpr-policy\/\" \/>\n<meta property=\"og:site_name\" content=\"SlashMyPrice\" \/>\n<meta name=\"twitter:card\" content=\"summary_large_image\" \/>\n<meta name=\"twitter:label1\" content=\"Est. reading time\" \/>\n\t<meta name=\"twitter:data1\" content=\"8 minutes\" \/>\n<script type=\"application\/ld+json\" class=\"yoast-schema-graph\">{\"@context\":\"https:\/\/schema.org\",\"@graph\":[{\"@type\":\"WebPage\",\"@id\":\"https:\/\/slashmyprice.com\/de\/gdpr-policy\/\",\"url\":\"https:\/\/slashmyprice.com\/de\/gdpr-policy\/\",\"name\":\"GDPR Policy - SlashMyPrice\",\"isPartOf\":{\"@id\":\"https:\/\/slashmyprice.com\/de\/#website\"},\"datePublished\":\"2024-04-23T11:43:05+00:00\",\"breadcrumb\":{\"@id\":\"https:\/\/slashmyprice.com\/de\/gdpr-policy\/#breadcrumb\"},\"inLanguage\":\"en-US\",\"potentialAction\":[{\"@type\":\"ReadAction\",\"target\":[\"https:\/\/slashmyprice.com\/de\/gdpr-policy\/\"]}]},{\"@type\":\"BreadcrumbList\",\"@id\":\"https:\/\/slashmyprice.com\/de\/gdpr-policy\/#breadcrumb\",\"itemListElement\":[{\"@type\":\"ListItem\",\"position\":1,\"name\":\"Home\",\"item\":\"https:\/\/slashmyprice.com\/de\/\"},{\"@type\":\"ListItem\",\"position\":2,\"name\":\"GDPR Policy\"}]},{\"@type\":\"WebSite\",\"@id\":\"https:\/\/slashmyprice.com\/de\/#website\",\"url\":\"https:\/\/slashmyprice.com\/de\/\",\"name\":\"SlashMyPrice\",\"description\":\"SlashMyPrice\",\"potentialAction\":[{\"@type\":\"SearchAction\",\"target\":{\"@type\":\"EntryPoint\",\"urlTemplate\":\"https:\/\/slashmyprice.com\/de\/?s={search_term_string}\"},\"query-input\":{\"@type\":\"PropertyValueSpecification\",\"valueRequired\":true,\"valueName\":\"search_term_string\"}}],\"inLanguage\":\"en-US\"}]}<\/script>\n<!-- \/ Yoast SEO plugin. -->","yoast_head_json":{"title":"GDPR Policy - SlashMyPrice","robots":{"index":"index","follow":"follow","max-snippet":"max-snippet:-1","max-image-preview":"max-image-preview:large","max-video-preview":"max-video-preview:-1"},"canonical":"https:\/\/slashmyprice.com\/de\/gdpr-policy\/","og_locale":"en_US","og_type":"article","og_title":"GDPR Policy - SlashMyPrice","og_description":"SlashMyPrice GDPR Policy Sammlung von Informationen: Wir erheben, verarbeiten und nutzen Informationen \u00fcber Sie, wenn Sie: Registrieren Sie sich f\u00fcr unsere Dienstleistungen. Interagieren Sie mit unseren Diensten. Stellen Sie \u00fcber Dritte eine Verbindung zu unseren Diensten her, einschlie\u00dflich Social-Media-Konten, E-Mail-Konten und Gesch\u00e4ftspartnern (beschrieben in Abschnitt 3 unten). Kontaktieren Sie uns f\u00fcr Unterst\u00fctzung. Wir erfassen bestimmte [&hellip;]","og_url":"https:\/\/slashmyprice.com\/de\/gdpr-policy\/","og_site_name":"SlashMyPrice","twitter_card":"summary_large_image","twitter_misc":{"Est. reading time":"8 minutes"},"schema":{"@context":"https:\/\/schema.org","@graph":[{"@type":"WebPage","@id":"https:\/\/slashmyprice.com\/de\/gdpr-policy\/","url":"https:\/\/slashmyprice.com\/de\/gdpr-policy\/","name":"GDPR Policy - SlashMyPrice","isPartOf":{"@id":"https:\/\/slashmyprice.com\/de\/#website"},"datePublished":"2024-04-23T11:43:05+00:00","breadcrumb":{"@id":"https:\/\/slashmyprice.com\/de\/gdpr-policy\/#breadcrumb"},"inLanguage":"en-US","potentialAction":[{"@type":"ReadAction","target":["https:\/\/slashmyprice.com\/de\/gdpr-policy\/"]}]},{"@type":"BreadcrumbList","@id":"https:\/\/slashmyprice.com\/de\/gdpr-policy\/#breadcrumb","itemListElement":[{"@type":"ListItem","position":1,"name":"Home","item":"https:\/\/slashmyprice.com\/de\/"},{"@type":"ListItem","position":2,"name":"GDPR Policy"}]},{"@type":"WebSite","@id":"https:\/\/slashmyprice.com\/de\/#website","url":"https:\/\/slashmyprice.com\/de\/","name":"SlashMyPrice","description":"SlashMyPrice","potentialAction":[{"@type":"SearchAction","target":{"@type":"EntryPoint","urlTemplate":"https:\/\/slashmyprice.com\/de\/?s={search_term_string}"},"query-input":{"@type":"PropertyValueSpecification","valueRequired":true,"valueName":"search_term_string"}}],"inLanguage":"en-US"}]}},"_links":{"self":[{"href":"https:\/\/slashmyprice.com\/de\/wp-json\/wp\/v2\/pages\/11529","targetHints":{"allow":["GET"]}}],"collection":[{"href":"https:\/\/slashmyprice.com\/de\/wp-json\/wp\/v2\/pages"}],"about":[{"href":"https:\/\/slashmyprice.com\/de\/wp-json\/wp\/v2\/types\/page"}],"author":[{"embeddable":true,"href":"https:\/\/slashmyprice.com\/de\/wp-json\/wp\/v2\/users\/3"}],"replies":[{"embeddable":true,"href":"https:\/\/slashmyprice.com\/de\/wp-json\/wp\/v2\/comments?post=11529"}],"version-history":[{"count":1,"href":"https:\/\/slashmyprice.com\/de\/wp-json\/wp\/v2\/pages\/11529\/revisions"}],"predecessor-version":[{"id":11530,"href":"https:\/\/slashmyprice.com\/de\/wp-json\/wp\/v2\/pages\/11529\/revisions\/11530"}],"wp:attachment":[{"href":"https:\/\/slashmyprice.com\/de\/wp-json\/wp\/v2\/media?parent=11529"}],"curies":[{"name":"wp","href":"https:\/\/api.w.org\/{rel}","templated":true}]}}